{"id":693241,"date":"2025-08-27T14:13:20","date_gmt":"2025-08-27T11:13:20","guid":{"rendered":"https:\/\/roveyayinevi.com.tr\/index.php\/urun\/david-copperfield-4\/"},"modified":"2026-04-16T02:03:05","modified_gmt":"2026-04-15T23:03:05","slug":"david-copperfield-4","status":"publish","type":"product","link":"https:\/\/roveyayinevi.com.tr\/index.php\/urun\/david-copperfield-4\/","title":{"rendered":"David Copperfield"},"content":{"rendered":"<p>Her biri okudu\u011fum en g\u00fczel kitap dedirtecek g\u00fczellikte klasikler&#8230; 9-14 ya\u015f grubu i\u00e7in \u00f6zel olarak haz\u0131rlanan ve \u00f6zenli bask\u0131lar\u0131 ile benzerlerinden farkl\u0131 olan bu klasikler hem okuma al\u0131\u015fkanl\u0131\u011f\u0131n\u0131n yerle\u015fmesi, hem de hayal d\u00fcnyas\u0131n\u0131n geli\u015fmesi i\u00e7in \u00e7ok \u00f6nemli&#8230;<\/p>\n","protected":false},"excerpt":{"rendered":"<p>Her biri okudu\u011fum en g\u00fczel kitap dedirtecek g\u00fczellikte klasikler&#8230; 9-14 ya\u015f grubu i\u00e7in \u00f6zel olarak haz\u0131rlanan ve \u00f6zenli bask\u0131lar\u0131 ile benzerlerinden farkl\u0131 olan bu klasikler hem<span class=\"excerpt-hellip\"> [\u2026]<\/span><\/p>\n","protected":false},"featured_media":0,"template":"","meta":{"_monsterinsights_skip_tracking":false,"_monsterinsights_sitenote_active":false,"_monsterinsights_sitenote_note":"","_monsterinsights_sitenote_category":0},"product_brand":[],"product_cat":[12274,12284],"product_tag":[],"class_list":{"0":"post-693241","1":"product","2":"type-product","3":"status-publish","5":"product_cat-cocuk-ve-genclik-kitaplari","6":"product_cat-hikayeler","7":"pa_cilt-ciltsiz","8":"pa_tur-kitap","9":"pa_yayinevi-timas-cocuk","10":"pa_yazar-charles-dickens","12":"first","13":"instock","14":"sale","15":"shipping-taxable","16":"purchasable","17":"product-type-simple"},"_links":{"self":[{"href":"https:\/\/roveyayinevi.com.tr\/index.php\/wp-json\/wp\/v2\/product\/693241","targetHints":{"allow":["GET"]}}],"collection":[{"href":"https:\/\/roveyayinevi.com.tr\/index.php\/wp-json\/wp\/v2\/product"}],"about":[{"href":"https:\/\/roveyayinevi.com.tr\/index.php\/wp-json\/wp\/v2\/types\/product"}],"wp:attachment":[{"href":"https:\/\/roveyayinevi.com.tr\/index.php\/wp-json\/wp\/v2\/media?parent=693241"}],"wp:term":[{"taxonomy":"product_brand","embeddable":true,"href":"https:\/\/roveyayinevi.com.tr\/index.php\/wp-json\/wp\/v2\/product_brand?post=693241"},{"taxonomy":"product_cat","embeddable":true,"href":"https:\/\/roveyayinevi.com.tr\/index.php\/wp-json\/wp\/v2\/product_cat?post=693241"},{"taxonomy":"product_tag","embeddable":true,"href":"https:\/\/roveyayinevi.com.tr\/index.php\/wp-json\/wp\/v2\/product_tag?post=693241"}],"curies":[{"name":"wp","href":"https:\/\/api.w.org\/{rel}","templated":true}]}}