{"id":693239,"date":"2025-08-27T14:13:20","date_gmt":"2025-08-27T11:13:20","guid":{"rendered":"https:\/\/roveyayinevi.com.tr\/index.php\/urun\/kaderin-cocuklari\/"},"modified":"2026-04-16T02:03:05","modified_gmt":"2026-04-15T23:03:05","slug":"kaderin-cocuklari","status":"publish","type":"product","link":"https:\/\/roveyayinevi.com.tr\/index.php\/urun\/kaderin-cocuklari\/","title":{"rendered":"Kaderin \u00c7ocuklar\u0131"},"content":{"rendered":"<p>Vampirler diyar\u0131ndaki nefes kesici macerada son perde&#8230; Korku edebiyat\u0131n\u0131n b\u00fcy\u00fck ustas\u0131 Darren Shan\u2019\u0131n  Saga  olarak adland\u0131rd\u0131\u011f\u0131 on iki kitapl\u0131k vampir serisinin sab\u0131rs\u0131zl\u0131kla beklenen son kitab\u0131 Kaderin \u00c7ocuklar\u0131 ile Darren Shan efsanesi art\u0131k \u00f6l\u00fcms\u00fczle\u015fiyor. T\u00fcm d\u00fcnyada milyonlarca hayran\u0131 bulunan, onlarca farkl\u0131 dile \u00e7evrilen ve 2009 y\u0131l\u0131nda beyazperdeye uyarlanarak t\u00fcm dikkatleri \u00fczerine \u00e7eken Ucubeler Sirki\u2019nin son halkas\u0131 ile seri tamamlan\u0131yor. Darren Shan s\u0131radan bir \u00f6\u011frenciydi; ta ki yak\u0131n arkada\u015f\u0131 Steve\u2019le birlikte Ucubeler Sirki\u2019ne gidip orada bir vampirle kar\u015f\u0131la\u015fana kadar&#8230; Hayatlar\u0131 sonsuza dek de\u011fi\u015fecekti \u00e7\u00fcnk\u00fc ayn\u0131 gece Darren,  karanl\u0131\u011f\u0131n \u00e7ocu\u011fu  olarak yeniden do\u011fmu\u015ftu&#8230; Serinin ilk alt\u0131 kitab\u0131, Darren\u2019\u0131n Vampir Prensi\u2019ne d\u00f6n\u00fc\u015fmeden \u00f6nceki hayat\u0131ndan kesitler sunarken, dizinin di\u011fer kitaplar\u0131 ise bir prens olan Darren\u2019\u0131n hayatla ve Vampanez Lordu\u2019yla olan amans\u0131z m\u00fccadelesini anlat\u0131yor. Serinin son kitab\u0131nda heyecan\u0131n dozu doruk noktas\u0131na ula\u015f\u0131yor. Darren yine iki arada: Kaybederse \u00f6l\u00fcm, kazan\u0131rsa lanet pe\u015fini b\u0131rakmayacak. Ezeli d\u00fc\u015fman\u0131 Steve Leopard ile y\u00fczle\u015fme zaman\u0131 gelip \u00e7att\u0131: \u0130kisinden biri \u00f6lecek. Hayatta kalansa G\u00f6lgelerin H\u00fck\u00fcmadar\u0131\u2019na d\u00f6n\u00fc\u015ferek D\u00fcnya\u2019y\u0131 mahvedecek. Darren\u2019\u0131n kaderi yaz\u0131ld\u0131 m\u0131? Yoksa Darren kaderini kendi \u00e7izebilecek mi?.. Nefes kesici bir maceraya haz\u0131r olun! Vampir Prensi Darren Shan\u2019\u0131n deh\u015fet dolu bir d\u00fcnyada \u00f6l\u00fcmle <\/p>\n","protected":false},"excerpt":{"rendered":"<p>Vampirler diyar\u0131ndaki nefes kesici macerada son perde&#8230; Korku edebiyat\u0131n\u0131n b\u00fcy\u00fck ustas\u0131 Darren Shan\u2019\u0131n Saga olarak adland\u0131rd\u0131\u011f\u0131 on iki kitapl\u0131k vampir serisinin sab\u0131rs\u0131zl\u0131kla beklenen son kitab\u0131 Kaderin<span class=\"excerpt-hellip\"> [\u2026]<\/span><\/p>\n","protected":false},"featured_media":0,"template":"","meta":{"_monsterinsights_skip_tracking":false,"_monsterinsights_sitenote_active":false,"_monsterinsights_sitenote_note":"","_monsterinsights_sitenote_category":0},"product_brand":[],"product_cat":[12291,12711],"product_tag":[],"class_list":{"0":"post-693239","1":"product","2":"type-product","3":"status-publish","5":"product_cat-edebiyat","6":"product_cat-roman-oyku","7":"pa_tur-kitap","8":"pa_yayinevi-tudem-yayinlari","9":"pa_yazar-darren-shan","11":"first","12":"instock","13":"sale","14":"shipping-taxable","15":"purchasable","16":"product-type-simple"},"_links":{"self":[{"href":"https:\/\/roveyayinevi.com.tr\/index.php\/wp-json\/wp\/v2\/product\/693239","targetHints":{"allow":["GET"]}}],"collection":[{"href":"https:\/\/roveyayinevi.com.tr\/index.php\/wp-json\/wp\/v2\/product"}],"about":[{"href":"https:\/\/roveyayinevi.com.tr\/index.php\/wp-json\/wp\/v2\/types\/product"}],"wp:attachment":[{"href":"https:\/\/roveyayinevi.com.tr\/index.php\/wp-json\/wp\/v2\/media?parent=693239"}],"wp:term":[{"taxonomy":"product_brand","embeddable":true,"href":"https:\/\/roveyayinevi.com.tr\/index.php\/wp-json\/wp\/v2\/product_brand?post=693239"},{"taxonomy":"product_cat","embeddable":true,"href":"https:\/\/roveyayinevi.com.tr\/index.php\/wp-json\/wp\/v2\/product_cat?post=693239"},{"taxonomy":"product_tag","embeddable":true,"href":"https:\/\/roveyayinevi.com.tr\/index.php\/wp-json\/wp\/v2\/product_tag?post=693239"}],"curies":[{"name":"wp","href":"https:\/\/api.w.org\/{rel}","templated":true}]}}