{"id":693235,"date":"2025-08-27T14:12:09","date_gmt":"2025-08-27T11:12:09","guid":{"rendered":"https:\/\/roveyayinevi.com.tr\/index.php\/urun\/cekmece-cekcek\/"},"modified":"2026-04-16T02:03:05","modified_gmt":"2026-04-15T23:03:05","slug":"cekmece-cekcek","status":"publish","type":"product","link":"https:\/\/roveyayinevi.com.tr\/index.php\/urun\/cekmece-cekcek\/","title":{"rendered":"\u00c7ekmece \u00c7ek\u00e7ek"},"content":{"rendered":"<p>\u00c7ek\u00e7ek kendisini \u00e7ok yaln\u0131z hisseden bir \u00e7ekmece&#8230; \u00c7\u00fcnk\u00fc Ya\u011fmur \u00e7ekmecesinde ne varsa hepsini odas\u0131n\u0131n bir yerlerine at\u0131yor. Bir de \u00fcst\u00fcne \u00fcstl\u00fck onu hep a\u00e7\u0131k b\u0131rak\u0131yor. \u00c7ek\u00e7ek bu duruma \u00e7ok \u00fcz\u00fcl\u00fcyor ama derdini Ya\u011fmur&#8217;a bir t\u00fcrl\u00fc anlatam\u0131yor. Bir g\u00fcn onun a\u00e7\u0131k oldu\u011funu g\u00f6ren \u00e7ekirge Gelge\u00e7, fare Finfin ve \u00f6r\u00fcmcek Topidik \u00e7ekmeceye yerle\u015fiyor! Bakal\u0131m Ya\u011fmur bu durumda ne yapacak ve \u00e7ekmece \u00c7ek\u00e7ek mutlu olabilecek mi? \ufffcTan\u0131t\u0131m Metni<\/p>\n","protected":false},"excerpt":{"rendered":"<p>\u00c7ek\u00e7ek kendisini \u00e7ok yaln\u0131z hisseden bir \u00e7ekmece&#8230; \u00c7\u00fcnk\u00fc Ya\u011fmur \u00e7ekmecesinde ne varsa hepsini odas\u0131n\u0131n bir yerlerine at\u0131yor. Bir de \u00fcst\u00fcne \u00fcstl\u00fck onu hep a\u00e7\u0131k b\u0131rak\u0131yor. \u00c7ek\u00e7ek<span class=\"excerpt-hellip\"> [\u2026]<\/span><\/p>\n","protected":false},"featured_media":0,"template":"","meta":{"_monsterinsights_skip_tracking":false,"_monsterinsights_sitenote_active":false,"_monsterinsights_sitenote_note":"","_monsterinsights_sitenote_category":0},"product_brand":[],"product_cat":[12913,12274],"product_tag":[],"class_list":{"0":"post-693235","1":"product","2":"type-product","3":"status-publish","5":"product_cat-3-6-yas-kitaplari","6":"product_cat-cocuk-ve-genclik-kitaplari","7":"pa_tur-kitap","8":"pa_yayinevi-timas-cocuk","9":"pa_yazar-sokuh-gasemnia","11":"first","12":"instock","13":"sale","14":"shipping-taxable","15":"purchasable","16":"product-type-simple"},"_links":{"self":[{"href":"https:\/\/roveyayinevi.com.tr\/index.php\/wp-json\/wp\/v2\/product\/693235","targetHints":{"allow":["GET"]}}],"collection":[{"href":"https:\/\/roveyayinevi.com.tr\/index.php\/wp-json\/wp\/v2\/product"}],"about":[{"href":"https:\/\/roveyayinevi.com.tr\/index.php\/wp-json\/wp\/v2\/types\/product"}],"wp:attachment":[{"href":"https:\/\/roveyayinevi.com.tr\/index.php\/wp-json\/wp\/v2\/media?parent=693235"}],"wp:term":[{"taxonomy":"product_brand","embeddable":true,"href":"https:\/\/roveyayinevi.com.tr\/index.php\/wp-json\/wp\/v2\/product_brand?post=693235"},{"taxonomy":"product_cat","embeddable":true,"href":"https:\/\/roveyayinevi.com.tr\/index.php\/wp-json\/wp\/v2\/product_cat?post=693235"},{"taxonomy":"product_tag","embeddable":true,"href":"https:\/\/roveyayinevi.com.tr\/index.php\/wp-json\/wp\/v2\/product_tag?post=693235"}],"curies":[{"name":"wp","href":"https:\/\/api.w.org\/{rel}","templated":true}]}}