{"id":693232,"date":"2025-08-27T14:12:09","date_gmt":"2025-08-27T11:12:09","guid":{"rendered":"https:\/\/roveyayinevi.com.tr\/index.php\/urun\/aydin-binbasi-emire-ayse\/"},"modified":"2026-04-16T02:03:05","modified_gmt":"2026-04-15T23:03:05","slug":"aydin-binbasi-emire-ayse","status":"publish","type":"product","link":"https:\/\/roveyayinevi.com.tr\/index.php\/urun\/aydin-binbasi-emire-ayse\/","title":{"rendered":"Ayd\u0131n &#8211; Binba\u015f\u0131 Emire Ay\u015fe"},"content":{"rendered":"<p>Emire Ay\u015fe sabahleyin erkenden kalkt\u0131. Hemn sofray\u0131 haz\u0131rlad\u0131. Ya\u015fl\u0131 babas\u0131na ve \u00e7ocuklar\u0131na seslendi: Haydi \u00e7abuk olun! Ben \u00e7apaya gidece\u011fim, dedi. G\u00fcn do\u011fmadan tarlada olmal\u0131y\u0131m. \ufffcTan\u0131t\u0131m Metni<\/p>\n","protected":false},"excerpt":{"rendered":"<p>Emire Ay\u015fe sabahleyin erkenden kalkt\u0131. Hemn sofray\u0131 haz\u0131rlad\u0131. Ya\u015fl\u0131 babas\u0131na ve \u00e7ocuklar\u0131na seslendi: Haydi \u00e7abuk olun! Ben \u00e7apaya gidece\u011fim, dedi. G\u00fcn do\u011fmadan tarlada olmal\u0131y\u0131m. \ufffcTan\u0131t\u0131m Metni<\/p>\n","protected":false},"featured_media":0,"template":"","meta":{"_monsterinsights_skip_tracking":false,"_monsterinsights_sitenote_active":false,"_monsterinsights_sitenote_note":"","_monsterinsights_sitenote_category":0},"product_brand":[],"product_cat":[12275,12274],"product_tag":[],"class_list":{"0":"post-693232","1":"product","2":"type-product","3":"status-publish","5":"product_cat-6-12-yas-kitaplari","6":"product_cat-cocuk-ve-genclik-kitaplari","7":"pa_cilt-ciltsiz","8":"pa_tur-kitap","9":"pa_yayinevi-timas-cocuk","10":"pa_yazar-ismail-bilgin","12":"first","13":"instock","14":"sale","15":"shipping-taxable","16":"purchasable","17":"product-type-simple"},"_links":{"self":[{"href":"https:\/\/roveyayinevi.com.tr\/index.php\/wp-json\/wp\/v2\/product\/693232","targetHints":{"allow":["GET"]}}],"collection":[{"href":"https:\/\/roveyayinevi.com.tr\/index.php\/wp-json\/wp\/v2\/product"}],"about":[{"href":"https:\/\/roveyayinevi.com.tr\/index.php\/wp-json\/wp\/v2\/types\/product"}],"wp:attachment":[{"href":"https:\/\/roveyayinevi.com.tr\/index.php\/wp-json\/wp\/v2\/media?parent=693232"}],"wp:term":[{"taxonomy":"product_brand","embeddable":true,"href":"https:\/\/roveyayinevi.com.tr\/index.php\/wp-json\/wp\/v2\/product_brand?post=693232"},{"taxonomy":"product_cat","embeddable":true,"href":"https:\/\/roveyayinevi.com.tr\/index.php\/wp-json\/wp\/v2\/product_cat?post=693232"},{"taxonomy":"product_tag","embeddable":true,"href":"https:\/\/roveyayinevi.com.tr\/index.php\/wp-json\/wp\/v2\/product_tag?post=693232"}],"curies":[{"name":"wp","href":"https:\/\/api.w.org\/{rel}","templated":true}]}}