{"id":693226,"date":"2025-08-27T14:12:07","date_gmt":"2025-08-27T11:12:07","guid":{"rendered":"https:\/\/roveyayinevi.com.tr\/index.php\/urun\/ipsiz-recep\/"},"modified":"2026-04-16T02:03:05","modified_gmt":"2026-04-15T23:03:05","slug":"ipsiz-recep","status":"publish","type":"product","link":"https:\/\/roveyayinevi.com.tr\/index.php\/urun\/ipsiz-recep\/","title":{"rendered":"\u0130psiz Recep"},"content":{"rendered":"<p>Yazar, dokuz ya\u015f \u00fcst\u00fc i\u00e7in kaleme ald\u0131\u011f\u0131 Kurtulu\u015fun Kahramanlar\u0131 dizisinde, gen\u00e7 okurlar\u0131 Kurtulu\u015f Sava\u015f\u0131 s\u0131ras\u0131nda i\u015fgallere kar\u015f\u0131 memleketlerini canla ba\u015fla savunan ger\u00e7ek kahramanlarla tan\u0131\u015ft\u0131r\u0131yor. \ufffcTan\u0131t\u0131m Metni<\/p>\n","protected":false},"excerpt":{"rendered":"<p>Yazar, dokuz ya\u015f \u00fcst\u00fc i\u00e7in kaleme ald\u0131\u011f\u0131 Kurtulu\u015fun Kahramanlar\u0131 dizisinde, gen\u00e7 okurlar\u0131 Kurtulu\u015f Sava\u015f\u0131 s\u0131ras\u0131nda i\u015fgallere kar\u015f\u0131 memleketlerini canla ba\u015fla savunan ger\u00e7ek kahramanlarla tan\u0131\u015ft\u0131r\u0131yor. \ufffcTan\u0131t\u0131m Metni<\/p>\n","protected":false},"featured_media":0,"template":"","meta":{"_monsterinsights_skip_tracking":false,"_monsterinsights_sitenote_active":false,"_monsterinsights_sitenote_note":"","_monsterinsights_sitenote_category":0},"product_brand":[],"product_cat":[12275,12274],"product_tag":[],"class_list":{"0":"post-693226","1":"product","2":"type-product","3":"status-publish","5":"product_cat-6-12-yas-kitaplari","6":"product_cat-cocuk-ve-genclik-kitaplari","7":"pa_cilt-ciltsiz","8":"pa_tur-kitap","9":"pa_yayinevi-timas-cocuk","10":"pa_yazar-ismail-bilgin","12":"first","13":"instock","14":"sale","15":"shipping-taxable","16":"purchasable","17":"product-type-simple"},"_links":{"self":[{"href":"https:\/\/roveyayinevi.com.tr\/index.php\/wp-json\/wp\/v2\/product\/693226","targetHints":{"allow":["GET"]}}],"collection":[{"href":"https:\/\/roveyayinevi.com.tr\/index.php\/wp-json\/wp\/v2\/product"}],"about":[{"href":"https:\/\/roveyayinevi.com.tr\/index.php\/wp-json\/wp\/v2\/types\/product"}],"wp:attachment":[{"href":"https:\/\/roveyayinevi.com.tr\/index.php\/wp-json\/wp\/v2\/media?parent=693226"}],"wp:term":[{"taxonomy":"product_brand","embeddable":true,"href":"https:\/\/roveyayinevi.com.tr\/index.php\/wp-json\/wp\/v2\/product_brand?post=693226"},{"taxonomy":"product_cat","embeddable":true,"href":"https:\/\/roveyayinevi.com.tr\/index.php\/wp-json\/wp\/v2\/product_cat?post=693226"},{"taxonomy":"product_tag","embeddable":true,"href":"https:\/\/roveyayinevi.com.tr\/index.php\/wp-json\/wp\/v2\/product_tag?post=693226"}],"curies":[{"name":"wp","href":"https:\/\/api.w.org\/{rel}","templated":true}]}}