{"id":693182,"date":"2025-08-27T14:11:57","date_gmt":"2025-08-27T11:11:57","guid":{"rendered":"https:\/\/roveyayinevi.com.tr\/index.php\/urun\/vampirler-dagi\/"},"modified":"2026-04-16T02:03:04","modified_gmt":"2026-04-15T23:03:04","slug":"vampirler-dagi","status":"publish","type":"product","link":"https:\/\/roveyayinevi.com.tr\/index.php\/urun\/vampirler-dagi\/","title":{"rendered":"Vampirler Da\u011f\u0131"},"content":{"rendered":"<p>Darren Shan ve Bay Crepsley, vampirler d\u00fcnyas\u0131n\u0131n kalbine do\u011fru tehlikeli bir yolculu\u011fa \u00e7\u0131k\u0131yorlar. Fakat Vampirler Da\u011f\u0131\u2019nda onlar\u0131 so\u011fuktan daha fazlas\u0131 bekliyor; vampanzeler oraya daha \u00f6nce varm\u0131\u015flar&#8230; Vampir Prenslerinin huzuruna \u00e7\u0131kan Darren yeniden insan m\u0131 olacak, yoksa rotas\u0131n\u0131 tamamen karanl\u0131\u011fa do\u011fru mu \u00e7evirecek? Kesin olan tek \u015fey var: Darren\u2019\u0131n vampir kabilesine kabul\u00fc, akl\u0131n\u0131n ucundan ge\u00e7meyecek kadar \u00f6l\u00fcmc\u00fcl olacak. Serinin d\u00f6rd\u00fcnc\u00fc kitab\u0131nda Darren ve Bay Crepsley kan emicilerin imparatorlu\u011funa do\u011fru bir yolculu\u011fa \u00e7\u0131k\u0131yor. Yolculu\u011fun sonunda ise Darren\u2019I zor bir se\u00e7im bekliyor.. -Publishers Weekly- Vampirin geveze asistan\u0131 Darren Shan ve ustas\u0131 yine tehlikeli ve cesaret gerektiren bir macerada. -School Library Journal- Tam di\u015finize g\u00f6re! -Funday Times- <\/p>\n","protected":false},"excerpt":{"rendered":"<p>Darren Shan ve Bay Crepsley, vampirler d\u00fcnyas\u0131n\u0131n kalbine do\u011fru tehlikeli bir yolculu\u011fa \u00e7\u0131k\u0131yorlar. Fakat Vampirler Da\u011f\u0131\u2019nda onlar\u0131 so\u011fuktan daha fazlas\u0131 bekliyor; vampanzeler oraya daha \u00f6nce varm\u0131\u015flar&#8230;<span class=\"excerpt-hellip\"> [\u2026]<\/span><\/p>\n","protected":false},"featured_media":0,"template":"","meta":{"_monsterinsights_skip_tracking":false,"_monsterinsights_sitenote_active":false,"_monsterinsights_sitenote_note":"","_monsterinsights_sitenote_category":0},"product_brand":[],"product_cat":[12803,12291],"product_tag":[],"class_list":{"0":"post-693182","1":"product","2":"type-product","3":"status-publish","5":"product_cat-aksiyon-macera","6":"product_cat-edebiyat","7":"pa_tur-kitap","8":"pa_yayinevi-tudem-yayinlari","9":"pa_yazar-darren-shan","11":"first","12":"instock","13":"sale","14":"shipping-taxable","15":"purchasable","16":"product-type-simple"},"_links":{"self":[{"href":"https:\/\/roveyayinevi.com.tr\/index.php\/wp-json\/wp\/v2\/product\/693182","targetHints":{"allow":["GET"]}}],"collection":[{"href":"https:\/\/roveyayinevi.com.tr\/index.php\/wp-json\/wp\/v2\/product"}],"about":[{"href":"https:\/\/roveyayinevi.com.tr\/index.php\/wp-json\/wp\/v2\/types\/product"}],"wp:attachment":[{"href":"https:\/\/roveyayinevi.com.tr\/index.php\/wp-json\/wp\/v2\/media?parent=693182"}],"wp:term":[{"taxonomy":"product_brand","embeddable":true,"href":"https:\/\/roveyayinevi.com.tr\/index.php\/wp-json\/wp\/v2\/product_brand?post=693182"},{"taxonomy":"product_cat","embeddable":true,"href":"https:\/\/roveyayinevi.com.tr\/index.php\/wp-json\/wp\/v2\/product_cat?post=693182"},{"taxonomy":"product_tag","embeddable":true,"href":"https:\/\/roveyayinevi.com.tr\/index.php\/wp-json\/wp\/v2\/product_tag?post=693182"}],"curies":[{"name":"wp","href":"https:\/\/api.w.org\/{rel}","templated":true}]}}