{"id":693172,"date":"2025-08-27T14:11:55","date_gmt":"2025-08-27T11:11:55","guid":{"rendered":"https:\/\/roveyayinevi.com.tr\/index.php\/urun\/hayaletin-sirri\/"},"modified":"2026-04-16T02:03:04","modified_gmt":"2026-04-15T23:03:04","slug":"hayaletin-sirri","status":"publish","type":"product","link":"https:\/\/roveyayinevi.com.tr\/index.php\/urun\/hayaletin-sirri\/","title":{"rendered":"Hayaletin S\u0131rr\u0131"},"content":{"rendered":"<p>Wardstone G\u00fcnl\u00fckleri 3 Hayaletler, cad\u0131lar, hortlaklar, \u015feytani yarat\u0131klar, karanl\u0131k ve deh\u015fet. \u2018Hayaletin S\u0131rr\u0131\u2019 okuyucular\u0131n\u0131n t\u00fcylerini diken diken etmeye haz\u0131rlan\u0131yor!.. Havan\u0131n gitgide so\u011fudu\u011fu ve karanl\u0131\u011f\u0131n \u00e7\u00f6kt\u00fc\u011f\u00fc bir anda Hayalet istenmeyen bir ziyaret\u00e7i ile kar\u015f\u0131la\u015f\u0131r. Tom ise bu yabanc\u0131n\u0131n varl\u0131\u011f\u0131n\u0131n ustas\u0131n\u0131 neden bu kadar endi\u015felendirdi\u011fine bir anlam verememektedir. Hayaletin ge\u00e7mi\u015fi onu yakal\u0131yor olabilir mi? Ustas\u0131n\u0131n t\u00fcm d\u00fcnyadan saklamaya \u00e7al\u0131\u015ft\u0131\u011f\u0131 s\u0131rlar sonunda ortaya \u00e7\u0131k\u0131nca Tom\u2019un ba\u015f\u0131 ne t\u00fcr bir belada olacak? Bu y\u0131l, t\u00fcm d\u00fcnyada milyonlarca gen\u00e7 hayran\u0131 bulunan serinin yedinci kitab\u0131n\u0131n yay\u0131mlanmas\u0131 \u015ferefine, \u00f6zel bir yar\u0131\u015fma d\u00fczenlenmi\u015f ve yedi Wardstone hayran\u0131 belirlenerek Hayalet\u2019in yedi yeni \u00e7\u0131ra\u011f\u0131n\u0131n se\u00e7ilmesine karar verilmi\u015f. Dikkat: Karanl\u0131k Bast\u0131ktan Sonra Okunmamal\u0131! Korku dolu dakikalar&#8230; \u0130ngiliz yazar Joseph Delaney\u2019in, yedi kitapl\u0131k Wardstone G\u00fcnl\u00fckleri Serisi\u2019nin bu \u00fc\u00e7\u00fcnc\u00fc kitab\u0131nda geceler uzuyor, Tom ve ustas\u0131 i\u00e7in Anglezarke\u2019ta bulunan \u2018k\u0131\u015f evi\u2019ne ta\u015f\u0131nma zaman\u0131 geliyor&#8230; Tom, bu evin korkutucu ve tehlikelerle dolu oldu\u011funu duymu\u015f olsa da hi\u00e7bir \u015fey onun buna tam olarak haz\u0131r olmas\u0131n\u0131 sa\u011flayamayacakt\u0131&#8230; Hem bu ev hem de genel olarak t\u00fcm Anglezarke Fundal\u0131\u011f\u0131, Hayalet\u2019in gen\u00e7li\u011fine ait s\u0131rlarla doluydu. Bu s\u0131rlar g\u00fcn \u0131\u015f\u0131\u011f\u0131na \u00e7\u0131kmak \u00fczereydi. Ve t\u00fcm b\u00f6lgede huzur ka\u00e7\u0131raca\u011fa benziyordu&#8230; T\u00fcrkiye\u2019de de b\u00fcy\u00fck be\u011feni kazanan serinin ilk kitab\u0131 \u2018Hayaletin \u00c7\u0131ra\u011f\u0131\u2019 2011 y\u0131l\u0131nda beyazperdeye de uyarlanarak geni\u015f bir kitleyle bulu\u015fmaya haz\u0131rlan\u0131yor!.. <\/p>\n","protected":false},"excerpt":{"rendered":"<p>Wardstone G\u00fcnl\u00fckleri 3 Hayaletler, cad\u0131lar, hortlaklar, \u015feytani yarat\u0131klar, karanl\u0131k ve deh\u015fet. \u2018Hayaletin S\u0131rr\u0131\u2019 okuyucular\u0131n\u0131n t\u00fcylerini diken diken etmeye haz\u0131rlan\u0131yor!.. Havan\u0131n gitgide so\u011fudu\u011fu ve karanl\u0131\u011f\u0131n \u00e7\u00f6kt\u00fc\u011f\u00fc bir<span class=\"excerpt-hellip\"> [\u2026]<\/span><\/p>\n","protected":false},"featured_media":0,"template":"","meta":{"_monsterinsights_skip_tracking":false,"_monsterinsights_sitenote_active":false,"_monsterinsights_sitenote_note":"","_monsterinsights_sitenote_category":0},"product_brand":[],"product_cat":[12291,14777],"product_tag":[],"class_list":{"0":"post-693172","1":"product","2":"type-product","3":"status-publish","5":"product_cat-edebiyat","6":"product_cat-fantastik","7":"pa_tur-kitap","8":"pa_yayinevi-tudem-yayinlari","9":"pa_yazar-joseph-delaney","11":"first","12":"instock","13":"sale","14":"shipping-taxable","15":"purchasable","16":"product-type-simple"},"_links":{"self":[{"href":"https:\/\/roveyayinevi.com.tr\/index.php\/wp-json\/wp\/v2\/product\/693172","targetHints":{"allow":["GET"]}}],"collection":[{"href":"https:\/\/roveyayinevi.com.tr\/index.php\/wp-json\/wp\/v2\/product"}],"about":[{"href":"https:\/\/roveyayinevi.com.tr\/index.php\/wp-json\/wp\/v2\/types\/product"}],"wp:attachment":[{"href":"https:\/\/roveyayinevi.com.tr\/index.php\/wp-json\/wp\/v2\/media?parent=693172"}],"wp:term":[{"taxonomy":"product_brand","embeddable":true,"href":"https:\/\/roveyayinevi.com.tr\/index.php\/wp-json\/wp\/v2\/product_brand?post=693172"},{"taxonomy":"product_cat","embeddable":true,"href":"https:\/\/roveyayinevi.com.tr\/index.php\/wp-json\/wp\/v2\/product_cat?post=693172"},{"taxonomy":"product_tag","embeddable":true,"href":"https:\/\/roveyayinevi.com.tr\/index.php\/wp-json\/wp\/v2\/product_tag?post=693172"}],"curies":[{"name":"wp","href":"https:\/\/api.w.org\/{rel}","templated":true}]}}