{"id":693165,"date":"2025-08-27T14:11:54","date_gmt":"2025-08-27T11:11:54","guid":{"rendered":"https:\/\/roveyayinevi.com.tr\/index.php\/urun\/gucluklerden-korkmuyorum-cesaret\/"},"modified":"2026-04-16T02:03:04","modified_gmt":"2026-04-15T23:03:04","slug":"gucluklerden-korkmuyorum-cesaret","status":"publish","type":"product","link":"https:\/\/roveyayinevi.com.tr\/index.php\/urun\/gucluklerden-korkmuyorum-cesaret\/","title":{"rendered":"G\u00fc\u00e7l\u00fcklerden Korkmuyorum &#8211; Cesaret"},"content":{"rendered":"<p>G\u00fc\u00e7l\u00fcklerden Korkmuyorum adl\u0131 bu kitapta ilk\u00f6\u011fretim program\u0131nda yer alan Cesaret, korku, kayg\u0131, heyecan, huzur, g\u00fcven, g\u00fc\u00e7, tehlike, hayal, yeterlilik, sorun, \u00e7\u00f6z\u00fcm, hedef, ba\u015far\u0131, sebat, geli\u015fim, de\u011fi\u015fim, hak, iyi-k\u00f6t\u00fc, ele\u015ftiri, karanl\u0131k-ayd\u0131nl\u0131k, hastal\u0131k-sa\u011fl\u0131k, s\u0131nav, a\u00e7-tok, do\u011fal afet, acil durum, trafik, yuva, \u00fclke, spor, m\u00fczik, koleksiyon, mimari gibi kavramlar i\u015fleniyor. \ufffcTan\u0131t\u0131m Metni<\/p>\n","protected":false},"excerpt":{"rendered":"<p>G\u00fc\u00e7l\u00fcklerden Korkmuyorum adl\u0131 bu kitapta ilk\u00f6\u011fretim program\u0131nda yer alan Cesaret, korku, kayg\u0131, heyecan, huzur, g\u00fcven, g\u00fc\u00e7, tehlike, hayal, yeterlilik, sorun, \u00e7\u00f6z\u00fcm, hedef, ba\u015far\u0131, sebat, geli\u015fim, de\u011fi\u015fim,<span class=\"excerpt-hellip\"> [\u2026]<\/span><\/p>\n","protected":false},"featured_media":0,"template":"","meta":{"_monsterinsights_skip_tracking":false,"_monsterinsights_sitenote_active":false,"_monsterinsights_sitenote_note":"","_monsterinsights_sitenote_category":0},"product_brand":[],"product_cat":[12492,12274],"product_tag":[],"class_list":{"0":"post-693165","1":"product","2":"type-product","3":"status-publish","5":"product_cat-bilmece-bulmaca","6":"product_cat-cocuk-ve-genclik-kitaplari","7":"pa_tur-kitap","8":"pa_yayinevi-timas-cocuk","9":"pa_yazar-vahide-ulusoy-gokcek","11":"first","12":"instock","13":"sale","14":"shipping-taxable","15":"purchasable","16":"product-type-simple"},"_links":{"self":[{"href":"https:\/\/roveyayinevi.com.tr\/index.php\/wp-json\/wp\/v2\/product\/693165","targetHints":{"allow":["GET"]}}],"collection":[{"href":"https:\/\/roveyayinevi.com.tr\/index.php\/wp-json\/wp\/v2\/product"}],"about":[{"href":"https:\/\/roveyayinevi.com.tr\/index.php\/wp-json\/wp\/v2\/types\/product"}],"wp:attachment":[{"href":"https:\/\/roveyayinevi.com.tr\/index.php\/wp-json\/wp\/v2\/media?parent=693165"}],"wp:term":[{"taxonomy":"product_brand","embeddable":true,"href":"https:\/\/roveyayinevi.com.tr\/index.php\/wp-json\/wp\/v2\/product_brand?post=693165"},{"taxonomy":"product_cat","embeddable":true,"href":"https:\/\/roveyayinevi.com.tr\/index.php\/wp-json\/wp\/v2\/product_cat?post=693165"},{"taxonomy":"product_tag","embeddable":true,"href":"https:\/\/roveyayinevi.com.tr\/index.php\/wp-json\/wp\/v2\/product_tag?post=693165"}],"curies":[{"name":"wp","href":"https:\/\/api.w.org\/{rel}","templated":true}]}}