{"id":693159,"date":"2025-08-27T14:11:53","date_gmt":"2025-08-27T11:11:53","guid":{"rendered":"https:\/\/roveyayinevi.com.tr\/index.php\/urun\/burcu-hikayelerle-davranis-egitimi-5-kitap-takim\/"},"modified":"2026-04-08T02:04:16","modified_gmt":"2026-04-07T23:04:16","slug":"burcu-hikayelerle-davranis-egitimi-5-kitap-takim","status":"publish","type":"product","link":"https:\/\/roveyayinevi.com.tr\/index.php\/urun\/burcu-hikayelerle-davranis-egitimi-5-kitap-takim\/","title":{"rendered":"Burcu &#8211; Hikayelerle Davran\u0131\u015f E\u011fitimi (5 Kitap Tak\u0131m)"},"content":{"rendered":"<p>Burcu serisiyle \u00e7ocuklar, g\u00fcnl\u00fck ya\u015famlar\u0131nda s\u0131k\u00e7a kar\u015f\u0131la\u015ft\u0131klar\u0131 sorunlar\u0131 a\u015farak do\u011fru davran\u0131\u015flara y\u00f6nelebilme ad\u0131na \u00e7ok \u00f6zel deneyimler ve maceralar ya\u015fayacaklar. <\/p>\n","protected":false},"excerpt":{"rendered":"<p>Burcu serisiyle \u00e7ocuklar, g\u00fcnl\u00fck ya\u015famlar\u0131nda s\u0131k\u00e7a kar\u015f\u0131la\u015ft\u0131klar\u0131 sorunlar\u0131 a\u015farak do\u011fru davran\u0131\u015flara y\u00f6nelebilme ad\u0131na \u00e7ok \u00f6zel deneyimler ve maceralar ya\u015fayacaklar.<\/p>\n","protected":false},"featured_media":0,"template":"","meta":{"_monsterinsights_skip_tracking":false,"_monsterinsights_sitenote_active":false,"_monsterinsights_sitenote_note":"","_monsterinsights_sitenote_category":0},"product_brand":[],"product_cat":[12274,12284],"product_tag":[],"class_list":{"0":"post-693159","1":"product","2":"type-product","3":"status-publish","5":"product_cat-cocuk-ve-genclik-kitaplari","6":"product_cat-hikayeler","7":"pa_cilt-ciltsiz","8":"pa_tur-kitap","9":"pa_yayinevi-timas-cocuk","10":"pa_yazar-nursen-sirin","12":"first","13":"instock","14":"sale","15":"shipping-taxable","16":"purchasable","17":"product-type-simple"},"_links":{"self":[{"href":"https:\/\/roveyayinevi.com.tr\/index.php\/wp-json\/wp\/v2\/product\/693159","targetHints":{"allow":["GET"]}}],"collection":[{"href":"https:\/\/roveyayinevi.com.tr\/index.php\/wp-json\/wp\/v2\/product"}],"about":[{"href":"https:\/\/roveyayinevi.com.tr\/index.php\/wp-json\/wp\/v2\/types\/product"}],"wp:attachment":[{"href":"https:\/\/roveyayinevi.com.tr\/index.php\/wp-json\/wp\/v2\/media?parent=693159"}],"wp:term":[{"taxonomy":"product_brand","embeddable":true,"href":"https:\/\/roveyayinevi.com.tr\/index.php\/wp-json\/wp\/v2\/product_brand?post=693159"},{"taxonomy":"product_cat","embeddable":true,"href":"https:\/\/roveyayinevi.com.tr\/index.php\/wp-json\/wp\/v2\/product_cat?post=693159"},{"taxonomy":"product_tag","embeddable":true,"href":"https:\/\/roveyayinevi.com.tr\/index.php\/wp-json\/wp\/v2\/product_tag?post=693159"}],"curies":[{"name":"wp","href":"https:\/\/api.w.org\/{rel}","templated":true}]}}