{"id":693135,"date":"2025-08-27T14:11:48","date_gmt":"2025-08-27T11:11:48","guid":{"rendered":"https:\/\/roveyayinevi.com.tr\/index.php\/urun\/nimin-adasi\/"},"modified":"2026-04-16T02:03:03","modified_gmt":"2026-04-15T23:03:03","slug":"nimin-adasi","status":"publish","type":"product","link":"https:\/\/roveyayinevi.com.tr\/index.php\/urun\/nimin-adasi\/","title":{"rendered":"Nim\u2019in Adas\u0131"},"content":{"rendered":"<p>Nim, engin, mavi okyanusun ortas\u0131ndaki bir adada, babas\u0131 Jack, Fred isimli bir deniz iguanas\u0131, Selkie isimli bir denizanas\u0131 ve Chica adl\u0131 bir kaplumba\u011fa ile birlikte ya\u015far. Nim ya\u015fad\u0131\u011f\u0131 bu yeri hi\u00e7bir yere de\u011fi\u015fmez. <\/p>\n","protected":false},"excerpt":{"rendered":"<p>Nim, engin, mavi okyanusun ortas\u0131ndaki bir adada, babas\u0131 Jack, Fred isimli bir deniz iguanas\u0131, Selkie isimli bir denizanas\u0131 ve Chica adl\u0131 bir kaplumba\u011fa ile birlikte ya\u015far.<span class=\"excerpt-hellip\"> [\u2026]<\/span><\/p>\n","protected":false},"featured_media":0,"template":"","meta":{"_monsterinsights_skip_tracking":false,"_monsterinsights_sitenote_active":false,"_monsterinsights_sitenote_note":"","_monsterinsights_sitenote_category":0},"product_brand":[],"product_cat":[12275,12274],"product_tag":[],"class_list":{"0":"post-693135","1":"product","2":"type-product","3":"status-publish","5":"product_cat-6-12-yas-kitaplari","6":"product_cat-cocuk-ve-genclik-kitaplari","7":"pa_cilt-ciltsiz","8":"pa_tur-kitap","9":"pa_yayinevi-tudem-yayinlari","10":"pa_yazar-wendy-orr","12":"first","13":"instock","14":"sale","15":"shipping-taxable","16":"purchasable","17":"product-type-simple"},"_links":{"self":[{"href":"https:\/\/roveyayinevi.com.tr\/index.php\/wp-json\/wp\/v2\/product\/693135","targetHints":{"allow":["GET"]}}],"collection":[{"href":"https:\/\/roveyayinevi.com.tr\/index.php\/wp-json\/wp\/v2\/product"}],"about":[{"href":"https:\/\/roveyayinevi.com.tr\/index.php\/wp-json\/wp\/v2\/types\/product"}],"wp:attachment":[{"href":"https:\/\/roveyayinevi.com.tr\/index.php\/wp-json\/wp\/v2\/media?parent=693135"}],"wp:term":[{"taxonomy":"product_brand","embeddable":true,"href":"https:\/\/roveyayinevi.com.tr\/index.php\/wp-json\/wp\/v2\/product_brand?post=693135"},{"taxonomy":"product_cat","embeddable":true,"href":"https:\/\/roveyayinevi.com.tr\/index.php\/wp-json\/wp\/v2\/product_cat?post=693135"},{"taxonomy":"product_tag","embeddable":true,"href":"https:\/\/roveyayinevi.com.tr\/index.php\/wp-json\/wp\/v2\/product_tag?post=693135"}],"curies":[{"name":"wp","href":"https:\/\/api.w.org\/{rel}","templated":true}]}}