{"id":693129,"date":"2025-08-27T14:11:46","date_gmt":"2025-08-27T11:11:46","guid":{"rendered":"https:\/\/roveyayinevi.com.tr\/index.php\/urun\/allahin-isimlerini-ogreniyorum-10-kitap-takim\/"},"modified":"2026-04-16T02:03:03","modified_gmt":"2026-04-15T23:03:03","slug":"allahin-isimlerini-ogreniyorum-10-kitap-takim","status":"publish","type":"product","link":"https:\/\/roveyayinevi.com.tr\/index.php\/urun\/allahin-isimlerini-ogreniyorum-10-kitap-takim\/","title":{"rendered":"Allah\u2019\u0131n \u0130simlerini \u00d6\u011freniyorum (10 Kitap Tak\u0131m)"},"content":{"rendered":"<p>Allah&#8217;\u0131n \u0130simlerini \u00d6\u011freniyorum <\/p>\n","protected":false},"excerpt":{"rendered":"<p>Allah&#8217;\u0131n \u0130simlerini \u00d6\u011freniyorum<\/p>\n","protected":false},"featured_media":0,"template":"","meta":{"_monsterinsights_skip_tracking":false,"_monsterinsights_sitenote_active":false,"_monsterinsights_sitenote_note":"","_monsterinsights_sitenote_category":0},"product_brand":[],"product_cat":[12274,18802],"product_tag":[],"class_list":{"0":"post-693129","1":"product","2":"type-product","3":"status-publish","5":"product_cat-cocuk-ve-genclik-kitaplari","6":"product_cat-din-egitimi","7":"pa_tur-kitap","8":"pa_yayinevi-timas-cocuk","9":"pa_yazar-nur-kutlu","11":"first","12":"instock","13":"sale","14":"shipping-taxable","15":"purchasable","16":"product-type-simple"},"_links":{"self":[{"href":"https:\/\/roveyayinevi.com.tr\/index.php\/wp-json\/wp\/v2\/product\/693129","targetHints":{"allow":["GET"]}}],"collection":[{"href":"https:\/\/roveyayinevi.com.tr\/index.php\/wp-json\/wp\/v2\/product"}],"about":[{"href":"https:\/\/roveyayinevi.com.tr\/index.php\/wp-json\/wp\/v2\/types\/product"}],"wp:attachment":[{"href":"https:\/\/roveyayinevi.com.tr\/index.php\/wp-json\/wp\/v2\/media?parent=693129"}],"wp:term":[{"taxonomy":"product_brand","embeddable":true,"href":"https:\/\/roveyayinevi.com.tr\/index.php\/wp-json\/wp\/v2\/product_brand?post=693129"},{"taxonomy":"product_cat","embeddable":true,"href":"https:\/\/roveyayinevi.com.tr\/index.php\/wp-json\/wp\/v2\/product_cat?post=693129"},{"taxonomy":"product_tag","embeddable":true,"href":"https:\/\/roveyayinevi.com.tr\/index.php\/wp-json\/wp\/v2\/product_tag?post=693129"}],"curies":[{"name":"wp","href":"https:\/\/api.w.org\/{rel}","templated":true}]}}