{"id":693125,"date":"2025-08-27T14:11:45","date_gmt":"2025-08-27T11:11:45","guid":{"rendered":"https:\/\/roveyayinevi.com.tr\/index.php\/urun\/barbarosla-bir-gun\/"},"modified":"2026-03-02T02:04:07","modified_gmt":"2026-03-01T23:04:07","slug":"barbarosla-bir-gun","status":"publish","type":"product","link":"https:\/\/roveyayinevi.com.tr\/index.php\/urun\/barbarosla-bir-gun\/","title":{"rendered":"Barbaros\u2019la Bir G\u00fcn"},"content":{"rendered":"<p>De\u011ferli E\u011fitimciler, Gelece\u011fimizi emanet edece\u011fimiz \u00e7ocuklar\u0131m\u0131z, \u201c\u00dcnl\u00fclerle Bir G\u00fcn\u201d dizisinin \u201cBarbaros&#8217;la Bir G\u00fcn\u201d isimli bu kitab\u0131yla maceran\u0131n kap\u0131lar\u0131n\u0131 aral\u0131yor&#8230; \u00c7ocuklar\u0131m\u0131z, denizlerin fatihi Barbaros&#8217;un, zafer r\u00fczgarlar\u0131na nas\u0131l yelken a\u00e7t\u0131\u011f\u0131n\u0131 okurken, amaca ula\u015fmak i\u00e7in planl\u0131 ve kararl\u0131 hareket etmek gerekti\u011fini anlar, bir g\u00f6revin tamamlanmas\u0131 i\u00e7in i\u015f birli\u011fi yap\u0131lmas\u0131 gerekti\u011fini kavrar, ba\u015far\u0131n\u0131n bireylerin \u00fczerine d\u00fc\u015fen g\u00f6rev ve sorumluluklar\u0131 yerine getirmelerine ba\u011fl\u0131 oldu\u011funu fark eder, bilmedi\u011fi kelime ve kavramlar\u0131n anlamlar\u0131n\u0131 ara\u015ft\u0131r\u0131r. <\/p>\n","protected":false},"excerpt":{"rendered":"<p>De\u011ferli E\u011fitimciler, Gelece\u011fimizi emanet edece\u011fimiz \u00e7ocuklar\u0131m\u0131z, \u201c\u00dcnl\u00fclerle Bir G\u00fcn\u201d dizisinin \u201cBarbaros&#8217;la Bir G\u00fcn\u201d isimli bu kitab\u0131yla maceran\u0131n kap\u0131lar\u0131n\u0131 aral\u0131yor&#8230; \u00c7ocuklar\u0131m\u0131z, denizlerin fatihi Barbaros&#8217;un, zafer r\u00fczgarlar\u0131na nas\u0131l<span class=\"excerpt-hellip\"> [\u2026]<\/span><\/p>\n","protected":false},"featured_media":0,"template":"","meta":{"_monsterinsights_skip_tracking":false,"_monsterinsights_sitenote_active":false,"_monsterinsights_sitenote_note":"","_monsterinsights_sitenote_category":0},"product_brand":[],"product_cat":[12275,12274],"product_tag":[],"class_list":{"0":"post-693125","1":"product","2":"type-product","3":"status-publish","5":"product_cat-6-12-yas-kitaplari","6":"product_cat-cocuk-ve-genclik-kitaplari","7":"pa_cilt-ciltsiz","8":"pa_tur-kitap","9":"pa_yayinevi-timas-cocuk","10":"pa_yazar-mustafa-orakci","12":"first","13":"instock","14":"sale","15":"shipping-taxable","16":"purchasable","17":"product-type-simple"},"_links":{"self":[{"href":"https:\/\/roveyayinevi.com.tr\/index.php\/wp-json\/wp\/v2\/product\/693125","targetHints":{"allow":["GET"]}}],"collection":[{"href":"https:\/\/roveyayinevi.com.tr\/index.php\/wp-json\/wp\/v2\/product"}],"about":[{"href":"https:\/\/roveyayinevi.com.tr\/index.php\/wp-json\/wp\/v2\/types\/product"}],"wp:attachment":[{"href":"https:\/\/roveyayinevi.com.tr\/index.php\/wp-json\/wp\/v2\/media?parent=693125"}],"wp:term":[{"taxonomy":"product_brand","embeddable":true,"href":"https:\/\/roveyayinevi.com.tr\/index.php\/wp-json\/wp\/v2\/product_brand?post=693125"},{"taxonomy":"product_cat","embeddable":true,"href":"https:\/\/roveyayinevi.com.tr\/index.php\/wp-json\/wp\/v2\/product_cat?post=693125"},{"taxonomy":"product_tag","embeddable":true,"href":"https:\/\/roveyayinevi.com.tr\/index.php\/wp-json\/wp\/v2\/product_tag?post=693125"}],"curies":[{"name":"wp","href":"https:\/\/api.w.org\/{rel}","templated":true}]}}