{"id":693121,"date":"2025-08-27T14:11:45","date_gmt":"2025-08-27T11:11:45","guid":{"rendered":"https:\/\/roveyayinevi.com.tr\/index.php\/urun\/aci-biber-catcat\/"},"modified":"2026-04-16T02:03:03","modified_gmt":"2026-04-15T23:03:03","slug":"aci-biber-catcat","status":"publish","type":"product","link":"https:\/\/roveyayinevi.com.tr\/index.php\/urun\/aci-biber-catcat\/","title":{"rendered":"Ac\u0131 Biber \u00c7at\u00e7at"},"content":{"rendered":"<p>T\u00fcrl\u00fc t\u00fcrl\u00fc sebzelerin ve hayvanlar\u0131n oldu\u011fu bir yerde \u00c7at\u00e7at ad\u0131nda bir biber var. \u00c7at\u00e7at konu\u015fmalar\u0131na dikkat etmeyen bir biber. Bu y\u00fczden arkada\u015flar\u0131 ona \u00e7ok k\u0131r\u0131l\u0131yor. Ama o yine de yapt\u0131\u011f\u0131n\u0131n yanl\u0131\u015f oldu\u011funu fark etmiyor. Ta ki arkada\u015flar\u0131 bir bir ondan uzakla\u015fana kadar\u2026 Bu duruma \u00c7at\u00e7at&#8217;\u0131n can\u0131 \u00e7ok s\u0131k\u0131l\u0131yor. Arkada\u015flar\u0131n\u0131n g\u00f6nl\u00fcn\u00fc almak istiyor. Bakal\u0131m \u00c7at\u00e7at bunu yapabilecek mi? \ufffcTan\u0131t\u0131m Metni<\/p>\n","protected":false},"excerpt":{"rendered":"<p>T\u00fcrl\u00fc t\u00fcrl\u00fc sebzelerin ve hayvanlar\u0131n oldu\u011fu bir yerde \u00c7at\u00e7at ad\u0131nda bir biber var. \u00c7at\u00e7at konu\u015fmalar\u0131na dikkat etmeyen bir biber. Bu y\u00fczden arkada\u015flar\u0131 ona \u00e7ok k\u0131r\u0131l\u0131yor. Ama<span class=\"excerpt-hellip\"> [\u2026]<\/span><\/p>\n","protected":false},"featured_media":0,"template":"","meta":{"_monsterinsights_skip_tracking":false,"_monsterinsights_sitenote_active":false,"_monsterinsights_sitenote_note":"","_monsterinsights_sitenote_category":0},"product_brand":[],"product_cat":[12913,12274],"product_tag":[],"class_list":{"0":"post-693121","1":"product","2":"type-product","3":"status-publish","5":"product_cat-3-6-yas-kitaplari","6":"product_cat-cocuk-ve-genclik-kitaplari","7":"pa_cilt-ciltsiz","8":"pa_tur-kitap","9":"pa_yayinevi-timas-cocuk","10":"pa_yazar-sokuh-gasemnia","12":"first","13":"instock","14":"sale","15":"shipping-taxable","16":"purchasable","17":"product-type-simple"},"_links":{"self":[{"href":"https:\/\/roveyayinevi.com.tr\/index.php\/wp-json\/wp\/v2\/product\/693121","targetHints":{"allow":["GET"]}}],"collection":[{"href":"https:\/\/roveyayinevi.com.tr\/index.php\/wp-json\/wp\/v2\/product"}],"about":[{"href":"https:\/\/roveyayinevi.com.tr\/index.php\/wp-json\/wp\/v2\/types\/product"}],"wp:attachment":[{"href":"https:\/\/roveyayinevi.com.tr\/index.php\/wp-json\/wp\/v2\/media?parent=693121"}],"wp:term":[{"taxonomy":"product_brand","embeddable":true,"href":"https:\/\/roveyayinevi.com.tr\/index.php\/wp-json\/wp\/v2\/product_brand?post=693121"},{"taxonomy":"product_cat","embeddable":true,"href":"https:\/\/roveyayinevi.com.tr\/index.php\/wp-json\/wp\/v2\/product_cat?post=693121"},{"taxonomy":"product_tag","embeddable":true,"href":"https:\/\/roveyayinevi.com.tr\/index.php\/wp-json\/wp\/v2\/product_tag?post=693121"}],"curies":[{"name":"wp","href":"https:\/\/api.w.org\/{rel}","templated":true}]}}