{"id":693120,"date":"2025-08-27T14:11:44","date_gmt":"2025-08-27T11:11:44","guid":{"rendered":"https:\/\/roveyayinevi.com.tr\/index.php\/urun\/365-civil-civil-etkinlik-ciltli\/"},"modified":"2026-04-16T02:03:03","modified_gmt":"2026-04-15T23:03:03","slug":"365-civil-civil-etkinlik-ciltli","status":"publish","type":"product","link":"https:\/\/roveyayinevi.com.tr\/index.php\/urun\/365-civil-civil-etkinlik-ciltli\/","title":{"rendered":"365 C\u0131v\u0131l C\u0131v\u0131l Etkinlik (Ciltli)"},"content":{"rendered":"<p>E\u011flenceye haz\u0131r m\u0131s\u0131n\u0131z?Biraz k\u00e2\u011f\u0131t, biraz boya, bir makas ve b\u00fct\u00fcn bir d\u00fcnya!Kesin, yap\u0131\u015ft\u0131r\u0131n, boyay\u0131n!Arabalar ge\u00e7sin, ku\u015flar c\u0131v\u0131ldas\u0131n, kelebekler u\u00e7u\u015fsun, dinozorlar geri d\u00f6ns\u00fcn\u2026K\u00e2\u011f\u0131tlar\u0131n\u0131z\u0131n \u00fcst\u00fcnde d\u00fcnya \u015fenlensin!Renk renk uzayl\u0131lar, lezzetli dondurmalar, kendinize maskeler, arkada\u015flar\u0131n\u0131za kartlar, s\u00fcsl\u00fc kutular, robotlar, bask\u0131lar daha neler neler\u2026Can\u0131n\u0131z ne zaman \u00e7izmek, boyamak, kesmek, yap\u0131\u015ft\u0131rmak, el i\u015fi yapmak, k\u0131sacas\u0131 e\u011flenmek ya da bunlar\u0131 birine yapt\u0131rmak isterse, bu kitap tam size g\u00f6re!Bu kitap; hem \u00e7ocuklar, hem \u00f6\u011fretmenler hem de ebeveynler i\u00e7in e\u015fsiz bir kaynak!<\/p>\n","protected":false},"excerpt":{"rendered":"<p>E\u011flenceye haz\u0131r m\u0131s\u0131n\u0131z?Biraz k\u00e2\u011f\u0131t, biraz boya, bir makas ve b\u00fct\u00fcn bir d\u00fcnya!Kesin, yap\u0131\u015ft\u0131r\u0131n, boyay\u0131n!Arabalar ge\u00e7sin, ku\u015flar c\u0131v\u0131ldas\u0131n, kelebekler u\u00e7u\u015fsun, dinozorlar geri d\u00f6ns\u00fcn\u2026K\u00e2\u011f\u0131tlar\u0131n\u0131z\u0131n \u00fcst\u00fcnde d\u00fcnya \u015fenlensin!Renk renk<span class=\"excerpt-hellip\"> [\u2026]<\/span><\/p>\n","protected":false},"featured_media":0,"template":"","meta":{"_monsterinsights_skip_tracking":false,"_monsterinsights_sitenote_active":false,"_monsterinsights_sitenote_note":"","_monsterinsights_sitenote_category":0},"product_brand":[],"product_cat":[12274,12518],"product_tag":[],"class_list":{"0":"post-693120","1":"product","2":"type-product","3":"status-publish","5":"product_cat-cocuk-ve-genclik-kitaplari","6":"product_cat-okul-oncesi-kitaplar","7":"pa_cilt-ciltli","8":"pa_tur-kitap","9":"pa_yayinevi-timas-cocuk","10":"pa_yazar-fiona-watt","12":"first","13":"instock","14":"sale","15":"shipping-taxable","16":"purchasable","17":"product-type-simple"},"_links":{"self":[{"href":"https:\/\/roveyayinevi.com.tr\/index.php\/wp-json\/wp\/v2\/product\/693120","targetHints":{"allow":["GET"]}}],"collection":[{"href":"https:\/\/roveyayinevi.com.tr\/index.php\/wp-json\/wp\/v2\/product"}],"about":[{"href":"https:\/\/roveyayinevi.com.tr\/index.php\/wp-json\/wp\/v2\/types\/product"}],"wp:attachment":[{"href":"https:\/\/roveyayinevi.com.tr\/index.php\/wp-json\/wp\/v2\/media?parent=693120"}],"wp:term":[{"taxonomy":"product_brand","embeddable":true,"href":"https:\/\/roveyayinevi.com.tr\/index.php\/wp-json\/wp\/v2\/product_brand?post=693120"},{"taxonomy":"product_cat","embeddable":true,"href":"https:\/\/roveyayinevi.com.tr\/index.php\/wp-json\/wp\/v2\/product_cat?post=693120"},{"taxonomy":"product_tag","embeddable":true,"href":"https:\/\/roveyayinevi.com.tr\/index.php\/wp-json\/wp\/v2\/product_tag?post=693120"}],"curies":[{"name":"wp","href":"https:\/\/api.w.org\/{rel}","templated":true}]}}