{"id":693119,"date":"2025-08-27T14:11:44","date_gmt":"2025-08-27T11:11:44","guid":{"rendered":"https:\/\/roveyayinevi.com.tr\/index.php\/urun\/anadoluda-ilk-gunler-turk-islam-tarihi-7\/"},"modified":"2025-11-22T02:26:48","modified_gmt":"2025-11-21T23:26:48","slug":"anadoluda-ilk-gunler-turk-islam-tarihi-7","status":"publish","type":"product","link":"https:\/\/roveyayinevi.com.tr\/index.php\/urun\/anadoluda-ilk-gunler-turk-islam-tarihi-7\/","title":{"rendered":"Anadolu&#8217;da \u0130lk G\u00fcnler \/ T\u00fcrk &#8211; \u0130slam Tarihi 7"},"content":{"rendered":"<p>Anadolu&#8217;da \u0130lk G\u00fcnler, Anadolu&#8217;nun kap\u0131s\u0131n\u0131 T\u00fcrklere a\u00e7an ve  k\u0131sa zaman i\u00e7inde b\u00fcy\u00fck bir co\u011frafyada etkili olan B\u00fcy\u00fck Sel\u00e7uklu Devleti&#8217;nin ilk y\u0131llar\u0131n\u0131 ele al\u0131yor. Tu\u011frul Bey ve \u00c7a\u011fr\u0131 Bey&#8217;in gayretiyle kurulan ve Alparslan&#8217;la \u015fahlanan Sel\u00e7uklular\u0131n Anadolu&#8217;ya yapt\u0131klar\u0131 ak\u0131nlar, Malazgirt Zaferi, Mavera\u00fcnnehir&#8217;in kontrol alt\u0131na al\u0131nmas\u0131 inceleniyor.MEB m\u00fcfredat\u0131na uygun ve kolay okunabilen Anadolu&#8217;da \u0130lk G\u00fcnler ile tarihte bir yolculu\u011fa \u00e7\u0131kmaya haz\u0131r m\u0131s\u0131n\u0131z?<\/p>\n","protected":false},"excerpt":{"rendered":"<p>Anadolu&#8217;da \u0130lk G\u00fcnler, Anadolu&#8217;nun kap\u0131s\u0131n\u0131 T\u00fcrklere a\u00e7an ve k\u0131sa zaman i\u00e7inde b\u00fcy\u00fck bir co\u011frafyada etkili olan B\u00fcy\u00fck Sel\u00e7uklu Devleti&#8217;nin ilk y\u0131llar\u0131n\u0131 ele al\u0131yor. Tu\u011frul Bey ve<span class=\"excerpt-hellip\"> [\u2026]<\/span><\/p>\n","protected":false},"featured_media":0,"template":"","meta":{"_monsterinsights_skip_tracking":false,"_monsterinsights_sitenote_active":false,"_monsterinsights_sitenote_note":"","_monsterinsights_sitenote_category":0},"product_brand":[],"product_cat":[12274,12631],"product_tag":[],"class_list":{"0":"post-693119","1":"product","2":"type-product","3":"status-publish","5":"product_cat-cocuk-ve-genclik-kitaplari","6":"product_cat-diger-cocuk-ve-genclik-kitaplari","7":"pa_cilt-ciltsiz","8":"pa_tur-kitap","9":"pa_yayinevi-timas-cocuk","10":"pa_yazar-metin-ozdamarlar","12":"first","13":"instock","14":"sale","15":"shipping-taxable","16":"purchasable","17":"product-type-simple"},"_links":{"self":[{"href":"https:\/\/roveyayinevi.com.tr\/index.php\/wp-json\/wp\/v2\/product\/693119","targetHints":{"allow":["GET"]}}],"collection":[{"href":"https:\/\/roveyayinevi.com.tr\/index.php\/wp-json\/wp\/v2\/product"}],"about":[{"href":"https:\/\/roveyayinevi.com.tr\/index.php\/wp-json\/wp\/v2\/types\/product"}],"wp:attachment":[{"href":"https:\/\/roveyayinevi.com.tr\/index.php\/wp-json\/wp\/v2\/media?parent=693119"}],"wp:term":[{"taxonomy":"product_brand","embeddable":true,"href":"https:\/\/roveyayinevi.com.tr\/index.php\/wp-json\/wp\/v2\/product_brand?post=693119"},{"taxonomy":"product_cat","embeddable":true,"href":"https:\/\/roveyayinevi.com.tr\/index.php\/wp-json\/wp\/v2\/product_cat?post=693119"},{"taxonomy":"product_tag","embeddable":true,"href":"https:\/\/roveyayinevi.com.tr\/index.php\/wp-json\/wp\/v2\/product_tag?post=693119"}],"curies":[{"name":"wp","href":"https:\/\/api.w.org\/{rel}","templated":true}]}}