{"id":693117,"date":"2025-08-27T14:11:44","date_gmt":"2025-08-27T11:11:44","guid":{"rendered":"https:\/\/roveyayinevi.com.tr\/index.php\/urun\/80-gunde-dunya-turu-2\/"},"modified":"2026-04-16T02:03:03","modified_gmt":"2026-04-15T23:03:03","slug":"80-gunde-dunya-turu-2","status":"publish","type":"product","link":"https:\/\/roveyayinevi.com.tr\/index.php\/urun\/80-gunde-dunya-turu-2\/","title":{"rendered":"80 G\u00fcnde D\u00fcnya Turu"},"content":{"rendered":"<p>Phileas Fog, arkada\u015flar\u0131 ile iddiaya girer: Ona g\u00f6re seksen g\u00fcnde d\u00fcnya turu imkans\u0131z de\u011fildir. B\u00f6ylece macera ba\u015flar. Phileas Fog ve u\u015fa\u011f\u0131 Passeparteut gemi, tren, yat, k\u0131zak, fil gibi ara\u00e7lar\u0131 kullanarak tehlikeli ve bol maceral\u0131 bir d\u00fcnya turu yapar. Ayr\u0131ca yolculuk boyunca Dedektif Fix\u2019in \u015f\u00fcpheli g\u00f6zleri onu izleyecektir. \ufffcTan\u0131t\u0131m Metni<\/p>\n","protected":false},"excerpt":{"rendered":"<p>Phileas Fog, arkada\u015flar\u0131 ile iddiaya girer: Ona g\u00f6re seksen g\u00fcnde d\u00fcnya turu imkans\u0131z de\u011fildir. B\u00f6ylece macera ba\u015flar. Phileas Fog ve u\u015fa\u011f\u0131 Passeparteut gemi, tren, yat, k\u0131zak,<span class=\"excerpt-hellip\"> [\u2026]<\/span><\/p>\n","protected":false},"featured_media":0,"template":"","meta":{"_monsterinsights_skip_tracking":false,"_monsterinsights_sitenote_active":false,"_monsterinsights_sitenote_note":"","_monsterinsights_sitenote_category":0},"product_brand":[],"product_cat":[12274,12284],"product_tag":[],"class_list":{"0":"post-693117","1":"product","2":"type-product","3":"status-publish","5":"product_cat-cocuk-ve-genclik-kitaplari","6":"product_cat-hikayeler","7":"pa_cilt-ciltsiz","8":"pa_tur-kitap","9":"pa_yayinevi-timas-cocuk","10":"pa_yazar-jules-verne","12":"first","13":"instock","14":"sale","15":"shipping-taxable","16":"purchasable","17":"product-type-simple"},"_links":{"self":[{"href":"https:\/\/roveyayinevi.com.tr\/index.php\/wp-json\/wp\/v2\/product\/693117","targetHints":{"allow":["GET"]}}],"collection":[{"href":"https:\/\/roveyayinevi.com.tr\/index.php\/wp-json\/wp\/v2\/product"}],"about":[{"href":"https:\/\/roveyayinevi.com.tr\/index.php\/wp-json\/wp\/v2\/types\/product"}],"wp:attachment":[{"href":"https:\/\/roveyayinevi.com.tr\/index.php\/wp-json\/wp\/v2\/media?parent=693117"}],"wp:term":[{"taxonomy":"product_brand","embeddable":true,"href":"https:\/\/roveyayinevi.com.tr\/index.php\/wp-json\/wp\/v2\/product_brand?post=693117"},{"taxonomy":"product_cat","embeddable":true,"href":"https:\/\/roveyayinevi.com.tr\/index.php\/wp-json\/wp\/v2\/product_cat?post=693117"},{"taxonomy":"product_tag","embeddable":true,"href":"https:\/\/roveyayinevi.com.tr\/index.php\/wp-json\/wp\/v2\/product_tag?post=693117"}],"curies":[{"name":"wp","href":"https:\/\/api.w.org\/{rel}","templated":true}]}}