{"id":693116,"date":"2025-08-27T14:11:43","date_gmt":"2025-08-27T11:11:43","guid":{"rendered":"https:\/\/roveyayinevi.com.tr\/index.php\/urun\/tasavvuf-kulturunde-kesif-ve-keramet\/"},"modified":"2026-04-16T02:03:03","modified_gmt":"2026-04-15T23:03:03","slug":"tasavvuf-kulturunde-kesif-ve-keramet","status":"publish","type":"product","link":"https:\/\/roveyayinevi.com.tr\/index.php\/urun\/tasavvuf-kulturunde-kesif-ve-keramet\/","title":{"rendered":"Tasavvuf K\u00fclt\u00fcr\u00fcnde Ke\u015fif ve Keramet"},"content":{"rendered":"<p>Tasavvuf k\u00fclt\u00fcr\u00fcn\u00fcn birbirini tamamlayan \u00fc\u00e7 konusu ilham, ke\u015fif ve ker\u00e2met ve \u0130stimdat (birisinden medet umma) hakk\u0131nda sorulanlar&#8230; Ke\u015fif ve ilham nedir? Ker\u00e2metlerin \u00e7e\u015fitleri ve ortaya \u00e7\u0131kt\u0131\u011f\u0131 farkl\u0131 alanlar&#8230; S\u00fcnnilik kerameti ne zaman kabul etti? Elin, g\u00f6z\u00fcn, kula\u011f\u0131n, kalbin ve di\u011fer organlar\u0131n kerametleri nas\u0131l ortaya \u00e7\u0131kar? Keramet kime aittir? Ke\u015fif ve keramet ehlinin konuya farkl\u0131 yakla\u015f\u0131mlar\u0131, birbirlerine tavsiyeleri&#8230; Tasavvuf kar\u015f\u0131tlar\u0131n\u0131n kerametle ilgili ele\u015ftirileri&#8230; Tasavvuf k\u00fclt\u00fcr\u00fc ve tarihi alan\u0131nda \u00f6nemli bir ara\u015ft\u0131rmac\u0131 olan Prof. Dr. S\u00fcleyman Uluda\u011f, konu ile ilgili farkl\u0131 g\u00f6r\u00fc\u015fleri bir araya getirerek titiz \u00e7al\u0131\u015f\u0131lm\u0131\u015f ve okunmas\u0131 zor olmayan bir bilgi kitab\u0131 ortaya koyuyor. Tarihte ve g\u00fcn\u00fcm\u00fczde en fazla tart\u0131\u015f\u0131lan hususlar olarak bu eserde m\u00fcmk\u00fcn mertebe konuya hem din\u00ee ve \u0130slam\u00ee a\u00e7\u0131dan, hem de be\u015fer\u00ee ve insan\u00ee a\u00e7\u0131dan bak\u0131yor. Anla\u015f\u0131l\u0131r bir a\u00e7\u0131klama ve ger\u00e7ek\u00e7i bir yorumu benimsiyor. \u0130lham ve ker\u00e2met konusunu abartan, bu konularda a\u015f\u0131r\u0131 giden; akl\u0131n, fikrin, mant\u0131\u011f\u0131n ve ilmin de\u011ferini hafife alan, hatta bazen s\u0131f\u0131rlayan ki\u015fi ve z\u00fcmrelerin mevcut oldu\u011fu bilinen bir husustur. Bunlar kendi tutumlar\u0131n\u0131 savunmak i\u00e7in b\u00fcy\u00fck s\u00fbf\u00eelerin baz\u0131 g\u00f6r\u00fc\u015flerini ileri s\u00fcr\u00fcp onlardan destek almak \u00e7abas\u0131na girmektedirler. Di\u011fer taraftan insan bilgisinin izaf\u00ee oldu\u011fu hususunun g\u00fcn\u00fcm\u00fczde daha fazla ortaya \u00e7\u0131kmas\u0131 ve kabul g\u00f6rmesi dogmatizmi, rasyonalizmi, hatta bilimi de geni\u015f \u00f6l\u00e7\u00fcde etkilemi\u015f, bunlara kay\u0131ts\u0131z \u015farts\u0131z ve mutlak olarak g\u00fcvenilemeyece\u011fini ortaya koymu\u015ftur. Bu sebeple ilim ve ak\u0131l ad\u0131na ke\u015ffe de ker\u00e2mete de kar\u015f\u0131 \u00e7\u0131kmak kolay olmamaktad\u0131r. <\/p>\n","protected":false},"excerpt":{"rendered":"<p>Tasavvuf k\u00fclt\u00fcr\u00fcn\u00fcn birbirini tamamlayan \u00fc\u00e7 konusu ilham, ke\u015fif ve ker\u00e2met ve \u0130stimdat (birisinden medet umma) hakk\u0131nda sorulanlar&#8230; Ke\u015fif ve ilham nedir? Ker\u00e2metlerin \u00e7e\u015fitleri ve ortaya \u00e7\u0131kt\u0131\u011f\u0131<span class=\"excerpt-hellip\"> [\u2026]<\/span><\/p>\n","protected":false},"featured_media":0,"template":"","meta":{"_monsterinsights_skip_tracking":false,"_monsterinsights_sitenote_active":false,"_monsterinsights_sitenote_note":"","_monsterinsights_sitenote_category":0},"product_brand":[],"product_cat":[12718,12719,12720],"product_tag":[],"class_list":{"0":"post-693116","1":"product","2":"type-product","3":"status-publish","5":"product_cat-din","6":"product_cat-islam","7":"product_cat-tasavvuf-mezhepler-tarikatlar","8":"pa_cilt-ciltsiz","9":"pa_tur-kitap","10":"pa_yayinevi-sufi-kitap","11":"pa_yazar-suleyman-uludag","13":"first","14":"instock","15":"sale","16":"shipping-taxable","17":"purchasable","18":"product-type-simple"},"_links":{"self":[{"href":"https:\/\/roveyayinevi.com.tr\/index.php\/wp-json\/wp\/v2\/product\/693116","targetHints":{"allow":["GET"]}}],"collection":[{"href":"https:\/\/roveyayinevi.com.tr\/index.php\/wp-json\/wp\/v2\/product"}],"about":[{"href":"https:\/\/roveyayinevi.com.tr\/index.php\/wp-json\/wp\/v2\/types\/product"}],"wp:attachment":[{"href":"https:\/\/roveyayinevi.com.tr\/index.php\/wp-json\/wp\/v2\/media?parent=693116"}],"wp:term":[{"taxonomy":"product_brand","embeddable":true,"href":"https:\/\/roveyayinevi.com.tr\/index.php\/wp-json\/wp\/v2\/product_brand?post=693116"},{"taxonomy":"product_cat","embeddable":true,"href":"https:\/\/roveyayinevi.com.tr\/index.php\/wp-json\/wp\/v2\/product_cat?post=693116"},{"taxonomy":"product_tag","embeddable":true,"href":"https:\/\/roveyayinevi.com.tr\/index.php\/wp-json\/wp\/v2\/product_tag?post=693116"}],"curies":[{"name":"wp","href":"https:\/\/api.w.org\/{rel}","templated":true}]}}