{"id":693103,"date":"2025-08-27T14:11:41","date_gmt":"2025-08-27T11:11:41","guid":{"rendered":"https:\/\/roveyayinevi.com.tr\/index.php\/urun\/seyh-i-ekber-ibn-arabi-dusuncesine-giris\/"},"modified":"2026-04-13T02:03:37","modified_gmt":"2026-04-12T23:03:37","slug":"seyh-i-ekber-ibn-arabi-dusuncesine-giris","status":"publish","type":"product","link":"https:\/\/roveyayinevi.com.tr\/index.php\/urun\/seyh-i-ekber-ibn-arabi-dusuncesine-giris\/","title":{"rendered":"\u015eeyh-i Ekber \u0130bn Arabi D\u00fc\u015f\u00fcncesine Giri\u015f"},"content":{"rendered":"<p>\u015eeyh-i Ekber, sayg\u0131n \u0130bn Arab\u00ee uzmanlar\u0131ndan Prof. Dr. Mahmud Erol K\u0131l\u0131\u00e7\u2019\u0131n \u0130bn Arab\u00ee doktrini \u00fczerine haz\u0131rlad\u0131\u011f\u0131 kapsaml\u0131 bir \u00e7al\u0131\u015fma.Varl\u0131k nedir? Yokluk nedir? Bizim ve etraf\u0131m\u0131zdaki nesnelerin var olu\u015flar\u0131n\u0131n hakikati nedir? Bunlar ger\u00e7ekten var m\u0131? Yoksa biz mi onlar\u0131 b\u00f6yle sanmaktay\u0131z? Bizi Yaratan ile bu yarat\u0131l\u0131\u015f i\u015finden ba\u015fka irtibat\u0131m\u0131z yok mu? Peki, \u00e2lemin Yarat\u0131c\u0131 ile nas\u0131l bir irtibat\u0131 var?&#8230;\u0130nsano\u011flunun sordu\u011fu b\u00f6ylesi temel sorulara b\u00fcy\u00fck bilge Muhyiddin \u0130bn Arab\u00ee\u2019nin verdi\u011fi cevaplar\u0131 ara\u015ft\u0131ran bu kitap genel olarak \u015eeyh-i Ekber\u2019in tefekk\u00fcr d\u00fcnyas\u0131na \u00f6zel olarak da onun varl\u0131k d\u00fc\u015f\u00fcncesine bir k\u0131lavuz niteli\u011fi ta\u015f\u0131yor.1995 y\u0131l\u0131nda tasavvuf bilim dal\u0131nda yap\u0131lan ilk doktora tezi olan ve ge\u00e7en y\u0131llar i\u00e7inde y\u00fczlerce teze \u00f6nc\u00fcl\u00fck eden bu eser, tasavvuf literat\u00fcr\u00fcm\u00fczde b\u00fcy\u00fck bir bo\u015flu\u011fu dolduruyor. <\/p>\n","protected":false},"excerpt":{"rendered":"<p>\u015eeyh-i Ekber, sayg\u0131n \u0130bn Arab\u00ee uzmanlar\u0131ndan Prof. Dr. Mahmud Erol K\u0131l\u0131\u00e7\u2019\u0131n \u0130bn Arab\u00ee doktrini \u00fczerine haz\u0131rlad\u0131\u011f\u0131 kapsaml\u0131 bir \u00e7al\u0131\u015fma.Varl\u0131k nedir? Yokluk nedir? Bizim ve etraf\u0131m\u0131zdaki nesnelerin<span class=\"excerpt-hellip\"> [\u2026]<\/span><\/p>\n","protected":false},"featured_media":0,"template":"","meta":{"_monsterinsights_skip_tracking":false,"_monsterinsights_sitenote_active":false,"_monsterinsights_sitenote_note":"","_monsterinsights_sitenote_category":0},"product_brand":[],"product_cat":[12718,12719,12720],"product_tag":[],"class_list":{"0":"post-693103","1":"product","2":"type-product","3":"status-publish","5":"product_cat-din","6":"product_cat-islam","7":"product_cat-tasavvuf-mezhepler-tarikatlar","8":"pa_cilt-ciltsiz","9":"pa_tur-kitap","10":"pa_yayinevi-sufi-kitap","11":"pa_yazar-mahmud-erol-kilic","13":"first","14":"instock","15":"sale","16":"shipping-taxable","17":"purchasable","18":"product-type-simple"},"_links":{"self":[{"href":"https:\/\/roveyayinevi.com.tr\/index.php\/wp-json\/wp\/v2\/product\/693103","targetHints":{"allow":["GET"]}}],"collection":[{"href":"https:\/\/roveyayinevi.com.tr\/index.php\/wp-json\/wp\/v2\/product"}],"about":[{"href":"https:\/\/roveyayinevi.com.tr\/index.php\/wp-json\/wp\/v2\/types\/product"}],"wp:attachment":[{"href":"https:\/\/roveyayinevi.com.tr\/index.php\/wp-json\/wp\/v2\/media?parent=693103"}],"wp:term":[{"taxonomy":"product_brand","embeddable":true,"href":"https:\/\/roveyayinevi.com.tr\/index.php\/wp-json\/wp\/v2\/product_brand?post=693103"},{"taxonomy":"product_cat","embeddable":true,"href":"https:\/\/roveyayinevi.com.tr\/index.php\/wp-json\/wp\/v2\/product_cat?post=693103"},{"taxonomy":"product_tag","embeddable":true,"href":"https:\/\/roveyayinevi.com.tr\/index.php\/wp-json\/wp\/v2\/product_tag?post=693103"}],"curies":[{"name":"wp","href":"https:\/\/api.w.org\/{rel}","templated":true}]}}