{"id":693101,"date":"2025-08-27T14:11:40","date_gmt":"2025-08-27T11:11:40","guid":{"rendered":"https:\/\/roveyayinevi.com.tr\/index.php\/urun\/sarkilar-seni-soyler\/"},"modified":"2026-04-16T02:03:02","modified_gmt":"2026-04-15T23:03:02","slug":"sarkilar-seni-soyler","status":"publish","type":"product","link":"https:\/\/roveyayinevi.com.tr\/index.php\/urun\/sarkilar-seni-soyler\/","title":{"rendered":"\u015eark\u0131lar Seni S\u00f6yler"},"content":{"rendered":"<p>Bana o kadar yak\u0131ns\u0131n ki, Sen\u2019i ben sand\u0131m, Sana o kadar yak\u0131n\u0131m ki, beni Sen sand\u0131m , diyerek ba\u015fl\u0131yorlar s\u00f6ze; \u00d6. Tu\u011frul \u0130nan\u00e7er ve Ahmet \u00d6zhan. Musik\u00ee ile a\u00e7\u0131yorlar perdeleri, tasavvuf-irfan iklimlerinden s\u00fczd\u00fckleri beyitlerle, k\u00fclt\u00fcr ve medeniyet menbalar\u0131na ak\u0131yorlar. Eser bizleri s\u0131radan ya\u015fant\u0131m\u0131z\u0131n seyrinden al\u0131p farkl\u0131 bir bezme intikal ettiriyor. A\u015fk bezmine, muhabbet bezmine, edeb bezmine&#8230; \ufffcTan\u0131t\u0131m Metni<\/p>\n","protected":false},"excerpt":{"rendered":"<p>Bana o kadar yak\u0131ns\u0131n ki, Sen\u2019i ben sand\u0131m, Sana o kadar yak\u0131n\u0131m ki, beni Sen sand\u0131m , diyerek ba\u015fl\u0131yorlar s\u00f6ze; \u00d6. Tu\u011frul \u0130nan\u00e7er ve Ahmet \u00d6zhan.<span class=\"excerpt-hellip\"> [\u2026]<\/span><\/p>\n","protected":false},"featured_media":0,"template":"","meta":{"_monsterinsights_skip_tracking":false,"_monsterinsights_sitenote_active":false,"_monsterinsights_sitenote_note":"","_monsterinsights_sitenote_category":0},"product_brand":[],"product_cat":[12718,12719,12720],"product_tag":[],"class_list":{"0":"post-693101","1":"product","2":"type-product","3":"status-publish","5":"product_cat-din","6":"product_cat-islam","7":"product_cat-tasavvuf-mezhepler-tarikatlar","8":"pa_tur-kitap","9":"pa_yayinevi-sufi-kitap","10":"pa_yazar-ahmet-ozhan","12":"first","13":"instock","14":"sale","15":"shipping-taxable","16":"purchasable","17":"product-type-simple"},"_links":{"self":[{"href":"https:\/\/roveyayinevi.com.tr\/index.php\/wp-json\/wp\/v2\/product\/693101","targetHints":{"allow":["GET"]}}],"collection":[{"href":"https:\/\/roveyayinevi.com.tr\/index.php\/wp-json\/wp\/v2\/product"}],"about":[{"href":"https:\/\/roveyayinevi.com.tr\/index.php\/wp-json\/wp\/v2\/types\/product"}],"wp:attachment":[{"href":"https:\/\/roveyayinevi.com.tr\/index.php\/wp-json\/wp\/v2\/media?parent=693101"}],"wp:term":[{"taxonomy":"product_brand","embeddable":true,"href":"https:\/\/roveyayinevi.com.tr\/index.php\/wp-json\/wp\/v2\/product_brand?post=693101"},{"taxonomy":"product_cat","embeddable":true,"href":"https:\/\/roveyayinevi.com.tr\/index.php\/wp-json\/wp\/v2\/product_cat?post=693101"},{"taxonomy":"product_tag","embeddable":true,"href":"https:\/\/roveyayinevi.com.tr\/index.php\/wp-json\/wp\/v2\/product_tag?post=693101"}],"curies":[{"name":"wp","href":"https:\/\/api.w.org\/{rel}","templated":true}]}}