{"id":693099,"date":"2025-08-27T14:11:40","date_gmt":"2025-08-27T11:11:40","guid":{"rendered":"https:\/\/roveyayinevi.com.tr\/index.php\/urun\/golgeler-koridoru\/"},"modified":"2026-04-16T02:03:02","modified_gmt":"2026-04-15T23:03:02","slug":"golgeler-koridoru","status":"publish","type":"product","link":"https:\/\/roveyayinevi.com.tr\/index.php\/urun\/golgeler-koridoru\/","title":{"rendered":"G\u00f6lgeler Koridoru"},"content":{"rendered":"<p>\u015eayet benim kula\u011fa tatl\u0131 gelen f\u0131s\u0131lt\u0131lar\u0131m\u0131 i\u015fitemiyorsan, o h\u00e2lde hayat \u00f6\u011fretsin sana \u00f6\u011frenmen gerekenleri&#8230; Amerika\u2019da do\u011fan, orada \u0130slam\u2019la tan\u0131\u015fan, \u00e7e\u015fitli Amerikan ve Avrupa \u00fcniversitelerinde psikolojik dan\u0131\u015fmanl\u0131k dersleri veren ve \u015fu anda misafir \u00f6\u011fretim \u00fcyesi olarak T\u00fcrkiye\u2019de bulunan Muhyiddin \u015eek\u00fbr\u2019un y\u0131llard\u0131r beklenen kitab\u0131; G\u00f6lgeler Koridoru. \u015eekur\u2019un tasavvufla tan\u0131\u015fma ser\u00fcvenini anlatt\u0131\u011f\u0131 ilk kitab\u0131 Su \u00dcst\u00fcne Yaz\u0131 Yazmak bug\u00fcne kadar y\u00fczbinlerce ki\u015fiye ula\u015ft\u0131. Okuyan herkesi derinden etkiledi. Ya\u015fad\u0131\u011f\u0131m\u0131z hi\u00e7bir \u015feyin tesad\u00fcf olmad\u0131\u011f\u0131n\u0131, her tecr\u00fcbenin bizi bir h\u00e2lden ba\u015fka bir ba\u015fka h\u00e2le haz\u0131rlad\u0131\u011f\u0131n\u0131 hissettirdi. Muhyiddin \u015eek\u00fbr, uzun zamand\u0131r beklenen G\u00f6lgeler Koridoru\u2019nda, ayn\u0131 ak\u0131c\u0131 \u00fcslupla hakikatte hepsi birer hikmete i\u015faret eden hayat derslerine devam ediyor. \u0130smi Furkan Suresi\u2019ndeki Rabbinin g\u00f6lgeyi nas\u0131l uzatt\u0131\u011f\u0131n\u0131 g\u00f6rmedin mi? E\u011fer dileseydi, onu elbet hareketsiz k\u0131lard\u0131 ayetinden m\u00fclhem olan G\u00f6lgeler Koridoru\u2019nda g\u00f6r\u00fcnmeyen d\u00fcnyay\u0131 ke\u015ffetme tecr\u00fcbelerini daha ileriye ta\u015f\u0131yor. G\u00f6r\u00fcnene odaklan\u0131ld\u0131\u011f\u0131nda kolayca \u00fczerinden atlan\u0131p ge\u00e7ilebilen s\u0131radan olaylar\u0131n, g\u00f6r\u00fcnenin \u00f6tesine n\u00fcfuz edildi\u011finde hakikate uzanan bir ni\u015faneye d\u00f6n\u00fc\u015ft\u00fc\u011f\u00fcn\u00fc g\u00f6steriyor. G\u00f6lgeler Koridoru, insana \u00f6nce kendi b\u00e2t\u0131n\u0131na, enf\u00fcs\u00ee \u00e2lemine, sonra d\u0131\u015f d\u00fcnyadaki olaylar\u0131n i\u00e7 y\u00fcz\u00fcne, yani asl\u0131nda hakikate dair bir kavray\u0131\u015fa nas\u0131l ula\u015f\u0131labilece\u011fine dair k\u00fc\u00e7\u00fck ama etkileyici denemeler yapt\u0131r\u0131yor. Bazen bir gece y\u00fcr\u00fcy\u00fc\u015f\u00fcnden, bazen bir ate\u015fb\u00f6ce\u011finden, bazen bir veranda in\u015faat\u0131ndan, bazen insanl\u0131\u011f\u0131 tarif edilmez ac\u0131lara s\u00fcr\u00fckleyen sava\u015flardan yola \u00e7\u0131karak bak\u0131\u015f\u0131m\u0131z\u0131n nereye odaklanmas\u0131 gerekti\u011fine y\u00f6nelik hat\u0131rlatmalarda bulunuyor. G\u00f6lgeler Koridoru, hakikat yolcular\u0131n\u0131n ka\u00e7\u0131rmamas\u0131 gereken bir roman. \u00c2deta karanl\u0131kta kalan insana yolunu g\u00f6steren bir alt\u0131n iplik &#8230; <\/p>\n","protected":false},"excerpt":{"rendered":"<p>\u015eayet benim kula\u011fa tatl\u0131 gelen f\u0131s\u0131lt\u0131lar\u0131m\u0131 i\u015fitemiyorsan, o h\u00e2lde hayat \u00f6\u011fretsin sana \u00f6\u011frenmen gerekenleri&#8230; Amerika\u2019da do\u011fan, orada \u0130slam\u2019la tan\u0131\u015fan, \u00e7e\u015fitli Amerikan ve Avrupa \u00fcniversitelerinde psikolojik dan\u0131\u015fmanl\u0131k<span class=\"excerpt-hellip\"> [\u2026]<\/span><\/p>\n","protected":false},"featured_media":0,"template":"","meta":{"_monsterinsights_skip_tracking":false,"_monsterinsights_sitenote_active":false,"_monsterinsights_sitenote_note":"","_monsterinsights_sitenote_category":0},"product_brand":[],"product_cat":[12718,18102,12719],"product_tag":[],"class_list":{"0":"post-693099","1":"product","2":"type-product","3":"status-publish","5":"product_cat-din","6":"product_cat-edebiyat-roman","7":"product_cat-islam","8":"pa_cilt-ciltsiz","9":"pa_tur-kitap","10":"pa_yayinevi-sufi-kitap","11":"pa_yazar-muhyiddin-sekur","13":"first","14":"instock","15":"sale","16":"shipping-taxable","17":"purchasable","18":"product-type-simple"},"_links":{"self":[{"href":"https:\/\/roveyayinevi.com.tr\/index.php\/wp-json\/wp\/v2\/product\/693099","targetHints":{"allow":["GET"]}}],"collection":[{"href":"https:\/\/roveyayinevi.com.tr\/index.php\/wp-json\/wp\/v2\/product"}],"about":[{"href":"https:\/\/roveyayinevi.com.tr\/index.php\/wp-json\/wp\/v2\/types\/product"}],"wp:attachment":[{"href":"https:\/\/roveyayinevi.com.tr\/index.php\/wp-json\/wp\/v2\/media?parent=693099"}],"wp:term":[{"taxonomy":"product_brand","embeddable":true,"href":"https:\/\/roveyayinevi.com.tr\/index.php\/wp-json\/wp\/v2\/product_brand?post=693099"},{"taxonomy":"product_cat","embeddable":true,"href":"https:\/\/roveyayinevi.com.tr\/index.php\/wp-json\/wp\/v2\/product_cat?post=693099"},{"taxonomy":"product_tag","embeddable":true,"href":"https:\/\/roveyayinevi.com.tr\/index.php\/wp-json\/wp\/v2\/product_tag?post=693099"}],"curies":[{"name":"wp","href":"https:\/\/api.w.org\/{rel}","templated":true}]}}