{"id":693093,"date":"2025-08-27T14:11:39","date_gmt":"2025-08-27T11:11:39","guid":{"rendered":"https:\/\/roveyayinevi.com.tr\/index.php\/urun\/dikkat-maymun-cikabilir\/"},"modified":"2026-04-16T02:03:02","modified_gmt":"2026-04-15T23:03:02","slug":"dikkat-maymun-cikabilir","status":"publish","type":"product","link":"https:\/\/roveyayinevi.com.tr\/index.php\/urun\/dikkat-maymun-cikabilir\/","title":{"rendered":"Dikkat! Maymun \u00c7\u0131kabilir"},"content":{"rendered":"<p>Bu kitapta Nedim\u2019in ba\u015f\u0131ndan ge\u00e7en e\u011flenceli olaylar\u0131 okuyacaks\u0131n\u0131z. Elbette daha \u00f6nce ailesini ve arkada\u015flar\u0131n\u0131 tan\u0131yacaks\u0131n\u0131z. Sonra da gelsin birbirinden komik, birbirinden e\u011flenceli olaylar! \u00d6yk\u00fcleri okurken Nedim\u2019in ya\u015fad\u0131\u011f\u0131 olaylar\u0131n, sizin ya\u015fad\u0131klar\u0131n\u0131zdan \u00e7ok farkl\u0131 olmad\u0131\u011f\u0131n\u0131 g\u00f6receksiniz.\u00d6yle ya, siz de mahallede futbol tak\u0131m\u0131 kurdunuz, okulda yar\u0131\u015fmalara kat\u0131ld\u0131n\u0131z\u2026 Evet, b\u00fct\u00fcn bunlar \u00e7ok tan\u0131d\u0131k olaylar.<\/p>\n","protected":false},"excerpt":{"rendered":"<p>Bu kitapta Nedim\u2019in ba\u015f\u0131ndan ge\u00e7en e\u011flenceli olaylar\u0131 okuyacaks\u0131n\u0131z. Elbette daha \u00f6nce ailesini ve arkada\u015flar\u0131n\u0131 tan\u0131yacaks\u0131n\u0131z. Sonra da gelsin birbirinden komik, birbirinden e\u011flenceli olaylar! \u00d6yk\u00fcleri okurken Nedim\u2019in<span class=\"excerpt-hellip\"> [\u2026]<\/span><\/p>\n","protected":false},"featured_media":0,"template":"","meta":{"_monsterinsights_skip_tracking":false,"_monsterinsights_sitenote_active":false,"_monsterinsights_sitenote_note":"","_monsterinsights_sitenote_category":0},"product_brand":[],"product_cat":[12274,12284],"product_tag":[],"class_list":{"0":"post-693093","1":"product","2":"type-product","3":"status-publish","5":"product_cat-cocuk-ve-genclik-kitaplari","6":"product_cat-hikayeler","7":"pa_cilt-ciltsiz","8":"pa_tur-kitap","9":"pa_yayinevi-tudem-yayinlari","10":"pa_yazar-ahmet-onel","12":"first","13":"instock","14":"sale","15":"shipping-taxable","16":"purchasable","17":"product-type-simple"},"_links":{"self":[{"href":"https:\/\/roveyayinevi.com.tr\/index.php\/wp-json\/wp\/v2\/product\/693093","targetHints":{"allow":["GET"]}}],"collection":[{"href":"https:\/\/roveyayinevi.com.tr\/index.php\/wp-json\/wp\/v2\/product"}],"about":[{"href":"https:\/\/roveyayinevi.com.tr\/index.php\/wp-json\/wp\/v2\/types\/product"}],"wp:attachment":[{"href":"https:\/\/roveyayinevi.com.tr\/index.php\/wp-json\/wp\/v2\/media?parent=693093"}],"wp:term":[{"taxonomy":"product_brand","embeddable":true,"href":"https:\/\/roveyayinevi.com.tr\/index.php\/wp-json\/wp\/v2\/product_brand?post=693093"},{"taxonomy":"product_cat","embeddable":true,"href":"https:\/\/roveyayinevi.com.tr\/index.php\/wp-json\/wp\/v2\/product_cat?post=693093"},{"taxonomy":"product_tag","embeddable":true,"href":"https:\/\/roveyayinevi.com.tr\/index.php\/wp-json\/wp\/v2\/product_tag?post=693093"}],"curies":[{"name":"wp","href":"https:\/\/api.w.org\/{rel}","templated":true}]}}