{"id":693086,"date":"2025-08-27T14:11:37","date_gmt":"2025-08-27T11:11:37","guid":{"rendered":"https:\/\/roveyayinevi.com.tr\/index.php\/urun\/evvele-yolculuk\/"},"modified":"2026-04-16T02:03:02","modified_gmt":"2026-04-15T23:03:02","slug":"evvele-yolculuk","status":"publish","type":"product","link":"https:\/\/roveyayinevi.com.tr\/index.php\/urun\/evvele-yolculuk\/","title":{"rendered":"Evvele Yolculuk"},"content":{"rendered":"<p>Hikmetin dili, sembol ve s\u00fck\u00fbttur lakin \u201ca\u015fk s\u00f6yletir\/dert a\u011flat\u0131r\u201d s\u0131rr\u0131ndan hareketle, Muhammed\u00ee n\u00fbrun \u00e7e\u015fitli d\u00fczeylerdeki tecellilerinden s\u00f6z a\u00e7an b\u00f6ylesi bir konu\u015fman\u0131n \u00fclkemizin nadide bilgin ve ara\u015ft\u0131rmac\u0131lar\u0131ndan Prof. Dr. Mahmud Erol K\u0131l\u0131\u00e7\u2019la yap\u0131lmas\u0131 ka\u00e7\u0131n\u0131lmazd\u0131. \u0130rfan d\u00fc\u015f\u00fcnce tarihinin en yetkin ara\u015ft\u0131rmac\u0131lar\u0131ndan K\u0131l\u0131\u00e7\u2019la \u00f6zellikle Ma\u011fripli b\u00fcy\u00fck bilge Muhyiddin \u0130bn\u00fc\u2019l-Arab\u00ee\u2019yi eksene alarak ve sufilik d\u00fc\u015f\u00fcncesi merkezinde felsefe, edebiyat, sanat, politika konu\u015fuldu.\u0130l\u00e2h\u00ee a\u015fk\u0131n s\u0131rlar\u0131ndan, Efendimiz\u2019in(sav) hakikatine, hermetik bilgelikten kadim Yunan\u2019daki \u201csophia\u201dya, nazar\u00ee tasavvufun tarihinden \u015eeyh-i Ekber\u2019in zengin d\u00fcnyas\u0131na, Kur\u2019\u00e2n\u2019\u0131n te\u2019vil ve tefsirine ili\u015fkin y\u00f6ntemlerden ve s\u0131rlardan s\u00f6z edilen bu sohbette K\u0131l\u0131\u00e7, tasavvufun b\u00fct\u00fcn semav\u00ee \u00f6\u011fretilerin b\u00e2t\u0131n\u00ee boyutu oldu\u011funu s\u00f6ylerken, irfan ve hikmet gelenekleri aras\u0131ndaki fark\u0131 da vurgulamay\u0131 ihmal etmiyor.Evvel\u2019e Yolculuk, il\u00e2h\u00ee olana d\u00f6n\u00fc\u015f\u00fc, modern insan\u0131n krizleriyle birlikte ele alan nadir bir \u00e7al\u0131\u015fma\u2026 <\/p>\n","protected":false},"excerpt":{"rendered":"<p>Hikmetin dili, sembol ve s\u00fck\u00fbttur lakin \u201ca\u015fk s\u00f6yletir\/dert a\u011flat\u0131r\u201d s\u0131rr\u0131ndan hareketle, Muhammed\u00ee n\u00fbrun \u00e7e\u015fitli d\u00fczeylerdeki tecellilerinden s\u00f6z a\u00e7an b\u00f6ylesi bir konu\u015fman\u0131n \u00fclkemizin nadide bilgin ve ara\u015ft\u0131rmac\u0131lar\u0131ndan<span class=\"excerpt-hellip\"> [\u2026]<\/span><\/p>\n","protected":false},"featured_media":0,"template":"","meta":{"_monsterinsights_skip_tracking":false,"_monsterinsights_sitenote_active":false,"_monsterinsights_sitenote_note":"","_monsterinsights_sitenote_category":0},"product_brand":[],"product_cat":[12718,12719],"product_tag":[],"class_list":{"0":"post-693086","1":"product","2":"type-product","3":"status-publish","5":"product_cat-din","6":"product_cat-islam","7":"pa_cilt-ciltsiz","8":"pa_tur-kitap","9":"pa_yayinevi-sufi-kitap","10":"pa_yazar-mahmud-erol-kilic","12":"first","13":"instock","14":"sale","15":"shipping-taxable","16":"purchasable","17":"product-type-simple"},"_links":{"self":[{"href":"https:\/\/roveyayinevi.com.tr\/index.php\/wp-json\/wp\/v2\/product\/693086","targetHints":{"allow":["GET"]}}],"collection":[{"href":"https:\/\/roveyayinevi.com.tr\/index.php\/wp-json\/wp\/v2\/product"}],"about":[{"href":"https:\/\/roveyayinevi.com.tr\/index.php\/wp-json\/wp\/v2\/types\/product"}],"wp:attachment":[{"href":"https:\/\/roveyayinevi.com.tr\/index.php\/wp-json\/wp\/v2\/media?parent=693086"}],"wp:term":[{"taxonomy":"product_brand","embeddable":true,"href":"https:\/\/roveyayinevi.com.tr\/index.php\/wp-json\/wp\/v2\/product_brand?post=693086"},{"taxonomy":"product_cat","embeddable":true,"href":"https:\/\/roveyayinevi.com.tr\/index.php\/wp-json\/wp\/v2\/product_cat?post=693086"},{"taxonomy":"product_tag","embeddable":true,"href":"https:\/\/roveyayinevi.com.tr\/index.php\/wp-json\/wp\/v2\/product_tag?post=693086"}],"curies":[{"name":"wp","href":"https:\/\/api.w.org\/{rel}","templated":true}]}}