{"id":693082,"date":"2025-08-27T14:11:36","date_gmt":"2025-08-27T11:11:36","guid":{"rendered":"https:\/\/roveyayinevi.com.tr\/index.php\/urun\/az-gittim-uz-gittim\/"},"modified":"2026-04-16T02:03:02","modified_gmt":"2026-04-15T23:03:02","slug":"az-gittim-uz-gittim","status":"publish","type":"product","link":"https:\/\/roveyayinevi.com.tr\/index.php\/urun\/az-gittim-uz-gittim\/","title":{"rendered":"Az Gittim Uz Gittim"},"content":{"rendered":"<p>Az Gittim Uz Gittim \u015fiir tad\u0131nda iki masaldan olu\u015fuyor. Kitaba ad\u0131n\u0131 veren birinci masalda, Memi\u015f\u2019in bey k\u0131z\u0131na kavu\u015fmak i\u00e7in verdi\u011fi sava\u015f; Bar\u0131\u015f Koya\u011f\u0131 adl\u0131 ikinci masalda ise insanlar\u0131 do\u011fayla bar\u0131\u015f i\u00e7inde ya\u015fatma \u00e7abas\u0131 anlat\u0131l\u0131yor. <\/p>\n","protected":false},"excerpt":{"rendered":"<p>Az Gittim Uz Gittim \u015fiir tad\u0131nda iki masaldan olu\u015fuyor. Kitaba ad\u0131n\u0131 veren birinci masalda, Memi\u015f\u2019in bey k\u0131z\u0131na kavu\u015fmak i\u00e7in verdi\u011fi sava\u015f; Bar\u0131\u015f Koya\u011f\u0131 adl\u0131 ikinci masalda<span class=\"excerpt-hellip\"> [\u2026]<\/span><\/p>\n","protected":false},"featured_media":0,"template":"","meta":{"_monsterinsights_skip_tracking":false,"_monsterinsights_sitenote_active":false,"_monsterinsights_sitenote_note":"","_monsterinsights_sitenote_category":0},"product_brand":[],"product_cat":[12274,12523],"product_tag":[],"class_list":{"0":"post-693082","1":"product","2":"type-product","3":"status-publish","5":"product_cat-cocuk-ve-genclik-kitaplari","6":"product_cat-masallar","7":"pa_tur-kitap","8":"pa_yayinevi-tudem-yayinlari","9":"pa_yazar-hamdullah-koseoglu","11":"first","12":"instock","13":"sale","14":"shipping-taxable","15":"purchasable","16":"product-type-simple"},"_links":{"self":[{"href":"https:\/\/roveyayinevi.com.tr\/index.php\/wp-json\/wp\/v2\/product\/693082","targetHints":{"allow":["GET"]}}],"collection":[{"href":"https:\/\/roveyayinevi.com.tr\/index.php\/wp-json\/wp\/v2\/product"}],"about":[{"href":"https:\/\/roveyayinevi.com.tr\/index.php\/wp-json\/wp\/v2\/types\/product"}],"wp:attachment":[{"href":"https:\/\/roveyayinevi.com.tr\/index.php\/wp-json\/wp\/v2\/media?parent=693082"}],"wp:term":[{"taxonomy":"product_brand","embeddable":true,"href":"https:\/\/roveyayinevi.com.tr\/index.php\/wp-json\/wp\/v2\/product_brand?post=693082"},{"taxonomy":"product_cat","embeddable":true,"href":"https:\/\/roveyayinevi.com.tr\/index.php\/wp-json\/wp\/v2\/product_cat?post=693082"},{"taxonomy":"product_tag","embeddable":true,"href":"https:\/\/roveyayinevi.com.tr\/index.php\/wp-json\/wp\/v2\/product_tag?post=693082"}],"curies":[{"name":"wp","href":"https:\/\/api.w.org\/{rel}","templated":true}]}}