{"id":693079,"date":"2025-08-27T14:11:36","date_gmt":"2025-08-27T11:11:36","guid":{"rendered":"https:\/\/roveyayinevi.com.tr\/index.php\/urun\/almarpanin-gizemi\/"},"modified":"2026-04-16T02:03:02","modified_gmt":"2026-04-15T23:03:02","slug":"almarpanin-gizemi","status":"publish","type":"product","link":"https:\/\/roveyayinevi.com.tr\/index.php\/urun\/almarpanin-gizemi\/","title":{"rendered":"Almarpa\u2019n\u0131n Gizemi"},"content":{"rendered":"<p>Kesi\u015fen hayatlar, canlanan efsaneler&#8230;Kaunos&#8230; K\u00f6yce\u011fiz\u2019in ayakl\u0131 g\u00f6l\u00fc&#8230; S\u0131\u011fla a\u011fa\u00e7lar\u0131&#8230;Karetta karettalar&#8230;Mavi Ege ve ku\u015flar&#8230; \u0130lgin\u00e7 ve  \u00e7arp\u0131c\u0131 efsaneler&#8230; Dostluk, gizem ve macera&#8230;2011 Tudem Edebiyat \u00d6d\u00fclleri\u2019nde birincilik \u00f6d\u00fcl\u00fcne  de\u011fer g\u00f6r\u00fclen Koray Avc\u0131 \u00c7akman imzal\u0131  Almarpa\u2019n\u0131n Gizemi, efsanelerle dolu s\u00fcr\u00fckleyici bir macera sunuyor gen\u00e7  okurlar\u0131na&#8230; \ufffc<\/p>\n","protected":false},"excerpt":{"rendered":"<p>Kesi\u015fen hayatlar, canlanan efsaneler&#8230;Kaunos&#8230; K\u00f6yce\u011fiz\u2019in ayakl\u0131 g\u00f6l\u00fc&#8230; S\u0131\u011fla a\u011fa\u00e7lar\u0131&#8230;Karetta karettalar&#8230;Mavi Ege ve ku\u015flar&#8230; \u0130lgin\u00e7 ve \u00e7arp\u0131c\u0131 efsaneler&#8230; Dostluk, gizem ve macera&#8230;2011 Tudem Edebiyat \u00d6d\u00fclleri\u2019nde birincilik \u00f6d\u00fcl\u00fcne<span class=\"excerpt-hellip\"> [\u2026]<\/span><\/p>\n","protected":false},"featured_media":0,"template":"","meta":{"_monsterinsights_skip_tracking":false,"_monsterinsights_sitenote_active":false,"_monsterinsights_sitenote_note":"","_monsterinsights_sitenote_category":0},"product_brand":[],"product_cat":[12274,12284],"product_tag":[],"class_list":{"0":"post-693079","1":"product","2":"type-product","3":"status-publish","5":"product_cat-cocuk-ve-genclik-kitaplari","6":"product_cat-hikayeler","7":"pa_cilt-ciltsiz","8":"pa_tur-kitap","9":"pa_yayinevi-tudem-yayinlari","10":"pa_yazar-koray-avci-cakman","12":"first","13":"instock","14":"sale","15":"shipping-taxable","16":"purchasable","17":"product-type-simple"},"_links":{"self":[{"href":"https:\/\/roveyayinevi.com.tr\/index.php\/wp-json\/wp\/v2\/product\/693079","targetHints":{"allow":["GET"]}}],"collection":[{"href":"https:\/\/roveyayinevi.com.tr\/index.php\/wp-json\/wp\/v2\/product"}],"about":[{"href":"https:\/\/roveyayinevi.com.tr\/index.php\/wp-json\/wp\/v2\/types\/product"}],"wp:attachment":[{"href":"https:\/\/roveyayinevi.com.tr\/index.php\/wp-json\/wp\/v2\/media?parent=693079"}],"wp:term":[{"taxonomy":"product_brand","embeddable":true,"href":"https:\/\/roveyayinevi.com.tr\/index.php\/wp-json\/wp\/v2\/product_brand?post=693079"},{"taxonomy":"product_cat","embeddable":true,"href":"https:\/\/roveyayinevi.com.tr\/index.php\/wp-json\/wp\/v2\/product_cat?post=693079"},{"taxonomy":"product_tag","embeddable":true,"href":"https:\/\/roveyayinevi.com.tr\/index.php\/wp-json\/wp\/v2\/product_tag?post=693079"}],"curies":[{"name":"wp","href":"https:\/\/api.w.org\/{rel}","templated":true}]}}