{"id":693077,"date":"2025-08-27T14:11:35","date_gmt":"2025-08-27T11:11:35","guid":{"rendered":"https:\/\/roveyayinevi.com.tr\/index.php\/urun\/salinimlar\/"},"modified":"2026-04-16T02:03:02","modified_gmt":"2026-04-15T23:03:02","slug":"salinimlar","status":"publish","type":"product","link":"https:\/\/roveyayinevi.com.tr\/index.php\/urun\/salinimlar\/","title":{"rendered":"Sal\u0131n\u0131mlar"},"content":{"rendered":"<p>Sal\u0131n\u0131mlar, kayg\u0131larla ba\u015f etmenin bir yolunu, onlar\u0131 tan\u0131mlamada g\u00f6ren bir zek\u00e2n\u0131n \u00fcr\u00fcn\u00fc. Tan\u0131mlama a\u00e7l\u0131\u011f\u0131, zihnin itici g\u00fcc\u00fc oluyor burada. \u0130nsan\u0131n toplumsal konumu ile birlikte oda\u011fa al\u0131nd\u0131\u011f\u0131 bu denemeler, \u00e7a\u011fda\u015f y\u00f6ntemlerle tasavvuf k\u00fclt\u00fcr\u00fcnden gelen bilgi u\u00e7lar\u0131 ve a\u00e7\u0131klamalarla yo\u011frulmu\u015f bir tefekk\u00fcr damar\u0131ndan yans\u0131yor. <\/p>\n","protected":false},"excerpt":{"rendered":"<p>Sal\u0131n\u0131mlar, kayg\u0131larla ba\u015f etmenin bir yolunu, onlar\u0131 tan\u0131mlamada g\u00f6ren bir zek\u00e2n\u0131n \u00fcr\u00fcn\u00fc. Tan\u0131mlama a\u00e7l\u0131\u011f\u0131, zihnin itici g\u00fcc\u00fc oluyor burada. \u0130nsan\u0131n toplumsal konumu ile birlikte oda\u011fa al\u0131nd\u0131\u011f\u0131<span class=\"excerpt-hellip\"> [\u2026]<\/span><\/p>\n","protected":false},"featured_media":0,"template":"","meta":{"_monsterinsights_skip_tracking":false,"_monsterinsights_sitenote_active":false,"_monsterinsights_sitenote_note":"","_monsterinsights_sitenote_category":0},"product_brand":[],"product_cat":[12718,12719,12720],"product_tag":[],"class_list":{"0":"post-693077","1":"product","2":"type-product","3":"status-publish","5":"product_cat-din","6":"product_cat-islam","7":"product_cat-tasavvuf-mezhepler-tarikatlar","8":"pa_tur-kitap","9":"pa_yayinevi-sufi-kitap","10":"pa_yazar-ebubekir-eroglu","12":"first","13":"instock","14":"sale","15":"shipping-taxable","16":"purchasable","17":"product-type-simple"},"_links":{"self":[{"href":"https:\/\/roveyayinevi.com.tr\/index.php\/wp-json\/wp\/v2\/product\/693077","targetHints":{"allow":["GET"]}}],"collection":[{"href":"https:\/\/roveyayinevi.com.tr\/index.php\/wp-json\/wp\/v2\/product"}],"about":[{"href":"https:\/\/roveyayinevi.com.tr\/index.php\/wp-json\/wp\/v2\/types\/product"}],"wp:attachment":[{"href":"https:\/\/roveyayinevi.com.tr\/index.php\/wp-json\/wp\/v2\/media?parent=693077"}],"wp:term":[{"taxonomy":"product_brand","embeddable":true,"href":"https:\/\/roveyayinevi.com.tr\/index.php\/wp-json\/wp\/v2\/product_brand?post=693077"},{"taxonomy":"product_cat","embeddable":true,"href":"https:\/\/roveyayinevi.com.tr\/index.php\/wp-json\/wp\/v2\/product_cat?post=693077"},{"taxonomy":"product_tag","embeddable":true,"href":"https:\/\/roveyayinevi.com.tr\/index.php\/wp-json\/wp\/v2\/product_tag?post=693077"}],"curies":[{"name":"wp","href":"https:\/\/api.w.org\/{rel}","templated":true}]}}