{"id":693075,"date":"2025-08-27T14:11:35","date_gmt":"2025-08-27T11:11:35","guid":{"rendered":"https:\/\/roveyayinevi.com.tr\/index.php\/urun\/mesnevi-serhi\/"},"modified":"2026-04-16T02:03:02","modified_gmt":"2026-04-15T23:03:02","slug":"mesnevi-serhi","status":"publish","type":"product","link":"https:\/\/roveyayinevi.com.tr\/index.php\/urun\/mesnevi-serhi\/","title":{"rendered":"Mesnevi \u015eerhi"},"content":{"rendered":"<p>Mesnev\u00ee-i M\u00e2nev\u00ee t\u00fcm insanl\u0131k i\u00e7in yaz\u0131lm\u0131\u015f bir seyr u s\u00fcl\u00fbk rehberidir. Dolay\u0131s\u0131yla bir nev\u2019\u00ee Kur\u2019an-\u0131 Ker\u00eem\u2019in tefsiri mahiyetindedir. Bu m\u00fcstesna eserin ilk k\u0131ssas\u0131 \u2018Padi\u015fah ile Cariye\u2019 hik\u00e2yesidir. Bu k\u0131ssa, hak\u00eekatimizi ve asl\u0131m\u0131z\u0131 bulmak i\u00e7in \u00e7\u0131kt\u0131\u011f\u0131m\u0131z yolculukta hangi merhalelerden ge\u00e7ece\u011fimizi, nelerle kar\u015f\u0131la\u015faca\u011f\u0131m\u0131z\u0131 ve yapmam\u0131z gerekenleri bize remizlerle anlatmaktad\u0131r. Bizi alakadar eden t\u00fcm \u00e2lemleri ve neticede tahsil etmemiz gereken idrak, irfan ve yak\u0131nl\u0131\u011f\u0131 Mesnev\u00ee-i M\u00e2nev\u00ee \u00e7ok g\u00fczel bir \u015fekilde hul\u00e2sa etmi\u015ftir. Hazine k\u0131ymetindeki bu eserin belki de en \u00f6nemli anahtar\u0131 Padi\u015fah-Cariye k\u0131ssas\u0131 olmu\u015ftur. Mesnev\u00ee\u2019deki anlat\u0131m, us\u00fbl ve \u00fcsl\u00fbbun rengini, dokusunu bu hik\u00e2ye ile idrak etmemiz sa\u011flanm\u0131\u015ft\u0131r. \ufffcTan\u0131t\u0131m Metni<\/p>\n","protected":false},"excerpt":{"rendered":"<p>Mesnev\u00ee-i M\u00e2nev\u00ee t\u00fcm insanl\u0131k i\u00e7in yaz\u0131lm\u0131\u015f bir seyr u s\u00fcl\u00fbk rehberidir. Dolay\u0131s\u0131yla bir nev\u2019\u00ee Kur\u2019an-\u0131 Ker\u00eem\u2019in tefsiri mahiyetindedir. Bu m\u00fcstesna eserin ilk k\u0131ssas\u0131 \u2018Padi\u015fah ile Cariye\u2019<span class=\"excerpt-hellip\"> [\u2026]<\/span><\/p>\n","protected":false},"featured_media":0,"template":"","meta":{"_monsterinsights_skip_tracking":false,"_monsterinsights_sitenote_active":false,"_monsterinsights_sitenote_note":"","_monsterinsights_sitenote_category":0},"product_brand":[],"product_cat":[12718,12719,12720],"product_tag":[],"class_list":{"0":"post-693075","1":"product","2":"type-product","3":"status-publish","5":"product_cat-din","6":"product_cat-islam","7":"product_cat-tasavvuf-mezhepler-tarikatlar","8":"pa_cilt-ciltsiz","9":"pa_tur-kitap","10":"pa_yayinevi-sufi-kitap","11":"pa_yazar-m-fatih-citlak","13":"first","14":"instock","15":"sale","16":"shipping-taxable","17":"purchasable","18":"product-type-simple"},"_links":{"self":[{"href":"https:\/\/roveyayinevi.com.tr\/index.php\/wp-json\/wp\/v2\/product\/693075","targetHints":{"allow":["GET"]}}],"collection":[{"href":"https:\/\/roveyayinevi.com.tr\/index.php\/wp-json\/wp\/v2\/product"}],"about":[{"href":"https:\/\/roveyayinevi.com.tr\/index.php\/wp-json\/wp\/v2\/types\/product"}],"wp:attachment":[{"href":"https:\/\/roveyayinevi.com.tr\/index.php\/wp-json\/wp\/v2\/media?parent=693075"}],"wp:term":[{"taxonomy":"product_brand","embeddable":true,"href":"https:\/\/roveyayinevi.com.tr\/index.php\/wp-json\/wp\/v2\/product_brand?post=693075"},{"taxonomy":"product_cat","embeddable":true,"href":"https:\/\/roveyayinevi.com.tr\/index.php\/wp-json\/wp\/v2\/product_cat?post=693075"},{"taxonomy":"product_tag","embeddable":true,"href":"https:\/\/roveyayinevi.com.tr\/index.php\/wp-json\/wp\/v2\/product_tag?post=693075"}],"curies":[{"name":"wp","href":"https:\/\/api.w.org\/{rel}","templated":true}]}}