{"id":693073,"date":"2025-08-27T14:11:34","date_gmt":"2025-08-27T11:11:34","guid":{"rendered":"https:\/\/roveyayinevi.com.tr\/index.php\/urun\/kamil-mursidlerin-mirasi\/"},"modified":"2026-04-16T02:03:02","modified_gmt":"2026-04-15T23:03:02","slug":"kamil-mursidlerin-mirasi","status":"publish","type":"product","link":"https:\/\/roveyayinevi.com.tr\/index.php\/urun\/kamil-mursidlerin-mirasi\/","title":{"rendered":"Kamil M\u00fcr\u015fidlerin Miras\u0131"},"content":{"rendered":"<p>Manevi de\u011fi\u015fimin seyri nas\u0131ld\u0131r? Manevi m\u00fcr\u015fid nas\u0131l olmal\u0131d\u0131r? \u00c7a\u011f\u0131m\u0131zda tasavvuf ve kapsam\u0131 nedir? Tekkeler neden yozla\u015ft\u0131? Beden, nefs ve ruh, vehim ve manevi seyrin dinamikleri nelerdir? \ufffc<\/p>\n","protected":false},"excerpt":{"rendered":"<p>Manevi de\u011fi\u015fimin seyri nas\u0131ld\u0131r? Manevi m\u00fcr\u015fid nas\u0131l olmal\u0131d\u0131r? \u00c7a\u011f\u0131m\u0131zda tasavvuf ve kapsam\u0131 nedir? Tekkeler neden yozla\u015ft\u0131? Beden, nefs ve ruh, vehim ve manevi seyrin dinamikleri nelerdir?<span class=\"excerpt-hellip\"> [\u2026]<\/span><\/p>\n","protected":false},"featured_media":0,"template":"","meta":{"_monsterinsights_skip_tracking":false,"_monsterinsights_sitenote_active":false,"_monsterinsights_sitenote_note":"","_monsterinsights_sitenote_category":0},"product_brand":[],"product_cat":[12718,12719,12720],"product_tag":[],"class_list":{"0":"post-693073","1":"product","2":"type-product","3":"status-publish","5":"product_cat-din","6":"product_cat-islam","7":"product_cat-tasavvuf-mezhepler-tarikatlar","8":"pa_cilt-ciltsiz","9":"pa_tur-kitap","10":"pa_yayinevi-sufi-kitap","11":"pa_yazar-ahmed-yuksel-ozemre","13":"first","14":"instock","15":"sale","16":"shipping-taxable","17":"purchasable","18":"product-type-simple"},"_links":{"self":[{"href":"https:\/\/roveyayinevi.com.tr\/index.php\/wp-json\/wp\/v2\/product\/693073","targetHints":{"allow":["GET"]}}],"collection":[{"href":"https:\/\/roveyayinevi.com.tr\/index.php\/wp-json\/wp\/v2\/product"}],"about":[{"href":"https:\/\/roveyayinevi.com.tr\/index.php\/wp-json\/wp\/v2\/types\/product"}],"wp:attachment":[{"href":"https:\/\/roveyayinevi.com.tr\/index.php\/wp-json\/wp\/v2\/media?parent=693073"}],"wp:term":[{"taxonomy":"product_brand","embeddable":true,"href":"https:\/\/roveyayinevi.com.tr\/index.php\/wp-json\/wp\/v2\/product_brand?post=693073"},{"taxonomy":"product_cat","embeddable":true,"href":"https:\/\/roveyayinevi.com.tr\/index.php\/wp-json\/wp\/v2\/product_cat?post=693073"},{"taxonomy":"product_tag","embeddable":true,"href":"https:\/\/roveyayinevi.com.tr\/index.php\/wp-json\/wp\/v2\/product_tag?post=693073"}],"curies":[{"name":"wp","href":"https:\/\/api.w.org\/{rel}","templated":true}]}}