{"id":693070,"date":"2025-08-27T14:11:34","date_gmt":"2025-08-27T11:11:34","guid":{"rendered":"https:\/\/roveyayinevi.com.tr\/index.php\/urun\/anilardan-oykuler-2\/"},"modified":"2026-04-16T02:03:02","modified_gmt":"2026-04-15T23:03:02","slug":"anilardan-oykuler-2","status":"publish","type":"product","link":"https:\/\/roveyayinevi.com.tr\/index.php\/urun\/anilardan-oykuler-2\/","title":{"rendered":"An\u0131lardan \u00d6yk\u00fcler 2"},"content":{"rendered":"<p>\u0130brahim Zeki Burdurlu, An\u0131lardan \u00d6yk\u00fcler\u2019de ak\u0131c\u0131, yal\u0131n ve duru dili, usta kalemiyle \u00e7ocuklu\u011funda ya\u015fad\u0131klar\u0131n\u0131 ve dinlediklerini sa\u011flam birer \u00f6yk\u00fc kurgusu i\u00e7inde anlat\u0131yor. K\u00f6y, okul ve kent ya\u015fam\u0131ndan, insan s\u0131cakl\u0131\u011f\u0131yla dolu, duygu y\u00fckl\u00fc \u00f6yk\u00fcler&#8230; \u0130ki ciltte toplanan bu \u00f6yk\u00fcleri okurken \u00e7ocuklu\u011fun ve ilkgen\u00e7lik ya\u015fant\u0131lar\u0131n\u0131n \u00e7alkant\u0131lar\u0131n\u0131 hissedecek, \u00f6yk\u00fclerdeki s\u0131ms\u0131cak y\u00fcrek at\u0131\u015flar\u0131n\u0131 duyacaks\u0131n\u0131z&#8230; \ufffcTan\u0131t\u0131m Metni<\/p>\n","protected":false},"excerpt":{"rendered":"<p>\u0130brahim Zeki Burdurlu, An\u0131lardan \u00d6yk\u00fcler\u2019de ak\u0131c\u0131, yal\u0131n ve duru dili, usta kalemiyle \u00e7ocuklu\u011funda ya\u015fad\u0131klar\u0131n\u0131 ve dinlediklerini sa\u011flam birer \u00f6yk\u00fc kurgusu i\u00e7inde anlat\u0131yor. K\u00f6y, okul ve kent<span class=\"excerpt-hellip\"> [\u2026]<\/span><\/p>\n","protected":false},"featured_media":0,"template":"","meta":{"_monsterinsights_skip_tracking":false,"_monsterinsights_sitenote_active":false,"_monsterinsights_sitenote_note":"","_monsterinsights_sitenote_category":0},"product_brand":[],"product_cat":[12274,12284],"product_tag":[],"class_list":{"0":"post-693070","1":"product","2":"type-product","3":"status-publish","5":"product_cat-cocuk-ve-genclik-kitaplari","6":"product_cat-hikayeler","7":"pa_tur-kitap","8":"pa_yayinevi-tudem-yayinlari","9":"pa_yazar-ibrahim-zeki-burdurlu","11":"first","12":"instock","13":"sale","14":"shipping-taxable","15":"purchasable","16":"product-type-simple"},"_links":{"self":[{"href":"https:\/\/roveyayinevi.com.tr\/index.php\/wp-json\/wp\/v2\/product\/693070","targetHints":{"allow":["GET"]}}],"collection":[{"href":"https:\/\/roveyayinevi.com.tr\/index.php\/wp-json\/wp\/v2\/product"}],"about":[{"href":"https:\/\/roveyayinevi.com.tr\/index.php\/wp-json\/wp\/v2\/types\/product"}],"wp:attachment":[{"href":"https:\/\/roveyayinevi.com.tr\/index.php\/wp-json\/wp\/v2\/media?parent=693070"}],"wp:term":[{"taxonomy":"product_brand","embeddable":true,"href":"https:\/\/roveyayinevi.com.tr\/index.php\/wp-json\/wp\/v2\/product_brand?post=693070"},{"taxonomy":"product_cat","embeddable":true,"href":"https:\/\/roveyayinevi.com.tr\/index.php\/wp-json\/wp\/v2\/product_cat?post=693070"},{"taxonomy":"product_tag","embeddable":true,"href":"https:\/\/roveyayinevi.com.tr\/index.php\/wp-json\/wp\/v2\/product_tag?post=693070"}],"curies":[{"name":"wp","href":"https:\/\/api.w.org\/{rel}","templated":true}]}}