{"id":693068,"date":"2025-08-27T14:11:33","date_gmt":"2025-08-27T11:11:33","guid":{"rendered":"https:\/\/roveyayinevi.com.tr\/index.php\/urun\/avrupa-hunlari\/"},"modified":"2026-04-16T02:03:02","modified_gmt":"2026-04-15T23:03:02","slug":"avrupa-hunlari","status":"publish","type":"product","link":"https:\/\/roveyayinevi.com.tr\/index.php\/urun\/avrupa-hunlari\/","title":{"rendered":"Avrupa Hunlar\u0131"},"content":{"rendered":"<p>Uzun bir tarih\u00ee s\u00fcre\u00e7 i\u00e7erisinde Asya bozk\u0131rlar\u0131nda ya\u015fayan T\u00fcrkler , Hunlar ile birlikte farkl\u0131 bir co\u011frafya olan Do\u011fu Avrupa sahas\u0131na y\u00f6nelmeye ba\u015flam\u0131\u015flard\u0131r. Hunlar\u0131n Avrupa i\u00e7lerinde g\u00f6r\u00fclmeleri: Sabarlar, Avarlar , Kumanlar, Hazarlar, Bulgarlar, Pe\u00e7enekler gibi \u00e7e\u015fitli T\u00fcrk boylar\u0131n\u0131n da buralara ilerlemelerine basamak ve temel te\u015fkil etmi\u015ftir.    Avrupa Hunlar\u0131, IV. y\u00fczy\u0131l\u0131n sonlar\u0131nda Avrupa \u00f6nlerinde g\u00f6r\u00fcnmelerinden, da\u011f\u0131l\u0131\u015f devreleri olan V. y\u00fczy\u0131l\u0131n ikinci yar\u0131s\u0131na kadar Avrupa tarihinde derin izler b\u0131rakt\u0131lar. Bu sebeple Avrupa Hun tarihinin ayd\u0131nlat\u0131lmas\u0131, daha sonraki devirlere de \u0131\u015f\u0131k tutacakt\u0131r. Elinizdeki eser de Avrupa Hunlar\u0131\u2019n\u0131n tarihini orijinal kaynaklar yard\u0131m\u0131yla ayd\u0131nlatmaya \u00e7al\u0131\u015fmaktad\u0131r. <\/p>\n","protected":false},"excerpt":{"rendered":"<p>Uzun bir tarih\u00ee s\u00fcre\u00e7 i\u00e7erisinde Asya bozk\u0131rlar\u0131nda ya\u015fayan T\u00fcrkler , Hunlar ile birlikte farkl\u0131 bir co\u011frafya olan Do\u011fu Avrupa sahas\u0131na y\u00f6nelmeye ba\u015flam\u0131\u015flard\u0131r. Hunlar\u0131n Avrupa i\u00e7lerinde g\u00f6r\u00fclmeleri:<span class=\"excerpt-hellip\"> [\u2026]<\/span><\/p>\n","protected":false},"featured_media":0,"template":"","meta":{"_monsterinsights_skip_tracking":false,"_monsterinsights_sitenote_active":false,"_monsterinsights_sitenote_note":"","_monsterinsights_sitenote_category":0},"product_brand":[],"product_cat":[12370,12304],"product_tag":[],"class_list":{"0":"post-693068","1":"product","2":"type-product","3":"status-publish","5":"product_cat-arastirma-inceleme","6":"product_cat-tarih","7":"pa_cilt-ciltsiz","8":"pa_tur-kitap","9":"pa_yayinevi-yeditepe-yayinevi","10":"pa_yazar-ali-ahmetbeyoglu","12":"first","13":"instock","14":"sale","15":"shipping-taxable","16":"purchasable","17":"product-type-simple"},"_links":{"self":[{"href":"https:\/\/roveyayinevi.com.tr\/index.php\/wp-json\/wp\/v2\/product\/693068","targetHints":{"allow":["GET"]}}],"collection":[{"href":"https:\/\/roveyayinevi.com.tr\/index.php\/wp-json\/wp\/v2\/product"}],"about":[{"href":"https:\/\/roveyayinevi.com.tr\/index.php\/wp-json\/wp\/v2\/types\/product"}],"wp:attachment":[{"href":"https:\/\/roveyayinevi.com.tr\/index.php\/wp-json\/wp\/v2\/media?parent=693068"}],"wp:term":[{"taxonomy":"product_brand","embeddable":true,"href":"https:\/\/roveyayinevi.com.tr\/index.php\/wp-json\/wp\/v2\/product_brand?post=693068"},{"taxonomy":"product_cat","embeddable":true,"href":"https:\/\/roveyayinevi.com.tr\/index.php\/wp-json\/wp\/v2\/product_cat?post=693068"},{"taxonomy":"product_tag","embeddable":true,"href":"https:\/\/roveyayinevi.com.tr\/index.php\/wp-json\/wp\/v2\/product_tag?post=693068"}],"curies":[{"name":"wp","href":"https:\/\/api.w.org\/{rel}","templated":true}]}}