{"id":693067,"date":"2025-08-27T14:11:33","date_gmt":"2025-08-27T11:11:33","guid":{"rendered":"https:\/\/roveyayinevi.com.tr\/index.php\/urun\/efe-hazretleri\/"},"modified":"2026-04-16T02:03:01","modified_gmt":"2026-04-15T23:03:01","slug":"efe-hazretleri","status":"publish","type":"product","link":"https:\/\/roveyayinevi.com.tr\/index.php\/urun\/efe-hazretleri\/","title":{"rendered":"Efe Hazretleri"},"content":{"rendered":"<p>Me\u015fhur lakab\u0131  Alvarl\u0131 Efe  olan Muhammed Lutf\u00ee Hazretleri (1868-1956) de\u011feri y\u00fcksek ve derecesi y\u00fcce Allah dostlar\u0131ndand\u0131r. Uzun y\u0131llar Alvar K\u00f6y\u00fc\u2019nde imaml\u0131k ve ir\u015fad vazifesini \u00eef\u00e2 etmi\u015ftir. H\u00e2l ve kem\u00e2l, ilim ve irfan sahibi insanlara h\u00fcrmet ve muhabbet if\u00e2desi  Efendi  unvan\u0131n\u0131n k\u0131salt\u0131lm\u0131\u015f \u015fekli olan  Efe  nam\u0131yla an\u0131lmaktad\u0131r. Elinizdeki bu kitapta usta gazeteci Tuncay Op\u00e7in soruyor; T\u00fcrk-\u0130sl\u00e2m medeniyetine hizmetleriyle tan\u0131nan, Efe Hazretleri Vakf\u0131\u2019n\u0131n kurucular\u0131ndan Hattat H\u00fcseyin Kutlu Hocaefendi g\u00f6n\u00fcllere h\u00fckmeden m\u00e2n\u00e2 erini anlat\u0131yor. Efe Hazretleri\u2019nin ilk hocas\u0131, muhterem babas\u0131, z\u00e2hir\u00ee ve b\u00e2t\u0131n\u00ee ilimlerde yed-i t\u00fbl\u00e2 sahibi H\u00e2ce H\u00fcseyin Efendi ve \u015feyhleri Hac\u0131 Feyzullah Efendi ile M\u00eer Hamza Nig\u00e2r\u00ee\u2019yi; kuds\u00ee nazar\u0131 ve ir\u015fad\u0131yla Alvar \u0130mam\u0131\u2019n\u0131n Nak\u015fibend\u00ee tar\u00eekatinin alt\u0131n halkas\u0131na d\u00e2hil oldu\u011fu P\u00eer Muhammed K\u00fcfrev\u00ee Hazretleri\u2019ni; b\u0131rakt\u0131\u011f\u0131 en \u00f6nemli eseri, yeg\u00e2ne o\u011flu ve m\u00fcmtaz hal\u00eefesi Seyfeddin Efendi\u2019yi; m\u00fccahid kimli\u011fini, c\u00f6mertli\u011fini k\u0131saca M\u00e2neviy\u00e2t Efe\u2019sinin hayat\u0131n\u0131 okuyacaks\u0131n\u0131z. <\/p>\n","protected":false},"excerpt":{"rendered":"<p>Me\u015fhur lakab\u0131 Alvarl\u0131 Efe olan Muhammed Lutf\u00ee Hazretleri (1868-1956) de\u011feri y\u00fcksek ve derecesi y\u00fcce Allah dostlar\u0131ndand\u0131r. Uzun y\u0131llar Alvar K\u00f6y\u00fc\u2019nde imaml\u0131k ve ir\u015fad vazifesini \u00eef\u00e2 etmi\u015ftir.<span class=\"excerpt-hellip\"> [\u2026]<\/span><\/p>\n","protected":false},"featured_media":0,"template":"","meta":{"_monsterinsights_skip_tracking":false,"_monsterinsights_sitenote_active":false,"_monsterinsights_sitenote_note":"","_monsterinsights_sitenote_category":0},"product_brand":[],"product_cat":[18094,12718,12719],"product_tag":[],"class_list":{"0":"post-693067","1":"product","2":"type-product","3":"status-publish","5":"product_cat-biyografi-otobiyografi-islam","6":"product_cat-din","7":"product_cat-islam","8":"pa_cilt-ciltsiz","9":"pa_tur-kitap","10":"pa_yayinevi-sufi-kitap","11":"pa_yazar-huseyin-kutlu","13":"first","14":"instock","15":"sale","16":"shipping-taxable","17":"purchasable","18":"product-type-simple"},"_links":{"self":[{"href":"https:\/\/roveyayinevi.com.tr\/index.php\/wp-json\/wp\/v2\/product\/693067","targetHints":{"allow":["GET"]}}],"collection":[{"href":"https:\/\/roveyayinevi.com.tr\/index.php\/wp-json\/wp\/v2\/product"}],"about":[{"href":"https:\/\/roveyayinevi.com.tr\/index.php\/wp-json\/wp\/v2\/types\/product"}],"wp:attachment":[{"href":"https:\/\/roveyayinevi.com.tr\/index.php\/wp-json\/wp\/v2\/media?parent=693067"}],"wp:term":[{"taxonomy":"product_brand","embeddable":true,"href":"https:\/\/roveyayinevi.com.tr\/index.php\/wp-json\/wp\/v2\/product_brand?post=693067"},{"taxonomy":"product_cat","embeddable":true,"href":"https:\/\/roveyayinevi.com.tr\/index.php\/wp-json\/wp\/v2\/product_cat?post=693067"},{"taxonomy":"product_tag","embeddable":true,"href":"https:\/\/roveyayinevi.com.tr\/index.php\/wp-json\/wp\/v2\/product_tag?post=693067"}],"curies":[{"name":"wp","href":"https:\/\/api.w.org\/{rel}","templated":true}]}}