{"id":693059,"date":"2025-08-27T14:11:31","date_gmt":"2025-08-27T11:11:31","guid":{"rendered":"https:\/\/roveyayinevi.com.tr\/index.php\/urun\/ask-ile-an-seyretmek\/"},"modified":"2026-04-16T02:03:01","modified_gmt":"2026-04-15T23:03:01","slug":"ask-ile-an-seyretmek","status":"publish","type":"product","link":"https:\/\/roveyayinevi.com.tr\/index.php\/urun\/ask-ile-an-seyretmek\/","title":{"rendered":"A\u015fk ile An Seyretmek"},"content":{"rendered":"<p>Bu topra\u011f\u0131n manevi mimarlar\u0131ndan Erzurumlu \u0130brahim Hakk\u0131 Hazretleri, ilim ile irfan\u0131, ak\u0131l ile kalbi, zahir ile b\u00e2t\u0131n\u0131 kendisinde birle\u015ftirmi\u015f bir ulu ki\u015fidir. \u0130ki kanatl\u0131d\u0131r; bu y\u00fczden u\u00e7ar, uruc eder, ba\u015fka yerlerden haberler getirir. Maneviyat \u00e2leminde bir y\u0131ld\u0131zd\u0131r, \u015fiirleri okuruna ruh \u00fcfler, Marifetname\u2019si \u015fa\u015f\u0131rt\u0131c\u0131 bir evrendir. <\/p>\n","protected":false},"excerpt":{"rendered":"<p>Bu topra\u011f\u0131n manevi mimarlar\u0131ndan Erzurumlu \u0130brahim Hakk\u0131 Hazretleri, ilim ile irfan\u0131, ak\u0131l ile kalbi, zahir ile b\u00e2t\u0131n\u0131 kendisinde birle\u015ftirmi\u015f bir ulu ki\u015fidir. \u0130ki kanatl\u0131d\u0131r; bu y\u00fczden<span class=\"excerpt-hellip\"> [\u2026]<\/span><\/p>\n","protected":false},"featured_media":0,"template":"","meta":{"_monsterinsights_skip_tracking":false,"_monsterinsights_sitenote_active":false,"_monsterinsights_sitenote_note":"","_monsterinsights_sitenote_category":0},"product_brand":[],"product_cat":[12718,12719,12720],"product_tag":[],"class_list":{"0":"post-693059","1":"product","2":"type-product","3":"status-publish","5":"product_cat-din","6":"product_cat-islam","7":"product_cat-tasavvuf-mezhepler-tarikatlar","8":"pa_cilt-ciltsiz","9":"pa_tur-kitap","10":"pa_yayinevi-sufi-kitap","11":"pa_yazar-belkis-ibrahimhakkioglu","13":"first","14":"instock","15":"sale","16":"shipping-taxable","17":"purchasable","18":"product-type-simple"},"_links":{"self":[{"href":"https:\/\/roveyayinevi.com.tr\/index.php\/wp-json\/wp\/v2\/product\/693059","targetHints":{"allow":["GET"]}}],"collection":[{"href":"https:\/\/roveyayinevi.com.tr\/index.php\/wp-json\/wp\/v2\/product"}],"about":[{"href":"https:\/\/roveyayinevi.com.tr\/index.php\/wp-json\/wp\/v2\/types\/product"}],"wp:attachment":[{"href":"https:\/\/roveyayinevi.com.tr\/index.php\/wp-json\/wp\/v2\/media?parent=693059"}],"wp:term":[{"taxonomy":"product_brand","embeddable":true,"href":"https:\/\/roveyayinevi.com.tr\/index.php\/wp-json\/wp\/v2\/product_brand?post=693059"},{"taxonomy":"product_cat","embeddable":true,"href":"https:\/\/roveyayinevi.com.tr\/index.php\/wp-json\/wp\/v2\/product_cat?post=693059"},{"taxonomy":"product_tag","embeddable":true,"href":"https:\/\/roveyayinevi.com.tr\/index.php\/wp-json\/wp\/v2\/product_tag?post=693059"}],"curies":[{"name":"wp","href":"https:\/\/api.w.org\/{rel}","templated":true}]}}