{"id":693058,"date":"2025-08-27T14:11:31","date_gmt":"2025-08-27T11:11:31","guid":{"rendered":"https:\/\/roveyayinevi.com.tr\/index.php\/urun\/ask-bir-davaya-benzer\/"},"modified":"2026-04-16T02:03:01","modified_gmt":"2026-04-15T23:03:01","slug":"ask-bir-davaya-benzer","status":"publish","type":"product","link":"https:\/\/roveyayinevi.com.tr\/index.php\/urun\/ask-bir-davaya-benzer\/","title":{"rendered":"A\u015fk Bir Davaya Benzer"},"content":{"rendered":"<p>H. Nur Art\u0131ran, A\u015fk Bir Davaya Benzer\u2019de Mesnev\u00ee\u2019den yola \u00e7\u0131karak Peygamber Efendimiz (sav), \u015eems-i Tebriz\u00ee, zikir, \u015f\u00fck\u00fcr, sab\u0131r, ibadetlerimizdeki as\u0131l gaye, g\u00f6zya\u015flar\u0131m\u0131z ac\u0131 ve \u0131st\u0131raplar\u0131m\u0131zda gizlenen ne\u015feli m\u00fcjde, az yemenin-az konu\u015fman\u0131n-az uyuman\u0131n hikmeti, Efendimize sevdirilen koku, ge\u00e7mi\u015f ve gelece\u011fimiz, \u00f6l\u00fcm ve \u00f6tesi gibi t\u00fcm hayat\u0131m\u0131z\u0131 \u015fekillendiren \u00e7ok \u00f6nemli bahisleri kaleme al\u0131yor. Mesnev\u00ee\u2019nin \u0131\u015f\u0131\u011f\u0131nda yap\u0131lan yorumlar; ayet ve hadislerle teyit edilerek Kur\u2019an ile Mesnev\u00ee aras\u0131ndaki ba\u011f a\u00e7\u0131k bir \u015fekilde g\u00f6zler \u00f6n\u00fcne seriliyor. Ad\u0131n\u0131 A\u2019raf s\u00fbresi 172. ayetten ve Hz. Mevl\u00e2n\u00e2\u2019n\u0131n bir Mesnev\u00ee beyitinden alan A\u015fk Bir Davaya Benzer isimli eser, kul olman\u0131n temelini te\u015fkil eden on sekiz b\u00f6l\u00fcmden olu\u015fmaktad\u0131r. \u0130l\u00e2h\u00ee olan bu ezel davas\u0131n\u0131n kazan\u0131lmas\u0131 \u2018A\u015eK\u2019 kelimesinin i\u00e7inde s\u0131rlanm\u0131\u015ft\u0131r. \u2018K\u00e2f, H\u00e2, Ayn, Sad\u2019 harflerinin ifade etti\u011fi led\u00fcn m\u00e2n\u00e2s\u0131 ile de kelama, sese, s\u00f6ze getirilip de\u011ferli okuyuculara arma\u011fan edilmi\u015ftir. <\/p>\n","protected":false},"excerpt":{"rendered":"<p>H. Nur Art\u0131ran, A\u015fk Bir Davaya Benzer\u2019de Mesnev\u00ee\u2019den yola \u00e7\u0131karak Peygamber Efendimiz (sav), \u015eems-i Tebriz\u00ee, zikir, \u015f\u00fck\u00fcr, sab\u0131r, ibadetlerimizdeki as\u0131l gaye, g\u00f6zya\u015flar\u0131m\u0131z ac\u0131 ve \u0131st\u0131raplar\u0131m\u0131zda gizlenen<span class=\"excerpt-hellip\"> [\u2026]<\/span><\/p>\n","protected":false},"featured_media":0,"template":"","meta":{"_monsterinsights_skip_tracking":false,"_monsterinsights_sitenote_active":false,"_monsterinsights_sitenote_note":"","_monsterinsights_sitenote_category":0},"product_brand":[],"product_cat":[12718,12719,12720],"product_tag":[],"class_list":{"0":"post-693058","1":"product","2":"type-product","3":"status-publish","5":"product_cat-din","6":"product_cat-islam","7":"product_cat-tasavvuf-mezhepler-tarikatlar","8":"pa_cilt-ciltsiz","9":"pa_tur-kitap","10":"pa_yayinevi-sufi-kitap","11":"pa_yazar-h-nur-artiran","13":"first","14":"instock","15":"sale","16":"shipping-taxable","17":"purchasable","18":"product-type-simple"},"_links":{"self":[{"href":"https:\/\/roveyayinevi.com.tr\/index.php\/wp-json\/wp\/v2\/product\/693058","targetHints":{"allow":["GET"]}}],"collection":[{"href":"https:\/\/roveyayinevi.com.tr\/index.php\/wp-json\/wp\/v2\/product"}],"about":[{"href":"https:\/\/roveyayinevi.com.tr\/index.php\/wp-json\/wp\/v2\/types\/product"}],"wp:attachment":[{"href":"https:\/\/roveyayinevi.com.tr\/index.php\/wp-json\/wp\/v2\/media?parent=693058"}],"wp:term":[{"taxonomy":"product_brand","embeddable":true,"href":"https:\/\/roveyayinevi.com.tr\/index.php\/wp-json\/wp\/v2\/product_brand?post=693058"},{"taxonomy":"product_cat","embeddable":true,"href":"https:\/\/roveyayinevi.com.tr\/index.php\/wp-json\/wp\/v2\/product_cat?post=693058"},{"taxonomy":"product_tag","embeddable":true,"href":"https:\/\/roveyayinevi.com.tr\/index.php\/wp-json\/wp\/v2\/product_tag?post=693058"}],"curies":[{"name":"wp","href":"https:\/\/api.w.org\/{rel}","templated":true}]}}