{"id":693056,"date":"2025-08-27T14:11:31","date_gmt":"2025-08-27T11:11:31","guid":{"rendered":"https:\/\/roveyayinevi.com.tr\/index.php\/urun\/kirk-mektup\/"},"modified":"2026-04-16T02:03:01","modified_gmt":"2026-04-15T23:03:01","slug":"kirk-mektup","status":"publish","type":"product","link":"https:\/\/roveyayinevi.com.tr\/index.php\/urun\/kirk-mektup\/","title":{"rendered":"K\u0131rk Mektup"},"content":{"rendered":"<p>T\u00fbt\u00ee \u0130hsan Efendi isimli bir gen\u00e7, tasavvufa al\u00e2ka duymaya ba\u015flad\u0131\u011f\u0131 s\u0131ralarda, ya\u015fad\u0131\u011f\u0131 \u015fehir olan Kumanova (Makedonya)\u2019ya nadiren gelen bir \u015feyhin meclisinde bulunur ve onun tesiri alt\u0131nda kal\u0131r. Fakat hi\u00e7 bilmedi\u011fi bu m\u00e2nev\u00ee cazibeye birdenbire kap\u0131lmaktan korkar. Bu hususta dan\u0131\u015fmak i\u00e7in babas\u0131n\u0131n amcas\u0131 olan ve K\u00f6stendil (Bulgaristan)\u2019de adeta uzlet hayat\u0131 ya\u015fayan Ank\u00e2z\u00e2de Hal\u00eel Efendi\u2019ye mektup yazmaya karar verir. B\u00f6ylece bu z\u00e2tla m\u00e2nev\u00ee irtibat\u0131 ba\u015flam\u0131\u015f olur&#8230; K\u0131rk Mektup, i\u015fte Ank\u00e2z\u00e2de Hal\u00eel Efendi\u2019nin T\u00fbti \u0130hsan Efendi\u2019ye yazd\u0131\u011f\u0131 bu cevab\u00ee mektuplardan olu\u015fuyor. \u0130radesiyle gelip talepte bulunan m\u00fcr\u00eed ile ona hizmet eden m\u00fcr\u015fidin remizleri olmu\u015f bu iki isim \u00fczerinden edep, erk\u00e2n, tasavvuf, tar\u00eekat, intisab, dervi\u015f \u00e7eyizi, m\u00fcr\u00eedlerin halleri, seyr \u00fc s\u00fcl\u00fbktaki mertebeler gibi hususlar\u0131n aktar\u0131ld\u0131\u011f\u0131, esas\u0131nda bir\u00e7ok mektubun ve m\u00fcr\u015fid\u00e2ne sohbetin hul\u00e2sas\u0131 niteli\u011findeki bu kitap, bug\u00fcn\u00fcn meselelerine ve m\u00e2nev\u00ee m\u00fc\u015fk\u00fcllerine de \u00e7\u00f6z\u00fcmler getiriyor. \ufffcTan\u0131t\u0131m Metni<\/p>\n","protected":false},"excerpt":{"rendered":"<p>T\u00fbt\u00ee \u0130hsan Efendi isimli bir gen\u00e7, tasavvufa al\u00e2ka duymaya ba\u015flad\u0131\u011f\u0131 s\u0131ralarda, ya\u015fad\u0131\u011f\u0131 \u015fehir olan Kumanova (Makedonya)\u2019ya nadiren gelen bir \u015feyhin meclisinde bulunur ve onun tesiri alt\u0131nda<span class=\"excerpt-hellip\"> [\u2026]<\/span><\/p>\n","protected":false},"featured_media":0,"template":"","meta":{"_monsterinsights_skip_tracking":false,"_monsterinsights_sitenote_active":false,"_monsterinsights_sitenote_note":"","_monsterinsights_sitenote_category":0},"product_brand":[],"product_cat":[12718,12719,15238],"product_tag":[],"class_list":{"0":"post-693056","1":"product","2":"type-product","3":"status-publish","5":"product_cat-din","6":"product_cat-islam","7":"product_cat-tasavvuf","8":"pa_cilt-ciltsiz","9":"pa_tur-kitap","10":"pa_yayinevi-sufi-kitap","11":"pa_yazar-m-fatih-citlak","13":"first","14":"instock","15":"sale","16":"shipping-taxable","17":"purchasable","18":"product-type-simple"},"_links":{"self":[{"href":"https:\/\/roveyayinevi.com.tr\/index.php\/wp-json\/wp\/v2\/product\/693056","targetHints":{"allow":["GET"]}}],"collection":[{"href":"https:\/\/roveyayinevi.com.tr\/index.php\/wp-json\/wp\/v2\/product"}],"about":[{"href":"https:\/\/roveyayinevi.com.tr\/index.php\/wp-json\/wp\/v2\/types\/product"}],"wp:attachment":[{"href":"https:\/\/roveyayinevi.com.tr\/index.php\/wp-json\/wp\/v2\/media?parent=693056"}],"wp:term":[{"taxonomy":"product_brand","embeddable":true,"href":"https:\/\/roveyayinevi.com.tr\/index.php\/wp-json\/wp\/v2\/product_brand?post=693056"},{"taxonomy":"product_cat","embeddable":true,"href":"https:\/\/roveyayinevi.com.tr\/index.php\/wp-json\/wp\/v2\/product_cat?post=693056"},{"taxonomy":"product_tag","embeddable":true,"href":"https:\/\/roveyayinevi.com.tr\/index.php\/wp-json\/wp\/v2\/product_tag?post=693056"}],"curies":[{"name":"wp","href":"https:\/\/api.w.org\/{rel}","templated":true}]}}