{"id":693053,"date":"2025-08-27T14:11:30","date_gmt":"2025-08-27T11:11:30","guid":{"rendered":"https:\/\/roveyayinevi.com.tr\/index.php\/urun\/cimri-5\/"},"modified":"2026-04-16T02:03:01","modified_gmt":"2026-04-15T23:03:01","slug":"cimri-5","status":"publish","type":"product","link":"https:\/\/roveyayinevi.com.tr\/index.php\/urun\/cimri-5\/","title":{"rendered":"Cimri"},"content":{"rendered":"<p>Moliere\u2019in \u00fcnl\u00fc yap\u0131tlar\u0131ndan olan Cimri, \u00fclkemizde 100 y\u0131l\u0131 a\u015fk\u0131n bir s\u00fcreden beri tan\u0131nmakta, okurlar\u0131n be\u011fenisiyle kar\u015f\u0131lanmaktad\u0131r. Seyircinin ve okurun yer yer geleneksel tiyatromuzla da ba\u011f kurabildi\u011fi bu klasik yap\u0131tta, d\u00f6nemin \u00f6zelliklerini yans\u0131tan vurgulamalar ve asl\u0131na sad\u0131k yorumlar sunuluyor. \ufffcTan\u0131t\u0131m Metni<\/p>\n","protected":false},"excerpt":{"rendered":"<p>Moliere\u2019in \u00fcnl\u00fc yap\u0131tlar\u0131ndan olan Cimri, \u00fclkemizde 100 y\u0131l\u0131 a\u015fk\u0131n bir s\u00fcreden beri tan\u0131nmakta, okurlar\u0131n be\u011fenisiyle kar\u015f\u0131lanmaktad\u0131r. Seyircinin ve okurun yer yer geleneksel tiyatromuzla da ba\u011f kurabildi\u011fi<span class=\"excerpt-hellip\"> [\u2026]<\/span><\/p>\n","protected":false},"featured_media":0,"template":"","meta":{"_monsterinsights_skip_tracking":false,"_monsterinsights_sitenote_active":false,"_monsterinsights_sitenote_note":"","_monsterinsights_sitenote_category":0},"product_brand":[],"product_cat":[12291,14272],"product_tag":[],"class_list":{"0":"post-693053","1":"product","2":"type-product","3":"status-publish","5":"product_cat-edebiyat","6":"product_cat-tiyatro","7":"pa_cilt-ciltsiz","8":"pa_tur-kitap","9":"pa_yayinevi-remzi-kitabevi","10":"pa_yazar-jean-baptiste-poquelin-moliere","12":"first","13":"instock","14":"sale","15":"shipping-taxable","16":"purchasable","17":"product-type-simple"},"_links":{"self":[{"href":"https:\/\/roveyayinevi.com.tr\/index.php\/wp-json\/wp\/v2\/product\/693053","targetHints":{"allow":["GET"]}}],"collection":[{"href":"https:\/\/roveyayinevi.com.tr\/index.php\/wp-json\/wp\/v2\/product"}],"about":[{"href":"https:\/\/roveyayinevi.com.tr\/index.php\/wp-json\/wp\/v2\/types\/product"}],"wp:attachment":[{"href":"https:\/\/roveyayinevi.com.tr\/index.php\/wp-json\/wp\/v2\/media?parent=693053"}],"wp:term":[{"taxonomy":"product_brand","embeddable":true,"href":"https:\/\/roveyayinevi.com.tr\/index.php\/wp-json\/wp\/v2\/product_brand?post=693053"},{"taxonomy":"product_cat","embeddable":true,"href":"https:\/\/roveyayinevi.com.tr\/index.php\/wp-json\/wp\/v2\/product_cat?post=693053"},{"taxonomy":"product_tag","embeddable":true,"href":"https:\/\/roveyayinevi.com.tr\/index.php\/wp-json\/wp\/v2\/product_tag?post=693053"}],"curies":[{"name":"wp","href":"https:\/\/api.w.org\/{rel}","templated":true}]}}