{"id":693047,"date":"2025-08-27T14:11:29","date_gmt":"2025-08-27T11:11:29","guid":{"rendered":"https:\/\/roveyayinevi.com.tr\/index.php\/urun\/askin-celladi-ve-diger-psikoterapi-oykuleri\/"},"modified":"2026-04-16T02:03:01","modified_gmt":"2026-04-15T23:03:01","slug":"askin-celladi-ve-diger-psikoterapi-oykuleri","status":"publish","type":"product","link":"https:\/\/roveyayinevi.com.tr\/index.php\/urun\/askin-celladi-ve-diger-psikoterapi-oykuleri\/","title":{"rendered":"A\u015fk\u0131n Cellad\u0131 ve Di\u011fer Psikoterapi \u00d6yk\u00fcleri"},"content":{"rendered":"<p>Elinizdeki bu kitapta, psikoterapist Irvin D. Yalom&#8217;un yaln\u0131zl\u0131k, \u00f6l\u00fcm korkusu, ya\u015fama amac\u0131m\u0131 yitirme gibi, asl\u0131nda hi\u00e7birimizin tamamen ka\u00e7amayaca\u011f\u0131 temel insanl\u0131k kayg\u0131lar\u0131ndan rahats\u0131z olan hastalar\u0131yla yapt\u0131\u011f\u0131 \u00e7al\u0131\u015fmalardan se\u00e7ti\u011fi, on ilgin\u00e7 \u00f6yk\u00fc bulacaks\u0131n\u0131z.<\/p>\n","protected":false},"excerpt":{"rendered":"<p>Elinizdeki bu kitapta, psikoterapist Irvin D. Yalom&#8217;un yaln\u0131zl\u0131k, \u00f6l\u00fcm korkusu, ya\u015fama amac\u0131m\u0131 yitirme gibi, asl\u0131nda hi\u00e7birimizin tamamen ka\u00e7amayaca\u011f\u0131 temel insanl\u0131k kayg\u0131lar\u0131ndan rahats\u0131z olan hastalar\u0131yla yapt\u0131\u011f\u0131 \u00e7al\u0131\u015fmalardan<span class=\"excerpt-hellip\"> [\u2026]<\/span><\/p>\n","protected":false},"featured_media":0,"template":"","meta":{"_monsterinsights_skip_tracking":false,"_monsterinsights_sitenote_active":false,"_monsterinsights_sitenote_note":"","_monsterinsights_sitenote_category":0},"product_brand":[],"product_cat":[12358,12357],"product_tag":[],"class_list":{"0":"post-693047","1":"product","2":"type-product","3":"status-publish","5":"product_cat-genel-psikoloji","6":"product_cat-psikoloji","7":"pa_cilt-ciltsiz","8":"pa_tur-kitap","9":"pa_yayinevi-remzi-kitabevi","10":"pa_yazar-irvin-d-yalom","12":"first","13":"instock","14":"sale","15":"shipping-taxable","16":"purchasable","17":"product-type-simple"},"_links":{"self":[{"href":"https:\/\/roveyayinevi.com.tr\/index.php\/wp-json\/wp\/v2\/product\/693047","targetHints":{"allow":["GET"]}}],"collection":[{"href":"https:\/\/roveyayinevi.com.tr\/index.php\/wp-json\/wp\/v2\/product"}],"about":[{"href":"https:\/\/roveyayinevi.com.tr\/index.php\/wp-json\/wp\/v2\/types\/product"}],"wp:attachment":[{"href":"https:\/\/roveyayinevi.com.tr\/index.php\/wp-json\/wp\/v2\/media?parent=693047"}],"wp:term":[{"taxonomy":"product_brand","embeddable":true,"href":"https:\/\/roveyayinevi.com.tr\/index.php\/wp-json\/wp\/v2\/product_brand?post=693047"},{"taxonomy":"product_cat","embeddable":true,"href":"https:\/\/roveyayinevi.com.tr\/index.php\/wp-json\/wp\/v2\/product_cat?post=693047"},{"taxonomy":"product_tag","embeddable":true,"href":"https:\/\/roveyayinevi.com.tr\/index.php\/wp-json\/wp\/v2\/product_tag?post=693047"}],"curies":[{"name":"wp","href":"https:\/\/api.w.org\/{rel}","templated":true}]}}