{"id":693045,"date":"2025-08-27T14:11:28","date_gmt":"2025-08-27T11:11:28","guid":{"rendered":"https:\/\/roveyayinevi.com.tr\/index.php\/urun\/psikiyatrinin-abcsi\/"},"modified":"2026-04-16T02:03:01","modified_gmt":"2026-04-15T23:03:01","slug":"psikiyatrinin-abcsi","status":"publish","type":"product","link":"https:\/\/roveyayinevi.com.tr\/index.php\/urun\/psikiyatrinin-abcsi\/","title":{"rendered":"Psikiyatrinin ABC\u2019si"},"content":{"rendered":"<p>Stres ve bir\u00e7ok d\u0131\u015f etkenle m\u00fccadele etmek zorunda kalan g\u00fcn\u00fcm\u00fcz insan\u0131 i\u00e7in psikiyatri bilimi ve psikoterapilerin \u00f6nemi gittik\u00e7e artmaktad\u0131r. Psikiyatri\u2019nin ABC\u2019si; fobiler, antisosyal ki\u015filik bozukluklar\u0131, maj\u00f6r depresyon, paranoid bozukluklar gibi bir\u00e7ok ruhsal rahats\u0131zl\u0131\u011f\u0131n ve tedavi y\u00f6ntemlerinin ele al\u0131nd\u0131\u011f\u0131 \u00f6nemli bir kaynakt\u0131r. Yazar Prof. Dr. Cengiz G\u00fcle\u00e7 ruhsal ra-hats\u0131zl\u0131klar\u0131 al\u0131\u015f\u0131lm\u0131\u015f kal\u0131plar\u0131n d\u0131\u015f\u0131na \u00e7\u0131karak birey ve k\u00fclt\u00fcr ekseninde ele almaktad\u0131r. Bu ba\u011flamda bu eser hem kendisini hem de \u00e7evresindeki insanlar\u0131 anlamak isteyen bireyler i\u00e7in \u00f6nemli bir rehber olacakt\u0131r. <\/p>\n","protected":false},"excerpt":{"rendered":"<p>Stres ve bir\u00e7ok d\u0131\u015f etkenle m\u00fccadele etmek zorunda kalan g\u00fcn\u00fcm\u00fcz insan\u0131 i\u00e7in psikiyatri bilimi ve psikoterapilerin \u00f6nemi gittik\u00e7e artmaktad\u0131r. Psikiyatri\u2019nin ABC\u2019si; fobiler, antisosyal ki\u015filik bozukluklar\u0131, maj\u00f6r<span class=\"excerpt-hellip\"> [\u2026]<\/span><\/p>\n","protected":false},"featured_media":0,"template":"","meta":{"_monsterinsights_skip_tracking":false,"_monsterinsights_sitenote_active":false,"_monsterinsights_sitenote_note":"","_monsterinsights_sitenote_category":0},"product_brand":[],"product_cat":[12312,12304],"product_tag":[],"class_list":{"0":"post-693045","1":"product","2":"type-product","3":"status-publish","5":"product_cat-diger","6":"product_cat-tarih","7":"pa_cilt-ciltsiz","8":"pa_tur-kitap","9":"pa_yayinevi-say-yayinlari","10":"pa_yazar-cengiz-gulec","12":"first","13":"instock","14":"sale","15":"shipping-taxable","16":"purchasable","17":"product-type-simple"},"_links":{"self":[{"href":"https:\/\/roveyayinevi.com.tr\/index.php\/wp-json\/wp\/v2\/product\/693045","targetHints":{"allow":["GET"]}}],"collection":[{"href":"https:\/\/roveyayinevi.com.tr\/index.php\/wp-json\/wp\/v2\/product"}],"about":[{"href":"https:\/\/roveyayinevi.com.tr\/index.php\/wp-json\/wp\/v2\/types\/product"}],"wp:attachment":[{"href":"https:\/\/roveyayinevi.com.tr\/index.php\/wp-json\/wp\/v2\/media?parent=693045"}],"wp:term":[{"taxonomy":"product_brand","embeddable":true,"href":"https:\/\/roveyayinevi.com.tr\/index.php\/wp-json\/wp\/v2\/product_brand?post=693045"},{"taxonomy":"product_cat","embeddable":true,"href":"https:\/\/roveyayinevi.com.tr\/index.php\/wp-json\/wp\/v2\/product_cat?post=693045"},{"taxonomy":"product_tag","embeddable":true,"href":"https:\/\/roveyayinevi.com.tr\/index.php\/wp-json\/wp\/v2\/product_tag?post=693045"}],"curies":[{"name":"wp","href":"https:\/\/api.w.org\/{rel}","templated":true}]}}