{"id":693044,"date":"2025-08-27T14:11:28","date_gmt":"2025-08-27T11:11:28","guid":{"rendered":"https:\/\/roveyayinevi.com.tr\/index.php\/urun\/psikanaliz-ve-din\/"},"modified":"2026-04-16T02:03:01","modified_gmt":"2026-04-15T23:03:01","slug":"psikanaliz-ve-din","status":"publish","type":"product","link":"https:\/\/roveyayinevi.com.tr\/index.php\/urun\/psikanaliz-ve-din\/","title":{"rendered":"Psikanaliz ve Din"},"content":{"rendered":"<p>Erich Fromm, bu klasik eserde, i\u00e7g\u00fcd\u00fcsel ve maddi ihtiya\u00e7lar\u0131n giderilmesini ya\u015fam\u0131n tek gayesi olarak g\u00f6ren psikanaliz ile din aras\u0131ndaki gerilimi de\u011ferlendirmektedir. Fromm, psikanalizin dinin ne d\u00fc\u015fman\u0131 oldu\u011funu ne de onu savundu\u011funu, daha ziyade dini \u00f6\u011fretilerin ard\u0131ndaki insan ger\u00e7e\u011finin ve b\u00fct\u00fcn b\u00fcy\u00fck dini \u00f6\u011fretilerin \u00f6z\u00fcnde yer alan insani de\u011ferlerin fark\u0131na var\u0131lmas\u0131yla ilgilendi\u011fini \u00f6ne s\u00fcrmektedir. <\/p>\n","protected":false},"excerpt":{"rendered":"<p>Erich Fromm, bu klasik eserde, i\u00e7g\u00fcd\u00fcsel ve maddi ihtiya\u00e7lar\u0131n giderilmesini ya\u015fam\u0131n tek gayesi olarak g\u00f6ren psikanaliz ile din aras\u0131ndaki gerilimi de\u011ferlendirmektedir. Fromm, psikanalizin dinin ne d\u00fc\u015fman\u0131<span class=\"excerpt-hellip\"> [\u2026]<\/span><\/p>\n","protected":false},"featured_media":0,"template":"","meta":{"_monsterinsights_skip_tracking":false,"_monsterinsights_sitenote_active":false,"_monsterinsights_sitenote_note":"","_monsterinsights_sitenote_category":0},"product_brand":[],"product_cat":[13772,12364],"product_tag":[],"class_list":{"0":"post-693044","1":"product","2":"type-product","3":"status-publish","5":"product_cat-basvuru-kitaplari","6":"product_cat-genel-konular","7":"pa_cilt-ciltsiz","8":"pa_tur-kitap","9":"pa_yayinevi-say-yayinlari","10":"pa_yazar-erich-fromm","12":"first","13":"instock","14":"sale","15":"shipping-taxable","16":"purchasable","17":"product-type-simple"},"_links":{"self":[{"href":"https:\/\/roveyayinevi.com.tr\/index.php\/wp-json\/wp\/v2\/product\/693044","targetHints":{"allow":["GET"]}}],"collection":[{"href":"https:\/\/roveyayinevi.com.tr\/index.php\/wp-json\/wp\/v2\/product"}],"about":[{"href":"https:\/\/roveyayinevi.com.tr\/index.php\/wp-json\/wp\/v2\/types\/product"}],"wp:attachment":[{"href":"https:\/\/roveyayinevi.com.tr\/index.php\/wp-json\/wp\/v2\/media?parent=693044"}],"wp:term":[{"taxonomy":"product_brand","embeddable":true,"href":"https:\/\/roveyayinevi.com.tr\/index.php\/wp-json\/wp\/v2\/product_brand?post=693044"},{"taxonomy":"product_cat","embeddable":true,"href":"https:\/\/roveyayinevi.com.tr\/index.php\/wp-json\/wp\/v2\/product_cat?post=693044"},{"taxonomy":"product_tag","embeddable":true,"href":"https:\/\/roveyayinevi.com.tr\/index.php\/wp-json\/wp\/v2\/product_tag?post=693044"}],"curies":[{"name":"wp","href":"https:\/\/api.w.org\/{rel}","templated":true}]}}