{"id":693042,"date":"2025-08-27T14:11:28","date_gmt":"2025-08-27T11:11:28","guid":{"rendered":"https:\/\/roveyayinevi.com.tr\/index.php\/urun\/ates-yillari\/"},"modified":"2026-04-16T02:03:01","modified_gmt":"2026-04-15T23:03:01","slug":"ates-yillari","status":"publish","type":"product","link":"https:\/\/roveyayinevi.com.tr\/index.php\/urun\/ates-yillari\/","title":{"rendered":"Ate\u015f Y\u0131llar\u0131"},"content":{"rendered":"<p>Ailesini koruyabilmek ve yurt savunmas\u0131nda daha fazla katk\u0131da bulunabilmek u\u011fruna i\u015fgal alt\u0131ndaki \u0130stanbul\u2019u terk edip Amasya\u2019ya yerle\u015fen e\u011fitimci Abbas bey, zorba ve ikiy\u00fczl\u00fc her devrin adam\u0131 kom\u015fusundan  \u00e7ok tedirgin olmaktad\u0131r. Pontus \u00e7eteleri her g\u00fcn bir yerleri yak\u0131p y\u0131kmakta, g\u00fcnahs\u0131z insanlar\u0131 \u00f6ld\u00fcrmektedir. Anneleri Rum, babalar\u0131 T\u00fcrk olan Ahmet\u2019le Mehmet ikizdirler ve ayn\u0131 koleje gitmektedir.   \u0130kizlerden Ahmet, kand\u0131r\u0131larak Hristiyan yap\u0131l\u0131r. Ayn\u0131 zamanda Pontus \u00e7eteleri i\u00e7inde g\u00f6rev almas\u0131 i\u00e7in bask\u0131ya u\u011framaktad\u0131r. Durumun \u00f6nemini kavrayan Mehmet Kemal,  karde\u015fini bu durumdan kurtarmaya kararl\u0131d\u0131r.  Fakat O\u2019nun da ad\u0131 G\u00e2vur Mehmet\u2019e \u00e7\u0131kar. \u0130\u015fler her ge\u00e7en g\u00fcn kar\u0131\u015fmaktad\u0131r. Mehmet Kemal, \u00fclkesine t\u0131p alan\u0131nda hizmet etme a\u015fk\u0131yla, t\u0131pta okumak i\u00e7in \u0130stanbul\u2019a gelir. Bir g\u00fcn iki \u0130ngiliz askerini vurmak zorunda kalan Mehmet Kemal, \u00fc\u00e7 duvarl\u0131 h\u00fccreye at\u0131l\u0131r. \u015eimdi O\u2019nun i\u00e7in korkun\u00e7 bir ya\u015fam sava\u015f\u0131 ba\u015flam\u0131\u015ft\u0131r. O\u2019na bir mucize gereklidir. Bu s\u0131ralarda Anadolu, bir yang\u0131n yeri gibi ate\u015f i\u00e7indedir. <\/p>\n","protected":false},"excerpt":{"rendered":"<p>Ailesini koruyabilmek ve yurt savunmas\u0131nda daha fazla katk\u0131da bulunabilmek u\u011fruna i\u015fgal alt\u0131ndaki \u0130stanbul\u2019u terk edip Amasya\u2019ya yerle\u015fen e\u011fitimci Abbas bey, zorba ve ikiy\u00fczl\u00fc her devrin adam\u0131<span class=\"excerpt-hellip\"> [\u2026]<\/span><\/p>\n","protected":false},"featured_media":0,"template":"","meta":{"_monsterinsights_skip_tracking":false,"_monsterinsights_sitenote_active":false,"_monsterinsights_sitenote_note":"","_monsterinsights_sitenote_category":0},"product_brand":[],"product_cat":[12291,12292],"product_tag":[],"class_list":{"0":"post-693042","1":"product","2":"type-product","3":"status-publish","5":"product_cat-edebiyat","6":"product_cat-turk-edebiyati","7":"pa_cilt-ciltsiz","8":"pa_tur-kitap","9":"pa_yayinevi-tekin-yayinevi","10":"pa_yazar-hasan-izzettin-dinamo","12":"first","13":"instock","14":"sale","15":"shipping-taxable","16":"purchasable","17":"product-type-simple"},"_links":{"self":[{"href":"https:\/\/roveyayinevi.com.tr\/index.php\/wp-json\/wp\/v2\/product\/693042","targetHints":{"allow":["GET"]}}],"collection":[{"href":"https:\/\/roveyayinevi.com.tr\/index.php\/wp-json\/wp\/v2\/product"}],"about":[{"href":"https:\/\/roveyayinevi.com.tr\/index.php\/wp-json\/wp\/v2\/types\/product"}],"wp:attachment":[{"href":"https:\/\/roveyayinevi.com.tr\/index.php\/wp-json\/wp\/v2\/media?parent=693042"}],"wp:term":[{"taxonomy":"product_brand","embeddable":true,"href":"https:\/\/roveyayinevi.com.tr\/index.php\/wp-json\/wp\/v2\/product_brand?post=693042"},{"taxonomy":"product_cat","embeddable":true,"href":"https:\/\/roveyayinevi.com.tr\/index.php\/wp-json\/wp\/v2\/product_cat?post=693042"},{"taxonomy":"product_tag","embeddable":true,"href":"https:\/\/roveyayinevi.com.tr\/index.php\/wp-json\/wp\/v2\/product_tag?post=693042"}],"curies":[{"name":"wp","href":"https:\/\/api.w.org\/{rel}","templated":true}]}}