{"id":693039,"date":"2025-08-27T14:11:27","date_gmt":"2025-08-27T11:11:27","guid":{"rendered":"https:\/\/roveyayinevi.com.tr\/index.php\/urun\/psikanalizin-bunalimi\/"},"modified":"2026-04-16T02:03:01","modified_gmt":"2026-04-15T23:03:01","slug":"psikanalizin-bunalimi","status":"publish","type":"product","link":"https:\/\/roveyayinevi.com.tr\/index.php\/urun\/psikanalizin-bunalimi\/","title":{"rendered":"Psikanalizin Bunal\u0131m\u0131"},"content":{"rendered":"<p>Psikanalizin Bunal\u0131m\u0131, Erich Fromm&#8217;un farkl\u0131 tarihlerde (1923-1969), Freud, Marx ve Sosyal Psikoloji \u00fczerine yazd\u0131\u011f\u0131 makalelerden olu\u015fur. Freud ve Marx&#8217;\u0131n kuramlar\u0131 aras\u0131ndaki ili\u015fki \u00fczerine yap\u0131lan zihin buland\u0131r\u0131c\u0131 ve amat\u00f6rce tart\u0131\u015fmalar masaya yat\u0131r\u0131l\u0131r. Esas olarak psikanalitik kurama \u00f6ncelik tan\u0131n\u0131p, psikanalizdeki geli\u015fimin toplumsal etkileri \u00e7\u00f6z\u00fcmlenmeye \u00e7al\u0131\u015f\u0131l\u0131r. \u00c7\u00fcnk\u00fc Fromm&#8217;a g\u00f6re psikanaliz,   o y\u00fcce ideolojilerin maskesi ard\u0131ndaki \u00f6l\u00fcm sevdal\u0131lar\u0131n\u0131 fark etmemizi ve onlar\u0131n ne s\u00f6ylediklerini de\u011fil de, ne olduklar\u0131n\u0131 g\u00f6rmemizi sa\u011flar.   Ve yine Fromm&#8217;a g\u00f6re,   \u0130nsan ad\u0131na, bar\u0131\u015f ad\u0131na ya da Tanr\u0131 ad\u0131na konu\u015fmak, bu s\u00f6zler &#8216;Ya\u015fam ad\u0131na!&#8217; ile ba\u015flay\u0131p bitmedi\u011fi s\u00fcrece belirsiz olarak kalacakt\u0131r. <\/p>\n","protected":false},"excerpt":{"rendered":"<p>Psikanalizin Bunal\u0131m\u0131, Erich Fromm&#8217;un farkl\u0131 tarihlerde (1923-1969), Freud, Marx ve Sosyal Psikoloji \u00fczerine yazd\u0131\u011f\u0131 makalelerden olu\u015fur. Freud ve Marx&#8217;\u0131n kuramlar\u0131 aras\u0131ndaki ili\u015fki \u00fczerine yap\u0131lan zihin buland\u0131r\u0131c\u0131<span class=\"excerpt-hellip\"> [\u2026]<\/span><\/p>\n","protected":false},"featured_media":0,"template":"","meta":{"_monsterinsights_skip_tracking":false,"_monsterinsights_sitenote_active":false,"_monsterinsights_sitenote_note":"","_monsterinsights_sitenote_category":0},"product_brand":[],"product_cat":[12358,12357],"product_tag":[],"class_list":{"0":"post-693039","1":"product","2":"type-product","3":"status-publish","5":"product_cat-genel-psikoloji","6":"product_cat-psikoloji","7":"pa_cilt-ciltsiz","8":"pa_tur-kitap","9":"pa_yayinevi-say-yayinlari","10":"pa_yazar-erich-fromm","12":"first","13":"instock","14":"sale","15":"shipping-taxable","16":"purchasable","17":"product-type-simple"},"_links":{"self":[{"href":"https:\/\/roveyayinevi.com.tr\/index.php\/wp-json\/wp\/v2\/product\/693039","targetHints":{"allow":["GET"]}}],"collection":[{"href":"https:\/\/roveyayinevi.com.tr\/index.php\/wp-json\/wp\/v2\/product"}],"about":[{"href":"https:\/\/roveyayinevi.com.tr\/index.php\/wp-json\/wp\/v2\/types\/product"}],"wp:attachment":[{"href":"https:\/\/roveyayinevi.com.tr\/index.php\/wp-json\/wp\/v2\/media?parent=693039"}],"wp:term":[{"taxonomy":"product_brand","embeddable":true,"href":"https:\/\/roveyayinevi.com.tr\/index.php\/wp-json\/wp\/v2\/product_brand?post=693039"},{"taxonomy":"product_cat","embeddable":true,"href":"https:\/\/roveyayinevi.com.tr\/index.php\/wp-json\/wp\/v2\/product_cat?post=693039"},{"taxonomy":"product_tag","embeddable":true,"href":"https:\/\/roveyayinevi.com.tr\/index.php\/wp-json\/wp\/v2\/product_tag?post=693039"}],"curies":[{"name":"wp","href":"https:\/\/api.w.org\/{rel}","templated":true}]}}