{"id":693038,"date":"2025-08-27T14:11:27","date_gmt":"2025-08-27T11:11:27","guid":{"rendered":"https:\/\/roveyayinevi.com.tr\/index.php\/urun\/modernite-kapitalizm-sosyalizm\/"},"modified":"2026-04-16T02:03:01","modified_gmt":"2026-04-15T23:03:01","slug":"modernite-kapitalizm-sosyalizm","status":"publish","type":"product","link":"https:\/\/roveyayinevi.com.tr\/index.php\/urun\/modernite-kapitalizm-sosyalizm\/","title":{"rendered":"Modernite, Kapitalizm, Sosyalizm"},"content":{"rendered":"<p>E\u015fitsizli\u011fin art\u0131\u015f\u0131 hemen hi\u00e7bir zaman ekonomik bir sorunun habercisinden \u00f6te bir durum olarak de\u011ferlendirilmez. E\u015fitsizli\u011fin toplumun b\u00fct\u00fcn\u00fcne verebilece\u011fi zararlar\u0131n tart\u0131\u015f\u0131ld\u0131\u011f\u0131 g\u00f6rece nadir anlarda ise, vurgulanan \u00e7o\u011funlukla asayi\u015f ve d\u00fczenin bundan ne y\u00f6nde etkilenebilece\u011fidir. Ancak bu sorunun bireylerin fiziksel ve ruhsal sa\u011fl\u0131\u011f\u0131n\u0131, g\u00fcnl\u00fck ya\u015fam kalitesini, siyasal ya\u015fama kat\u0131l\u0131m\u0131n gidi\u015fat\u0131n\u0131 ve toplumu birle\u015ftiren ba\u011flar\u0131n g\u00fcc\u00fcn\u00fc ne boyutta tehdit etti\u011fi g\u00f6rmezden gelinir. Hatta ve hatta toplumun refah seviyesinin, kar\u015f\u0131la\u015f\u0131lan engelleri a\u015fabilmekteki dirayetinin ve bunu kollamakla m\u00fckellef y\u00f6netici kesiminin ba\u015far\u0131s\u0131n\u0131n veya ba\u015far\u0131s\u0131zl\u0131\u011f\u0131n\u0131n yeg\u00e2ne g\u00f6stergesi, s\u0131kl\u0131kla bireylerin ortalama geliri ve varl\u0131\u011f\u0131 olarak kabul edilir; gelir da\u011f\u0131l\u0131m\u0131ndaki e\u015fitsizli\u011fin boyutu hesaba kat\u0131lmaz. Bu tercihten \u00e7\u0131kar\u0131lmas\u0131 gereken anlam, e\u015fitsizli\u011fin kendi i\u00e7inde ne toplum i\u00e7in bir tehdit, ne de toplumun b\u00fct\u00fcn\u00fcn\u00fc etkileyen sorunlar\u0131n kaynaklar\u0131ndan biri olarak alg\u0131lanmad\u0131\u011f\u0131d\u0131r. Zygmunt Bauman bu kitab\u0131nda bir modernite projesi olan ilerlemenin iki cephede iflas edi\u015fini ele al\u0131yor ve modernitenin sosyalizm s\u00fcr\u00fcm\u00fcn\u00fcn e\u015fitlik vaadiyle yola \u00e7\u0131k\u0131p diktat\u00f6rl\u00fckle son buldu\u011funu; kapitalizm s\u00fcr\u00fcm\u00fcn\u00fcn ise sermayenin uluslararas\u0131 hukukun yeterli yapt\u0131r\u0131m g\u00fcc\u00fcne sahip olmad\u0131\u011f\u0131 ko\u015fullarda ilkel sermaye birikimi d\u00f6nemindeki ac\u0131mas\u0131z mant\u0131\u011f\u0131na geri d\u00f6nmeye \u00e7al\u0131\u015ft\u0131\u011f\u0131n\u0131 vurguluyor. \ufffcTan\u0131t\u0131m Metni<\/p>\n","protected":false},"excerpt":{"rendered":"<p>E\u015fitsizli\u011fin art\u0131\u015f\u0131 hemen hi\u00e7bir zaman ekonomik bir sorunun habercisinden \u00f6te bir durum olarak de\u011ferlendirilmez. E\u015fitsizli\u011fin toplumun b\u00fct\u00fcn\u00fcne verebilece\u011fi zararlar\u0131n tart\u0131\u015f\u0131ld\u0131\u011f\u0131 g\u00f6rece nadir anlarda ise, vurgulanan \u00e7o\u011funlukla<span class=\"excerpt-hellip\"> [\u2026]<\/span><\/p>\n","protected":false},"featured_media":0,"template":"","meta":{"_monsterinsights_skip_tracking":false,"_monsterinsights_sitenote_active":false,"_monsterinsights_sitenote_note":"","_monsterinsights_sitenote_category":0},"product_brand":[],"product_cat":[12338,12337],"product_tag":[],"class_list":{"0":"post-693038","1":"product","2":"type-product","3":"status-publish","5":"product_cat-dunya-siyaseti-ve-politikasi","6":"product_cat-politika-siyaset","7":"pa_cilt-ciltsiz","8":"pa_tur-kitap","9":"pa_yayinevi-say-yayinlari","10":"pa_yazar-zygmunt-bauman","12":"first","13":"instock","14":"sale","15":"shipping-taxable","16":"purchasable","17":"product-type-simple"},"_links":{"self":[{"href":"https:\/\/roveyayinevi.com.tr\/index.php\/wp-json\/wp\/v2\/product\/693038","targetHints":{"allow":["GET"]}}],"collection":[{"href":"https:\/\/roveyayinevi.com.tr\/index.php\/wp-json\/wp\/v2\/product"}],"about":[{"href":"https:\/\/roveyayinevi.com.tr\/index.php\/wp-json\/wp\/v2\/types\/product"}],"wp:attachment":[{"href":"https:\/\/roveyayinevi.com.tr\/index.php\/wp-json\/wp\/v2\/media?parent=693038"}],"wp:term":[{"taxonomy":"product_brand","embeddable":true,"href":"https:\/\/roveyayinevi.com.tr\/index.php\/wp-json\/wp\/v2\/product_brand?post=693038"},{"taxonomy":"product_cat","embeddable":true,"href":"https:\/\/roveyayinevi.com.tr\/index.php\/wp-json\/wp\/v2\/product_cat?post=693038"},{"taxonomy":"product_tag","embeddable":true,"href":"https:\/\/roveyayinevi.com.tr\/index.php\/wp-json\/wp\/v2\/product_tag?post=693038"}],"curies":[{"name":"wp","href":"https:\/\/api.w.org\/{rel}","templated":true}]}}