{"id":693032,"date":"2025-08-27T14:10:11","date_gmt":"2025-08-27T11:10:11","guid":{"rendered":"https:\/\/roveyayinevi.com.tr\/index.php\/urun\/ah-beyoglu-vah-beyoglu-salah-bey-tarihi-2\/"},"modified":"2026-04-16T02:03:01","modified_gmt":"2026-04-15T23:03:01","slug":"ah-beyoglu-vah-beyoglu-salah-bey-tarihi-2","status":"publish","type":"product","link":"https:\/\/roveyayinevi.com.tr\/index.php\/urun\/ah-beyoglu-vah-beyoglu-salah-bey-tarihi-2\/","title":{"rendered":"Ah Beyo\u011flu Vah Beyo\u011flu &#8211; Sal\u00e2h Bey Tarihi: 2"},"content":{"rendered":"<p>Yery\u00fcz\u00fcn\u00fcn belli ba\u015fl\u0131 mitolojik kentlerinden biri \u0130stanbul, kentin \u015fahdamar\u0131 Beyo\u011flu. Her yi\u011fidin harc\u0131 de\u011fil b\u00f6yle zorlu bir konuyu ku\u015fatmak. Sal\u00e2h Birsel&#8217;in bo\u015funa en \u00fcnl\u00fc kitab\u0131 olmam\u0131\u015ft\u0131r: Ah Beyo\u011flu Vah Beyo\u011flu, yay\u0131mland\u0131\u011f\u0131 1976 y\u0131l\u0131ndan bu yana, edebiyat\u0131m\u0131z\u0131n k\u00fclt kitaplar\u0131ndan biri say\u0131lagelmi\u015fse, bunun en somut nedeni bir benzerinin kaleme al\u0131namam\u0131\u015f olmas\u0131ndan geliyor. Ah Beyo\u011flu Vah Beyo\u011flu yaln\u0131zca bir semtin, bir caddenin panoramik tarihi olarak s\u0131n\u0131rlanamaz: Ayn\u0131 zamanda bir d\u00f6nemin \u00e7okrenkli tan\u0131\u011f\u0131d\u0131r. Daha da \u00f6nemlisi: T\u00fcrk Edebiyat\u0131&#8217;n\u0131n en keyifli yaz\u0131lar\u0131ndan biri.- Enis Batur &#8211;<\/p>\n","protected":false},"excerpt":{"rendered":"<p>Yery\u00fcz\u00fcn\u00fcn belli ba\u015fl\u0131 mitolojik kentlerinden biri \u0130stanbul, kentin \u015fahdamar\u0131 Beyo\u011flu. Her yi\u011fidin harc\u0131 de\u011fil b\u00f6yle zorlu bir konuyu ku\u015fatmak. Sal\u00e2h Birsel&#8217;in bo\u015funa en \u00fcnl\u00fc kitab\u0131 olmam\u0131\u015ft\u0131r:<span class=\"excerpt-hellip\"> [\u2026]<\/span><\/p>\n","protected":false},"featured_media":0,"template":"","meta":{"_monsterinsights_skip_tracking":false,"_monsterinsights_sitenote_active":false,"_monsterinsights_sitenote_note":"","_monsterinsights_sitenote_category":0},"product_brand":[],"product_cat":[13054,20153],"product_tag":[],"class_list":{"0":"post-693032","1":"product","2":"type-product","3":"status-publish","5":"product_cat-gezi-ve-rehber-kitaplari","6":"product_cat-istanbul-rehberi","7":"pa_cilt-ciltsiz","8":"pa_tur-kitap","9":"pa_yayinevi-sel-yayincilik","10":"pa_yazar-salah-birsel","12":"first","13":"instock","14":"sale","15":"shipping-taxable","16":"purchasable","17":"product-type-simple"},"_links":{"self":[{"href":"https:\/\/roveyayinevi.com.tr\/index.php\/wp-json\/wp\/v2\/product\/693032","targetHints":{"allow":["GET"]}}],"collection":[{"href":"https:\/\/roveyayinevi.com.tr\/index.php\/wp-json\/wp\/v2\/product"}],"about":[{"href":"https:\/\/roveyayinevi.com.tr\/index.php\/wp-json\/wp\/v2\/types\/product"}],"wp:attachment":[{"href":"https:\/\/roveyayinevi.com.tr\/index.php\/wp-json\/wp\/v2\/media?parent=693032"}],"wp:term":[{"taxonomy":"product_brand","embeddable":true,"href":"https:\/\/roveyayinevi.com.tr\/index.php\/wp-json\/wp\/v2\/product_brand?post=693032"},{"taxonomy":"product_cat","embeddable":true,"href":"https:\/\/roveyayinevi.com.tr\/index.php\/wp-json\/wp\/v2\/product_cat?post=693032"},{"taxonomy":"product_tag","embeddable":true,"href":"https:\/\/roveyayinevi.com.tr\/index.php\/wp-json\/wp\/v2\/product_tag?post=693032"}],"curies":[{"name":"wp","href":"https:\/\/api.w.org\/{rel}","templated":true}]}}