{"id":693030,"date":"2025-08-27T14:10:10","date_gmt":"2025-08-27T11:10:10","guid":{"rendered":"https:\/\/roveyayinevi.com.tr\/index.php\/urun\/osmanli-turkcesine-giris\/"},"modified":"2026-04-16T02:03:01","modified_gmt":"2026-04-15T23:03:01","slug":"osmanli-turkcesine-giris","status":"publish","type":"product","link":"https:\/\/roveyayinevi.com.tr\/index.php\/urun\/osmanli-turkcesine-giris\/","title":{"rendered":"Osmanl\u0131 T\u00fcrk\u00e7esine Giri\u015f"},"content":{"rendered":"<p>Osmanl\u0131 T\u00fcrk\u00e7esini \u00f6\u011frenmeye ba\u015flayanlar i\u00e7in haz\u0131rlanan bu kitapta Osmanl\u0131 T\u00fcrk\u00e7esinde kullan\u0131lan Arap alfabesi, harflerin birle\u015ftirilmesi, heceler, okuma y\u00f6ntemleri \u00fczerinde durulmu\u015f, Fars\u00e7an\u0131n ve Arap\u00e7an\u0131n Osmanl\u0131 T\u00fcrk\u00e7esindeki varl\u0131\u011f\u0131 \u00f6z\u00fcyle anlat\u0131lm\u0131\u015f, metin uygulamalar\u0131yla konular\u0131n daha iyi kavranmas\u0131na \u00e7al\u0131\u015f\u0131lm\u0131\u015ft\u0131r. Ayr\u0131ca Eski Anadolu T\u00fcrk\u00e7esine ait \u00f6rnek kelimelerle zenginle\u015ftirilen kitap, kolay anla\u015f\u0131l\u0131r anlat\u0131m\u0131 ve iyi se\u00e7ilmi\u015f \u00f6rnekleriyle Osmanl\u0131 T\u00fcrk\u00e7esini yeni \u00f6\u011frenmeye ba\u015flayanlar i\u00e7in eksiksiz bir temel kaynak niteli\u011findedir. <\/p>\n","protected":false},"excerpt":{"rendered":"<p>Osmanl\u0131 T\u00fcrk\u00e7esini \u00f6\u011frenmeye ba\u015flayanlar i\u00e7in haz\u0131rlanan bu kitapta Osmanl\u0131 T\u00fcrk\u00e7esinde kullan\u0131lan Arap alfabesi, harflerin birle\u015ftirilmesi, heceler, okuma y\u00f6ntemleri \u00fczerinde durulmu\u015f, Fars\u00e7an\u0131n ve Arap\u00e7an\u0131n Osmanl\u0131 T\u00fcrk\u00e7esindeki varl\u0131\u011f\u0131<span class=\"excerpt-hellip\"> [\u2026]<\/span><\/p>\n","protected":false},"featured_media":0,"template":"","meta":{"_monsterinsights_skip_tracking":false,"_monsterinsights_sitenote_active":false,"_monsterinsights_sitenote_note":"","_monsterinsights_sitenote_category":0},"product_brand":[],"product_cat":[12566,13611],"product_tag":[],"class_list":{"0":"post-693030","1":"product","2":"type-product","3":"status-publish","5":"product_cat-egitim","6":"product_cat-sozlukler-ve-konusma-kilavuzlari","7":"pa_cilt-ciltsiz","8":"pa_tur-kitap","9":"pa_yayinevi-say-yayinlari","10":"pa_yazar-mehmet-kanar","12":"first","13":"instock","14":"sale","15":"shipping-taxable","16":"purchasable","17":"product-type-simple"},"_links":{"self":[{"href":"https:\/\/roveyayinevi.com.tr\/index.php\/wp-json\/wp\/v2\/product\/693030","targetHints":{"allow":["GET"]}}],"collection":[{"href":"https:\/\/roveyayinevi.com.tr\/index.php\/wp-json\/wp\/v2\/product"}],"about":[{"href":"https:\/\/roveyayinevi.com.tr\/index.php\/wp-json\/wp\/v2\/types\/product"}],"wp:attachment":[{"href":"https:\/\/roveyayinevi.com.tr\/index.php\/wp-json\/wp\/v2\/media?parent=693030"}],"wp:term":[{"taxonomy":"product_brand","embeddable":true,"href":"https:\/\/roveyayinevi.com.tr\/index.php\/wp-json\/wp\/v2\/product_brand?post=693030"},{"taxonomy":"product_cat","embeddable":true,"href":"https:\/\/roveyayinevi.com.tr\/index.php\/wp-json\/wp\/v2\/product_cat?post=693030"},{"taxonomy":"product_tag","embeddable":true,"href":"https:\/\/roveyayinevi.com.tr\/index.php\/wp-json\/wp\/v2\/product_tag?post=693030"}],"curies":[{"name":"wp","href":"https:\/\/api.w.org\/{rel}","templated":true}]}}