{"id":693029,"date":"2025-08-27T14:10:10","date_gmt":"2025-08-27T11:10:10","guid":{"rendered":"https:\/\/roveyayinevi.com.tr\/index.php\/urun\/nevroz-sorunlari\/"},"modified":"2026-04-13T02:03:35","modified_gmt":"2026-04-12T23:03:35","slug":"nevroz-sorunlari","status":"publish","type":"product","link":"https:\/\/roveyayinevi.com.tr\/index.php\/urun\/nevroz-sorunlari\/","title":{"rendered":"Nevroz Sorunlar\u0131"},"content":{"rendered":"<p>Nevrotik ya\u015fam tarz\u0131, \u015f\u0131mart\u0131lm\u0131\u015f \u00e7ocu\u011fun ya\u015fam tarz\u0131d\u0131r. B\u00f6yle bir ki\u015fi, katk\u0131da bulunmaz, ba\u015fkalar\u0131na yaslan\u0131r. Ondan, eylemleri i\u00e7in sorumluluk \u00fcstlenmesinden \u00e7ok, sorumlulu\u011fun y\u00f6n\u00fcn\u00fc de\u011fi\u015ftirmesi, ba\u015fka fakt\u00f6rleri ya da ki\u015fileri su\u00e7lamas\u0131 beklenir. Nevrotik ya\u015fam tarz\u0131nda, her zaman rakipten ku\u015fkulan\u0131l\u0131r. Bu, genellikle ailenin bir \u00fcyesi, bazen de kar\u015f\u0131 cinsten bir ki\u015fi olabilir. Nevrozda her zaman gizli bir su\u00e7lama \u00f6\u011fesi vard\u0131r; hasta kendisini yoksun b\u0131rak\u0131lm\u0131\u015f hisseder. Nevrotik ki\u015fi, gizli bir \u00f6\u00e7 alma arzusu ve su\u00e7lamayla insanlarla ve kurallarla m\u00fccadele ederken, toplumsal aktiviteyi d\u0131\u015flayarak, doyumsuzluklar\u0131ndan biraz olsun kurtulur. Doyumsuzluk, nevrotik ki\u015finin kar\u015f\u0131la\u015ft\u0131\u011f\u0131 genel ya\u015fama ili\u015fkin sorunlar, \u00e7al\u0131\u015fma ve a\u015fkla y\u00fcz y\u00fcze geldi\u011fi zaman haz\u0131rl\u0131ks\u0131z olmas\u0131 ger\u00e7e\u011finden kaynaklan\u0131r. \u015e\u0131mart\u0131lm\u0131\u015f prototipten geli\u015fmi\u015f t\u00fcm nevrotik ki\u015filer, toplumsal de\u011feri olan bir \u015fey yapt\u0131ktan sonra de\u011fil, yapmadan \u00f6nce takdir edilmeyi beklerler. Bu tip ki\u015filer, vermeden almay\u0131 , her \u015feyi kar\u015f\u0131l\u0131ks\u0131z almay\u0131 , ya hep ya hi\u00e7 demeyi severler. Sonu\u00e7 \u00e7o\u011fu kere hi\u00e7 \u00e7\u0131ksa dahi&#8230; Nevrotik Sorunlar\u2019da incelenen vakalar ve bu vaka analizleri sonunda ortaya \u00e7\u0131kan kuram, klinik psikoloji, rehberlik, psikoterapi ve sosyal \u00e7al\u0131\u015fmalarla ilgili alanlarda e\u011fitim g\u00f6ren \u00f6\u011frencilere ve kendini ve ba\u015fkas\u0131n\u0131 tan\u0131mak isteyen herkese yard\u0131mc\u0131 olacakt\u0131r. \ufffc<\/p>\n","protected":false},"excerpt":{"rendered":"<p>Nevrotik ya\u015fam tarz\u0131, \u015f\u0131mart\u0131lm\u0131\u015f \u00e7ocu\u011fun ya\u015fam tarz\u0131d\u0131r. B\u00f6yle bir ki\u015fi, katk\u0131da bulunmaz, ba\u015fkalar\u0131na yaslan\u0131r. Ondan, eylemleri i\u00e7in sorumluluk \u00fcstlenmesinden \u00e7ok, sorumlulu\u011fun y\u00f6n\u00fcn\u00fc de\u011fi\u015ftirmesi, ba\u015fka fakt\u00f6rleri ya<span class=\"excerpt-hellip\"> [\u2026]<\/span><\/p>\n","protected":false},"featured_media":0,"template":"","meta":{"_monsterinsights_skip_tracking":false,"_monsterinsights_sitenote_active":false,"_monsterinsights_sitenote_note":"","_monsterinsights_sitenote_category":0},"product_brand":[],"product_cat":[12358,12357],"product_tag":[],"class_list":{"0":"post-693029","1":"product","2":"type-product","3":"status-publish","5":"product_cat-genel-psikoloji","6":"product_cat-psikoloji","7":"pa_cilt-ciltsiz","8":"pa_tur-kitap","9":"pa_yayinevi-say-yayinlari","10":"pa_yazar-alfred-adler","12":"first","13":"instock","14":"sale","15":"shipping-taxable","16":"purchasable","17":"product-type-simple"},"_links":{"self":[{"href":"https:\/\/roveyayinevi.com.tr\/index.php\/wp-json\/wp\/v2\/product\/693029","targetHints":{"allow":["GET"]}}],"collection":[{"href":"https:\/\/roveyayinevi.com.tr\/index.php\/wp-json\/wp\/v2\/product"}],"about":[{"href":"https:\/\/roveyayinevi.com.tr\/index.php\/wp-json\/wp\/v2\/types\/product"}],"wp:attachment":[{"href":"https:\/\/roveyayinevi.com.tr\/index.php\/wp-json\/wp\/v2\/media?parent=693029"}],"wp:term":[{"taxonomy":"product_brand","embeddable":true,"href":"https:\/\/roveyayinevi.com.tr\/index.php\/wp-json\/wp\/v2\/product_brand?post=693029"},{"taxonomy":"product_cat","embeddable":true,"href":"https:\/\/roveyayinevi.com.tr\/index.php\/wp-json\/wp\/v2\/product_cat?post=693029"},{"taxonomy":"product_tag","embeddable":true,"href":"https:\/\/roveyayinevi.com.tr\/index.php\/wp-json\/wp\/v2\/product_tag?post=693029"}],"curies":[{"name":"wp","href":"https:\/\/api.w.org\/{rel}","templated":true}]}}