{"id":693022,"date":"2025-08-27T14:10:09","date_gmt":"2025-08-27T11:10:09","guid":{"rendered":"https:\/\/roveyayinevi.com.tr\/index.php\/urun\/nutuk-soylev-2\/"},"modified":"2026-04-16T02:03:00","modified_gmt":"2026-04-15T23:03:00","slug":"nutuk-soylev-2","status":"publish","type":"product","link":"https:\/\/roveyayinevi.com.tr\/index.php\/urun\/nutuk-soylev-2\/","title":{"rendered":"Nutuk (S\u00f6ylev)"},"content":{"rendered":"<p>Ey T\u00fcrk Gen\u00e7li\u011fi! Birinci vazifen, T\u00fcrk istiklalini, T\u00fcrk Cumhuriyetini, ilelebet, muhafaza ve m\u00fcdafaa etmektir. Mevcudiyetininve istikbalinin yeg\u00e2ne temeli budur. Bu temel, senin en k\u0131ymetli hazinendir. \u0130stikbalde dahi, seni bu hazineden mahrumetmek isteyecek dahili ve harici bedhahlar\u0131n olacakt\u0131r. Bir g\u00fcn, \u0130stiklal ve Cumhuriyeti m\u00fcdafaa mecburiyetine d\u00fc\u015fersen,vazifeye at\u0131lmak i\u00e7in i\u00e7inde bulunaca\u011f\u0131n vaziyetin imk\u00e2n ve \u015feraitini d\u00fc\u015f\u00fcnmeyeceksin! Bu imk\u00e2n ve \u015ferait, \u00e7ok nam\u00fcsait birmahiyette tezah\u00fcr edebilir. \u0130stiklal ve Cumhuriyetine kastedecek d\u00fc\u015fmanlar, b\u00fct\u00fcn d\u00fcnyada emsali g\u00f6r\u00fclmemi\u015f birgalibiyetin m\u00fcmessili olabilirler. Cebren ve hile ile aziz vatan\u0131n b\u00fct\u00fcn kaleleri zapt edilmi\u015f, b\u00fct\u00fcn tersanelerine girilmi\u015f, b\u00fct\u00fcnordular\u0131 da\u011f\u0131t\u0131lm\u0131\u015f ve memleketin her k\u00f6\u015fesi bilfiil i\u015fgal edilmi\u015f olabilir. B\u00fct\u00fcn bu \u015feraitten daha elim ve daha vahim olmak\u00fczere, memleketin dahilinde, iktidara sahip olanlar gaflet ve dalalet ve hatta h\u0131yanet i\u00e7inde bulunabilirler. Hatta bu iktidarsahipleri \u015fahsi menfaatlerini, m\u00fcstevlilerin siyasi emelleriyle tevhit edebilirler. Millet, fakr u zaruret i\u00e7inde harap ve bitap d\u00fc\u015fm\u00fc\u015f olabilir.Ey T\u00fcrk istikbalinin evlad\u0131! \u0130\u015fte, bu ahval ve \u015ferait i\u00e7inde dahi vazifen; T\u00fcrk \u0130stiklal ve Cumhuriyetini kurtarmakt\u0131r! Muhta\u00e7oldu\u011fun kudret, damarlar\u0131ndaki asil kanda mevcuttur!Mustafa Kemal Atat\u00fcrkBU K\u0130TAP, T\u00dcRK\u0130YE CUMHUR\u0130YET\u0130 DEVLET\u0130 KURULU\u015e TAR\u0130H\u0130N\u0130N B\u0130R \u00d6ZET\u0130D\u0130R<\/p>\n","protected":false},"excerpt":{"rendered":"<p>Ey T\u00fcrk Gen\u00e7li\u011fi! Birinci vazifen, T\u00fcrk istiklalini, T\u00fcrk Cumhuriyetini, ilelebet, muhafaza ve m\u00fcdafaa etmektir. Mevcudiyetininve istikbalinin yeg\u00e2ne temeli budur. Bu temel, senin en k\u0131ymetli hazinendir. \u0130stikbalde<span class=\"excerpt-hellip\"> [\u2026]<\/span><\/p>\n","protected":false},"featured_media":0,"template":"","meta":{"_monsterinsights_skip_tracking":false,"_monsterinsights_sitenote_active":false,"_monsterinsights_sitenote_note":"","_monsterinsights_sitenote_category":0},"product_brand":[],"product_cat":[12530,12304],"product_tag":[],"class_list":{"0":"post-693022","1":"product","2":"type-product","3":"status-publish","5":"product_cat-mustafa-kemal-ataturk","6":"product_cat-tarih","7":"pa_cilt-ciltsiz","8":"pa_tur-kitap","9":"pa_yayinevi-say-yayinlari","10":"pa_yazar-mustafa-kemal-ataturk","12":"first","13":"instock","14":"sale","15":"shipping-taxable","16":"purchasable","17":"product-type-simple"},"_links":{"self":[{"href":"https:\/\/roveyayinevi.com.tr\/index.php\/wp-json\/wp\/v2\/product\/693022","targetHints":{"allow":["GET"]}}],"collection":[{"href":"https:\/\/roveyayinevi.com.tr\/index.php\/wp-json\/wp\/v2\/product"}],"about":[{"href":"https:\/\/roveyayinevi.com.tr\/index.php\/wp-json\/wp\/v2\/types\/product"}],"wp:attachment":[{"href":"https:\/\/roveyayinevi.com.tr\/index.php\/wp-json\/wp\/v2\/media?parent=693022"}],"wp:term":[{"taxonomy":"product_brand","embeddable":true,"href":"https:\/\/roveyayinevi.com.tr\/index.php\/wp-json\/wp\/v2\/product_brand?post=693022"},{"taxonomy":"product_cat","embeddable":true,"href":"https:\/\/roveyayinevi.com.tr\/index.php\/wp-json\/wp\/v2\/product_cat?post=693022"},{"taxonomy":"product_tag","embeddable":true,"href":"https:\/\/roveyayinevi.com.tr\/index.php\/wp-json\/wp\/v2\/product_tag?post=693022"}],"curies":[{"name":"wp","href":"https:\/\/api.w.org\/{rel}","templated":true}]}}