{"id":693021,"date":"2025-08-27T14:10:08","date_gmt":"2025-08-27T11:10:08","guid":{"rendered":"https:\/\/roveyayinevi.com.tr\/index.php\/urun\/60-mm-dizustu-meskler-ve-iccep-meskleri\/"},"modified":"2026-04-16T02:03:00","modified_gmt":"2026-04-15T23:03:00","slug":"60-mm-dizustu-meskler-ve-iccep-meskleri","status":"publish","type":"product","link":"https:\/\/roveyayinevi.com.tr\/index.php\/urun\/60-mm-dizustu-meskler-ve-iccep-meskleri\/","title":{"rendered":"60 mm Diz\u00fcst\u00fc Me\u015fkler ve \u0130\u00e7cep Me\u015fkleri"},"content":{"rendered":"<p>Hat sanat\u0131nda   me\u015fk  in \u00f6zel, ba\u015f\u0131na buyruk bir yeri oldu\u011fu bilinir. Enis Batur, yazma sanat\u0131nda da benzeri bir tad\u0131n pe\u015fine d\u00fc\u015f\u00fclebilece\u011fini g\u00f6steriyor yeni me\u015fkleriyle: K\u0131san\u0131n asl\u0131nda upuzun, minyat\u00fcr\u00fcn pek\u00e2l\u00e2 \u00fc\u00e7boyutlu, roman\u0131n istenirse birka\u00e7 sat\u0131r olabildi\u011finin kan\u0131t\u0131 bu kitaptaki \u00f6yk\u00fcler, denemeler, d\u00fc\u015fler. <\/p>\n","protected":false},"excerpt":{"rendered":"<p>Hat sanat\u0131nda me\u015fk in \u00f6zel, ba\u015f\u0131na buyruk bir yeri oldu\u011fu bilinir. Enis Batur, yazma sanat\u0131nda da benzeri bir tad\u0131n pe\u015fine d\u00fc\u015f\u00fclebilece\u011fini g\u00f6steriyor yeni me\u015fkleriyle: K\u0131san\u0131n asl\u0131nda<span class=\"excerpt-hellip\"> [\u2026]<\/span><\/p>\n","protected":false},"featured_media":0,"template":"","meta":{"_monsterinsights_skip_tracking":false,"_monsterinsights_sitenote_active":false,"_monsterinsights_sitenote_note":"","_monsterinsights_sitenote_category":0},"product_brand":[],"product_cat":[12777,12291],"product_tag":[],"class_list":{"0":"post-693021","1":"product","2":"type-product","3":"status-publish","5":"product_cat-deneme","6":"product_cat-edebiyat","7":"pa_tur-kitap","8":"pa_yayinevi-sel-yayincilik","9":"pa_yazar-enis-batur","11":"first","12":"instock","13":"sale","14":"shipping-taxable","15":"purchasable","16":"product-type-simple"},"_links":{"self":[{"href":"https:\/\/roveyayinevi.com.tr\/index.php\/wp-json\/wp\/v2\/product\/693021","targetHints":{"allow":["GET"]}}],"collection":[{"href":"https:\/\/roveyayinevi.com.tr\/index.php\/wp-json\/wp\/v2\/product"}],"about":[{"href":"https:\/\/roveyayinevi.com.tr\/index.php\/wp-json\/wp\/v2\/types\/product"}],"wp:attachment":[{"href":"https:\/\/roveyayinevi.com.tr\/index.php\/wp-json\/wp\/v2\/media?parent=693021"}],"wp:term":[{"taxonomy":"product_brand","embeddable":true,"href":"https:\/\/roveyayinevi.com.tr\/index.php\/wp-json\/wp\/v2\/product_brand?post=693021"},{"taxonomy":"product_cat","embeddable":true,"href":"https:\/\/roveyayinevi.com.tr\/index.php\/wp-json\/wp\/v2\/product_cat?post=693021"},{"taxonomy":"product_tag","embeddable":true,"href":"https:\/\/roveyayinevi.com.tr\/index.php\/wp-json\/wp\/v2\/product_tag?post=693021"}],"curies":[{"name":"wp","href":"https:\/\/api.w.org\/{rel}","templated":true}]}}