{"id":693020,"date":"2025-08-27T14:10:08","date_gmt":"2025-08-27T11:10:08","guid":{"rendered":"https:\/\/roveyayinevi.com.tr\/index.php\/urun\/20-yuzyil-bati-sanatinda-akimlar-sanatcilardan-yazilar-ve-aciklamalarlar\/"},"modified":"2026-04-16T02:03:00","modified_gmt":"2026-04-15T23:03:00","slug":"20-yuzyil-bati-sanatinda-akimlar-sanatcilardan-yazilar-ve-aciklamalarlar","status":"publish","type":"product","link":"https:\/\/roveyayinevi.com.tr\/index.php\/urun\/20-yuzyil-bati-sanatinda-akimlar-sanatcilardan-yazilar-ve-aciklamalarlar\/","title":{"rendered":"20. Y\u00fczy\u0131l Bat\u0131 Sanat\u0131nda Ak\u0131mlar (Sanat\u00e7\u0131lardan Yaz\u0131lar ve A\u00e7\u0131klamalarlar)"},"content":{"rendered":"<p>K\u00fcbizm&#8217;den Ger\u00e7ek\u00fcst\u00fcc\u00fcl\u00fc\u011fe, Soyut D\u0131\u015favurumculuktan Pop&#8217;a, Arazi Sanat\u0131&#8217;ndan Performans&#8217;a ve Kimlik Sanat\u0131&#8217;na 20. Y\u00fczy\u0131l Bat\u0131 Sanat\u0131, de\u011fi\u015fen d\u00fcnyada yeni konulara yeni ifade bi\u00e7imleri arayan sanat\u00e7\u0131lar\u0131n ard\u0131 arkas\u0131 kesilmeyen aray\u0131\u015flar\u0131yla \u015fekillenen bir yarat\u0131c\u0131l\u0131k ser\u00fcvenidir. Elinizdeki kitap, ak\u0131mlar halinde geli\u015fen bu ser\u00fcvenin ana noktalar\u0131n\u0131 i\u00e7eren bir rehber olarak \u00e7a\u011f\u0131m\u0131z sanat\u0131na ayna tutuyor, y\u00fcz y\u0131ll\u0131k s\u00fcrece yay\u0131lan d\u00f6nemde birbirini kovalayan yeni olu\u015fumlar\u0131n izini s\u00fcr\u00fcyor. Her biri kendi d\u00f6nemine damgas\u0131n\u0131 vurmu\u015f sanatsal ak\u0131mlar\u0131, onlar\u0131 bizzat ya\u015fayanlar\u0131n yazd\u0131klar\u0131ndan ve anlatt\u0131klar\u0131ndan yap\u0131lm\u0131\u015f bir se\u00e7ki e\u015fli\u011finde okuyabilece\u011finiz kitapta, tarihe yans\u0131yan sayfalar\u0131n sanat\u00e7\u0131larca doldurulmu\u015f sat\u0131r aralar\u0131 var: Picasso ve Braque, K\u00fcbizmi nas\u0131l ke\u015ffetti? F\u00fct\u00fcristler neden m\u00fczeleri y\u0131kmak istiyordu? Malevi\u00e7&#8217;in &#8220;Siyah Kare&#8221;si d\u00f6nemin ele\u015ftirmenlerinin yazd\u0131\u011f\u0131 gibi &#8216;sanat\u0131n sonu&#8217; muydu? Marcel Duchamp neden s\u0131radan bir pisuar\u0131 sergilemek istedi? Chris Burden performanslar\u0131 s\u0131ras\u0131nda dayan\u0131kl\u0131l\u0131\u011f\u0131n s\u0131n\u0131rlar\u0131n\u0131 m\u0131 ara\u015ft\u0131r\u0131yordu? James Luna m\u00fczede neden kendini sergiledi? \ufffcTan\u0131t\u0131m Metni<\/p>\n","protected":false},"excerpt":{"rendered":"<p>K\u00fcbizm&#8217;den Ger\u00e7ek\u00fcst\u00fcc\u00fcl\u00fc\u011fe, Soyut D\u0131\u015favurumculuktan Pop&#8217;a, Arazi Sanat\u0131&#8217;ndan Performans&#8217;a ve Kimlik Sanat\u0131&#8217;na 20. Y\u00fczy\u0131l Bat\u0131 Sanat\u0131, de\u011fi\u015fen d\u00fcnyada yeni konulara yeni ifade bi\u00e7imleri arayan sanat\u00e7\u0131lar\u0131n ard\u0131 arkas\u0131<span class=\"excerpt-hellip\"> [\u2026]<\/span><\/p>\n","protected":false},"featured_media":0,"template":"","meta":{"_monsterinsights_skip_tracking":false,"_monsterinsights_sitenote_active":false,"_monsterinsights_sitenote_note":"","_monsterinsights_sitenote_category":0},"product_brand":[],"product_cat":[12312,12304],"product_tag":[],"class_list":{"0":"post-693020","1":"product","2":"type-product","3":"status-publish","5":"product_cat-diger","6":"product_cat-tarih","7":"pa_cilt-ciltsiz","8":"pa_tur-kitap","9":"pa_yayinevi-sel-yayincilik","10":"pa_yazar-ahu-antmen","12":"first","13":"instock","14":"sale","15":"shipping-taxable","16":"purchasable","17":"product-type-simple"},"_links":{"self":[{"href":"https:\/\/roveyayinevi.com.tr\/index.php\/wp-json\/wp\/v2\/product\/693020","targetHints":{"allow":["GET"]}}],"collection":[{"href":"https:\/\/roveyayinevi.com.tr\/index.php\/wp-json\/wp\/v2\/product"}],"about":[{"href":"https:\/\/roveyayinevi.com.tr\/index.php\/wp-json\/wp\/v2\/types\/product"}],"wp:attachment":[{"href":"https:\/\/roveyayinevi.com.tr\/index.php\/wp-json\/wp\/v2\/media?parent=693020"}],"wp:term":[{"taxonomy":"product_brand","embeddable":true,"href":"https:\/\/roveyayinevi.com.tr\/index.php\/wp-json\/wp\/v2\/product_brand?post=693020"},{"taxonomy":"product_cat","embeddable":true,"href":"https:\/\/roveyayinevi.com.tr\/index.php\/wp-json\/wp\/v2\/product_cat?post=693020"},{"taxonomy":"product_tag","embeddable":true,"href":"https:\/\/roveyayinevi.com.tr\/index.php\/wp-json\/wp\/v2\/product_tag?post=693020"}],"curies":[{"name":"wp","href":"https:\/\/api.w.org\/{rel}","templated":true}]}}