{"id":693013,"date":"2025-08-27T14:10:07","date_gmt":"2025-08-27T11:10:07","guid":{"rendered":"https:\/\/roveyayinevi.com.tr\/index.php\/urun\/turkcenin-abcsi\/"},"modified":"2026-04-16T02:03:00","modified_gmt":"2026-04-15T23:03:00","slug":"turkcenin-abcsi","status":"publish","type":"product","link":"https:\/\/roveyayinevi.com.tr\/index.php\/urun\/turkcenin-abcsi\/","title":{"rendered":"T\u00fcrk\u00e7enin ABC\u2019si"},"content":{"rendered":"<p>Uzun y\u0131llardan beri T\u00fcrk\u00e7eyle ilgili \u00e7e\u015fitli \u00e7al\u0131\u015fmalar yapan Fuat Bozkurt taraf\u0131ndan haz\u0131rlanan T\u00fcrk\u00e7enin ABC\u2019si, geleneksel dilbilgisi y\u00f6ntemi esas al\u0131narak d\u00fczenlenmi\u015f; ses, yap\u0131 ve t\u00fcmcebilgisi s\u0131ras\u0131yla haz\u0131rlanm\u0131\u015ft\u0131r. <\/p>\n","protected":false},"excerpt":{"rendered":"<p>Uzun y\u0131llardan beri T\u00fcrk\u00e7eyle ilgili \u00e7e\u015fitli \u00e7al\u0131\u015fmalar yapan Fuat Bozkurt taraf\u0131ndan haz\u0131rlanan T\u00fcrk\u00e7enin ABC\u2019si, geleneksel dilbilgisi y\u00f6ntemi esas al\u0131narak d\u00fczenlenmi\u015f; ses, yap\u0131 ve t\u00fcmcebilgisi s\u0131ras\u0131yla haz\u0131rlanm\u0131\u015ft\u0131r.<\/p>\n","protected":false},"featured_media":0,"template":"","meta":{"_monsterinsights_skip_tracking":false,"_monsterinsights_sitenote_active":false,"_monsterinsights_sitenote_note":"","_monsterinsights_sitenote_category":0},"product_brand":[],"product_cat":[12312,12304],"product_tag":[],"class_list":{"0":"post-693013","1":"product","2":"type-product","3":"status-publish","5":"product_cat-diger","6":"product_cat-tarih","7":"pa_cilt-ciltsiz","8":"pa_tur-kitap","9":"pa_yayinevi-say-yayinlari","10":"pa_yazar-fuat-bozkurt","12":"first","13":"instock","14":"sale","15":"shipping-taxable","16":"purchasable","17":"product-type-simple"},"_links":{"self":[{"href":"https:\/\/roveyayinevi.com.tr\/index.php\/wp-json\/wp\/v2\/product\/693013","targetHints":{"allow":["GET"]}}],"collection":[{"href":"https:\/\/roveyayinevi.com.tr\/index.php\/wp-json\/wp\/v2\/product"}],"about":[{"href":"https:\/\/roveyayinevi.com.tr\/index.php\/wp-json\/wp\/v2\/types\/product"}],"wp:attachment":[{"href":"https:\/\/roveyayinevi.com.tr\/index.php\/wp-json\/wp\/v2\/media?parent=693013"}],"wp:term":[{"taxonomy":"product_brand","embeddable":true,"href":"https:\/\/roveyayinevi.com.tr\/index.php\/wp-json\/wp\/v2\/product_brand?post=693013"},{"taxonomy":"product_cat","embeddable":true,"href":"https:\/\/roveyayinevi.com.tr\/index.php\/wp-json\/wp\/v2\/product_cat?post=693013"},{"taxonomy":"product_tag","embeddable":true,"href":"https:\/\/roveyayinevi.com.tr\/index.php\/wp-json\/wp\/v2\/product_tag?post=693013"}],"curies":[{"name":"wp","href":"https:\/\/api.w.org\/{rel}","templated":true}]}}