{"id":693012,"date":"2025-08-27T14:10:07","date_gmt":"2025-08-27T11:10:07","guid":{"rendered":"https:\/\/roveyayinevi.com.tr\/index.php\/urun\/tan-kizilligi\/"},"modified":"2026-04-16T02:03:00","modified_gmt":"2026-04-15T23:03:00","slug":"tan-kizilligi","status":"publish","type":"product","link":"https:\/\/roveyayinevi.com.tr\/index.php\/urun\/tan-kizilligi\/","title":{"rendered":"Tan K\u0131z\u0131ll\u0131\u011f\u0131"},"content":{"rendered":"<p>Bu kitapta bir yeralt\u0131 insan\u0131n\u0131 i\u015f ba\u015f\u0131nda bulacaks\u0131n\u0131z, sondaj yapan, kazan, g\u00f6men birisini. Havas\u0131zl\u0131k ve karanl\u0131\u011f\u0131n yarataca\u011f\u0131 uzun s\u00fcreli her s\u0131k\u0131nt\u0131ya pek fazla ald\u0131r\u0131\u015f etmeden, onun ne kadar yava\u015f, dikkatli ve \u00f6d\u00fcn vermez bir inat\u00e7\u0131l\u0131kla ilerledi\u011fini g\u00f6receksiniz, elbette e\u011fer b\u00f6yle bir derinlik \u00e7al\u0131\u015fmas\u0131n\u0131 g\u00f6rebilecek g\u00f6zleriniz varsa; bu belirsiz i\u015finde bile onun mutlu oldu\u011funu s\u00f6yleyebilirsiniz. Sanki kendisine bir inan\u00e7 yol g\u00f6steriyor, bir teselli onu avutuyor gibi de\u011fil mi? Belki de kendi uzun karanl\u0131\u011f\u0131n\u0131 istiyor, kendi anla\u015f\u0131lmazl\u0131\u011f\u0131n\u0131, gizlili\u011fini, gizemlili\u011fini, \u00e7\u00fcnk\u00fc o ne elde edece\u011fini biliyor: kendi sabah\u0131n\u0131, kendi kurtulu\u015funu, kendi tan k\u0131z\u0131ll\u0131\u011f\u0131n\u0131?&#8230; Hi\u00e7 ku\u015fku yok, geri d\u00f6necektir: ona a\u015fa\u011f\u0131da ne i\u015fi oldu\u011funu sormay\u0131n, bu s\u00f6zde Trophonios ve yeralt\u0131 insan\u0131, yeniden insan olunca , size kendisi anlatacakt\u0131r. \u0130nsan onun gibi uzun s\u00fcre k\u00f6stebek olarak ya\u015fay\u0131p, yaln\u0131z kal\u0131nca, susma yetisini t\u00fcm\u00fcyle kaybeder. \ufffcTan\u0131t\u0131m Metni<\/p>\n","protected":false},"excerpt":{"rendered":"<p>Bu kitapta bir yeralt\u0131 insan\u0131n\u0131 i\u015f ba\u015f\u0131nda bulacaks\u0131n\u0131z, sondaj yapan, kazan, g\u00f6men birisini. Havas\u0131zl\u0131k ve karanl\u0131\u011f\u0131n yarataca\u011f\u0131 uzun s\u00fcreli her s\u0131k\u0131nt\u0131ya pek fazla ald\u0131r\u0131\u015f etmeden, onun<span class=\"excerpt-hellip\"> [\u2026]<\/span><\/p>\n","protected":false},"featured_media":0,"template":"","meta":{"_monsterinsights_skip_tracking":false,"_monsterinsights_sitenote_active":false,"_monsterinsights_sitenote_note":"","_monsterinsights_sitenote_category":0},"product_brand":[],"product_cat":[12312,12304],"product_tag":[],"class_list":{"0":"post-693012","1":"product","2":"type-product","3":"status-publish","5":"product_cat-diger","6":"product_cat-tarih","7":"pa_cilt-ciltsiz","8":"pa_tur-kitap","9":"pa_yayinevi-say-yayinlari","10":"pa_yazar-friedrich-wilhelm-nietzsche","12":"first","13":"instock","14":"sale","15":"shipping-taxable","16":"purchasable","17":"product-type-simple"},"_links":{"self":[{"href":"https:\/\/roveyayinevi.com.tr\/index.php\/wp-json\/wp\/v2\/product\/693012","targetHints":{"allow":["GET"]}}],"collection":[{"href":"https:\/\/roveyayinevi.com.tr\/index.php\/wp-json\/wp\/v2\/product"}],"about":[{"href":"https:\/\/roveyayinevi.com.tr\/index.php\/wp-json\/wp\/v2\/types\/product"}],"wp:attachment":[{"href":"https:\/\/roveyayinevi.com.tr\/index.php\/wp-json\/wp\/v2\/media?parent=693012"}],"wp:term":[{"taxonomy":"product_brand","embeddable":true,"href":"https:\/\/roveyayinevi.com.tr\/index.php\/wp-json\/wp\/v2\/product_brand?post=693012"},{"taxonomy":"product_cat","embeddable":true,"href":"https:\/\/roveyayinevi.com.tr\/index.php\/wp-json\/wp\/v2\/product_cat?post=693012"},{"taxonomy":"product_tag","embeddable":true,"href":"https:\/\/roveyayinevi.com.tr\/index.php\/wp-json\/wp\/v2\/product_tag?post=693012"}],"curies":[{"name":"wp","href":"https:\/\/api.w.org\/{rel}","templated":true}]}}