{"id":693007,"date":"2025-08-27T14:10:06","date_gmt":"2025-08-27T11:10:06","guid":{"rendered":"https:\/\/roveyayinevi.com.tr\/index.php\/urun\/mektuplar\/"},"modified":"2026-04-16T02:03:00","modified_gmt":"2026-04-15T23:03:00","slug":"mektuplar","status":"publish","type":"product","link":"https:\/\/roveyayinevi.com.tr\/index.php\/urun\/mektuplar\/","title":{"rendered":"Mektuplar"},"content":{"rendered":"<p>Platon, hi\u00e7 ku\u015fku yok ki d\u00fc\u015f\u00fcnce tarihinin en \u00f6nemli ve etkili filozoflar\u0131ndan biridir. Felsefenin kurumsalla\u015fmas\u0131na ve felsefede yaz\u0131l\u0131 gelene\u011fin olu\u015fmas\u0131na katk\u0131da bulunmu\u015f, iki d\u00fcnyal\u0131 metafizi\u011fiyle b\u00fct\u00fcn bir Orta\u00e7a\u011f d\u00fc\u015f\u00fcncesini belirleyecek olan idealist felsefe gelene\u011finin ba\u015flat\u0131c\u0131s\u0131 olmu\u015ftur. H\u0131ristiyan Orta\u00e7a\u011f felsefesine ve \u0130slam d\u00fc\u015f\u00fcncesine etkisi bak\u0131m\u0131ndan da ayr\u0131ca \u00f6nem ta\u015f\u0131yan Platon, d\u00fc\u015f\u00fcnce tarihi boyunca tart\u0131\u015f\u0131lan t\u00fcm problemleri y\u00fczlerce y\u0131l \u00f6ncesinden ele alm\u0131\u015f ve ilk b\u00fcy\u00fck felsefi sistemi in\u015fa etmi\u015ftir. Platon\u2019un B\u00fct\u00fcn Yap\u0131tlar\u0131\u2019n\u0131n ilk kitab\u0131 olan ve filozofun Sicilya\u2019da ge\u00e7irdi\u011fi g\u00fcnleri konu alan Mektuplar, Platon felsefesinin yans\u0131t\u0131lmas\u0131 ve Diyaloglar\u2019da ileri s\u00fcr\u00fclen g\u00f6r\u00fc\u015flerin savunulmas\u0131 a\u00e7\u0131s\u0131ndan e\u015fsiz bir \u00f6neme sahiptir. Mektuplar, filozofun di\u011fer eserlerinde neredeyse hi\u00e7 s\u00f6z etmedi\u011fi hayat\u0131n\u0131n en az\u0131ndan bir b\u00f6l\u00fcm\u00fcne \u0131\u015f\u0131k tutmas\u0131, politik faaliyetleriyle ilgili bilgiler i\u00e7ermesi nedeniyle de okunmaya de\u011ferdir. Mektuplar Eski Yunancadan \u00e7evirisiyle dilimizde ilk kez yay\u0131mlan\u0131yor.<\/p>\n","protected":false},"excerpt":{"rendered":"<p>Platon, hi\u00e7 ku\u015fku yok ki d\u00fc\u015f\u00fcnce tarihinin en \u00f6nemli ve etkili filozoflar\u0131ndan biridir. Felsefenin kurumsalla\u015fmas\u0131na ve felsefede yaz\u0131l\u0131 gelene\u011fin olu\u015fmas\u0131na katk\u0131da bulunmu\u015f, iki d\u00fcnyal\u0131 metafizi\u011fiyle b\u00fct\u00fcn<span class=\"excerpt-hellip\"> [\u2026]<\/span><\/p>\n","protected":false},"featured_media":0,"template":"","meta":{"_monsterinsights_skip_tracking":false,"_monsterinsights_sitenote_active":false,"_monsterinsights_sitenote_note":"","_monsterinsights_sitenote_category":0},"product_brand":[],"product_cat":[12388,14717],"product_tag":[],"class_list":{"0":"post-693007","1":"product","2":"type-product","3":"status-publish","5":"product_cat-felsefe","6":"product_cat-felsefe-tarihi","7":"pa_cilt-ciltsiz","8":"pa_tur-kitap","9":"pa_yayinevi-say-yayinlari","10":"pa_yazar-platon-eflatun","12":"first","13":"instock","14":"sale","15":"shipping-taxable","16":"purchasable","17":"product-type-simple"},"_links":{"self":[{"href":"https:\/\/roveyayinevi.com.tr\/index.php\/wp-json\/wp\/v2\/product\/693007","targetHints":{"allow":["GET"]}}],"collection":[{"href":"https:\/\/roveyayinevi.com.tr\/index.php\/wp-json\/wp\/v2\/product"}],"about":[{"href":"https:\/\/roveyayinevi.com.tr\/index.php\/wp-json\/wp\/v2\/types\/product"}],"wp:attachment":[{"href":"https:\/\/roveyayinevi.com.tr\/index.php\/wp-json\/wp\/v2\/media?parent=693007"}],"wp:term":[{"taxonomy":"product_brand","embeddable":true,"href":"https:\/\/roveyayinevi.com.tr\/index.php\/wp-json\/wp\/v2\/product_brand?post=693007"},{"taxonomy":"product_cat","embeddable":true,"href":"https:\/\/roveyayinevi.com.tr\/index.php\/wp-json\/wp\/v2\/product_cat?post=693007"},{"taxonomy":"product_tag","embeddable":true,"href":"https:\/\/roveyayinevi.com.tr\/index.php\/wp-json\/wp\/v2\/product_tag?post=693007"}],"curies":[{"name":"wp","href":"https:\/\/api.w.org\/{rel}","templated":true}]}}