{"id":693002,"date":"2025-08-27T14:10:05","date_gmt":"2025-08-27T11:10:05","guid":{"rendered":"https:\/\/roveyayinevi.com.tr\/index.php\/urun\/tarihte-anlam\/"},"modified":"2026-04-16T02:03:00","modified_gmt":"2026-04-15T23:03:00","slug":"tarihte-anlam","status":"publish","type":"product","link":"https:\/\/roveyayinevi.com.tr\/index.php\/urun\/tarihte-anlam\/","title":{"rendered":"Tarihte Anlam"},"content":{"rendered":"<p>On sekizinci y\u00fczy\u0131lda akla ve ilerlemeye olan inanc\u0131n tedrici \u00e7\u00f6z\u00fclmesiyle, tarih felsefesi hemen hemen evsiz kalm\u0131\u015ft\u0131r. Terim, \u00f6nceden kullan\u0131ld\u0131\u011f\u0131ndan daha yayg\u0131n bir bi\u00e7imde h\u00e2l\u00e2 kullan\u0131l\u0131yor, ama i\u00e7eri\u011fi \u00f6yle seyreltilmi\u015ftir ki tarihle alakal\u0131 herhangi bir d\u00fc\u015f\u00fcnce kendisini bir felsefe olarak adland\u0131rabilir.  Felsefe  etiketi, ki bug\u00fcnlerde \u00e7ok ucuz bir kullan\u0131ma sahiptir (ya\u015fam  felsefesi , i\u015f  felsefesi , ve hatta kamp  felsefesi ); spesifik bir felsefeye de\u011fil de, sadece kamusal ve \u00f6zel fikirlere i\u015faret eder. Bu tart\u0131\u015fmada  tarih felsefesi  kavram\u0131, tarih\u00ee olaylar\u0131n ve intikallerin birle\u015ftirildi\u011fi ve nihai bir anlama y\u00f6neltildi\u011fi bir ilkeyle uyumlu olarak evrensel tarihin sistematik bir yorumunu yapmak i\u00e7in kullan\u0131lm\u0131\u015ft\u0131r. -Karl L\u00f6with Heidegger\u2019in \u00f6\u011frencilerinden biri olan Alman filozof Karl L\u00f6with, en \u00f6nemli eserleri aras\u0131nda yer alan Tarihte Anlam adl\u0131 kitab\u0131nda teoloji ve tarih aras\u0131ndaki problematik ili\u015fkiyi ele al\u0131yor. L\u00f6with bu ili\u015fkiyi irdelerken ortaya koydu\u011fu tarih yorumunu al\u0131\u015f\u0131lagelmi\u015fin aksine modern zamanlardan ba\u015flay\u0131p, ba\u015flang\u0131ca geri d\u00f6nerek yap\u0131yor. Burckhardt, Marx, Hegel, Kierkegaard, Voltaire, Vico, Bossuet, Joachim, Augustine ve Orosius gibi \u00f6nemli Bat\u0131 d\u00fc\u015f\u00fcn\u00fcr ve tarih\u00e7ilerinin g\u00f6r\u00fc\u015fleriyle \u00f6r\u00fclen Tarihte Anlam, L\u00f6with\u2019in, tarihsel d\u00fc\u015f\u00fcncenin 18. y\u00fczy\u0131lda ba\u015flad\u0131\u011f\u0131 yayg\u0131n g\u00f6r\u00fc\u015f\u00fcn\u00fcn aksine tarih felsefesinin bir taslak olarak Hristiyanl\u0131k ve Yahudilik inanc\u0131yla ba\u015flad\u0131\u011f\u0131 ve eskatolojik modelin sek\u00fclerle\u015ftirilmesiyle son buldu\u011fu g\u00f6r\u00fc\u015f\u00fcne dayan\u0131yor. <\/p>\n","protected":false},"excerpt":{"rendered":"<p>On sekizinci y\u00fczy\u0131lda akla ve ilerlemeye olan inanc\u0131n tedrici \u00e7\u00f6z\u00fclmesiyle, tarih felsefesi hemen hemen evsiz kalm\u0131\u015ft\u0131r. Terim, \u00f6nceden kullan\u0131ld\u0131\u011f\u0131ndan daha yayg\u0131n bir bi\u00e7imde h\u00e2l\u00e2 kullan\u0131l\u0131yor, ama<span class=\"excerpt-hellip\"> [\u2026]<\/span><\/p>\n","protected":false},"featured_media":0,"template":"","meta":{"_monsterinsights_skip_tracking":false,"_monsterinsights_sitenote_active":false,"_monsterinsights_sitenote_note":"","_monsterinsights_sitenote_category":0},"product_brand":[],"product_cat":[12304,14138],"product_tag":[],"class_list":{"0":"post-693002","1":"product","2":"type-product","3":"status-publish","5":"product_cat-tarih","6":"product_cat-tarih-felsefesi","7":"pa_cilt-ciltsiz","8":"pa_tur-kitap","9":"pa_yayinevi-say-yayinlari","10":"pa_yazar-karl-lowith","12":"first","13":"instock","14":"sale","15":"shipping-taxable","16":"purchasable","17":"product-type-simple"},"_links":{"self":[{"href":"https:\/\/roveyayinevi.com.tr\/index.php\/wp-json\/wp\/v2\/product\/693002","targetHints":{"allow":["GET"]}}],"collection":[{"href":"https:\/\/roveyayinevi.com.tr\/index.php\/wp-json\/wp\/v2\/product"}],"about":[{"href":"https:\/\/roveyayinevi.com.tr\/index.php\/wp-json\/wp\/v2\/types\/product"}],"wp:attachment":[{"href":"https:\/\/roveyayinevi.com.tr\/index.php\/wp-json\/wp\/v2\/media?parent=693002"}],"wp:term":[{"taxonomy":"product_brand","embeddable":true,"href":"https:\/\/roveyayinevi.com.tr\/index.php\/wp-json\/wp\/v2\/product_brand?post=693002"},{"taxonomy":"product_cat","embeddable":true,"href":"https:\/\/roveyayinevi.com.tr\/index.php\/wp-json\/wp\/v2\/product_cat?post=693002"},{"taxonomy":"product_tag","embeddable":true,"href":"https:\/\/roveyayinevi.com.tr\/index.php\/wp-json\/wp\/v2\/product_tag?post=693002"}],"curies":[{"name":"wp","href":"https:\/\/api.w.org\/{rel}","templated":true}]}}